{"id":8554,"date":"2022-01-25T13:53:37","date_gmt":"2022-01-25T12:53:37","guid":{"rendered":"https:\/\/bbaa.umh.es\/?page_id=8554"},"modified":"2025-11-05T17:09:26","modified_gmt":"2025-11-05T16:09:26","slug":"calidad","status":"publish","type":"page","link":"https:\/\/bbaa.umh.es\/en\/calidad\/","title":{"rendered":"Quality"},"content":{"rendered":"<p><strong>Altea Campus &#8211; Members of the Quality Committee<\/strong><\/p>\n<ul>\n<li><strong>Dean:<\/strong> Jos\u00e9 Vicente Mart\u00edn Mart\u00ednez &#8211; <a href=\"mailto:decano.bbaa@umh.es\">mail<\/a> &#8211; <a href=\"https:\/\/www.umh.es\/contenido\/Estudiantes\/:persona_108384\/datos_es.html\">web<\/a> &#8211; Ext. 9123<\/li>\n<li><strong>Vice-dean:<\/strong> Iv\u00e1n Albalate Gauch\u00eda &#8211; <a href=\"mailto:ialbalate@umh.es\">mail <\/a>&#8211; <a href=\"https:\/\/www.umh.es\/contenido\/Universidad\/:persona_124363\/datos_es.html?marcaTxtBusc=ivan%20albalate\">web<\/a> &#8211; Ext. 9116<\/li>\n<li><strong>Faculty secretary :<\/strong> Jos\u00e9 Luis Maravall Llagaria &#8211; <a href=\"mailto:jlmaravall@umh.es\">mail<\/a> &#8211; <a href=\"https:\/\/www.umh.es\/contenido\/Estudiantes\/:persona_124362\/datos_es.html\">web<\/a> &#8211; Ext. 9116<\/li>\n<li><strong>Areas of Knowledge :<\/strong>\n<ul>\n<li>DRAWING: Carmen Garc\u00eda Muriana &#8211; <a href=\"mailto:carmen.garciam@umh.es\">mail<\/a> &#8211; <a href=\"https:\/\/www.umh.es\/contenido\/Estudiantes\/:persona_139278\/datos_es.html\">web<\/a> &#8211;&nbsp;Ext. 56769<\/li>\n<li>SCULPTURE: Juan Francisco Mart\u00ednez G\u00f3mez De Albacete &#8211; <a href=\"mailto:juan.martinezg@umh.es\">mail<\/a> &#8211; <a href=\"https:\/\/www.umh.es\/contenido\/Estudiantes\/:persona_122707\/datos_es.html?marcaTxtBusc=albacete\">web<\/a> &#8211; Ext 9147<\/li>\n<li>PAINTING: Jos\u00e9 Luis Maravall Llagaria &#8211; <a href=\"mailto:jlmaravall@umh.es\">mail<\/a> &#8211; <a href=\"https:\/\/www.umh.es\/contenido\/Estudiantes\/:persona_124362\/datos_es.html\">web<\/a> &#8211; Ext. 9116<\/li>\n<li>AESTETICS &amp; ART THEORY: Mario Paul Mart\u00ednez Fabre &#8211; <a href=\"mailto:mario.martinez@umh.es\">mail<\/a> &#8211; <a href=\"https:\/\/www.umh.es\/contenido\/Universidad\/:persona_127373\/datos_es.html?marcaTxtBusc=fabre\">web<\/a> &#8211;&nbsp;Ext. 8728<\/li>\n<li>AUDIOVISUAL COMMUNICATION AND ADVERTISING: Francisco Juli\u00e1n Mart\u00ednez Cano &#8211; <a href=\"mailto:francisco.martinezc@umh.es\">mail<\/a> &#8211; <a href=\"https:\/\/www.umh.es\/contenido\/Estudiantes\/:persona_111941\/datos_es.html?marcaTxtBusc=martinez%20cano\">web<\/a> &#8211; Ext. 2102<\/li>\n<li>HISTORY OF ART: Kosme M\u00aa de Bara\u00f1ano Letamendia &#8211; <a href=\"mailto:cbaranano@umh.es\">mail<\/a> &#8211; <a href=\"https:\/\/www.umh.es\/contenido\/Universidad\/:persona_127314\/datos_es.html?marcaTxtBusc=bara%C3%B1ano\">web<\/a> &#8211;&nbsp;Ex. <span class=\"semantic\">9115<\/span><\/li>\n<\/ul>\n<\/li>\n<li style=\"font-weight: 400\"><strong>Master Studies Directors:<\/strong>\n<ul>\n<li><a href=\"http:\/\/mueca.edu.umh.es\/\">MUECA:<\/a> Tatiana Sentamans G\u00f3mez &#8211; <a href=\"mailto:tsentamans@umh.es\">mail<\/a> &#8211; <a href=\"https:\/\/www.umh.es\/contenido\/Universidad\/:persona_136514\/datos_es.html\">web<\/a> &#8211;&nbsp;Ext. 9128<\/li>\n<li style=\"font-weight: 400\"><a href=\"http:\/\/masterbellasartes.edu.umh.es\/\">MUPIA:<\/a> Jos\u00e9 Vicente Mart\u00edn Mart\u00ednez &#8211;&nbsp;<a href=\"mailto:decano.bbaa@umh.es\">mail<\/a> &#8211; <a href=\"https:\/\/www.umh.es\/contenido\/Estudiantes\/:persona_108384\/datos_es.html\">web<\/a> &#8211; Ext. 9123<\/li>\n<\/ul>\n<\/li>\n<li style=\"font-weight: 400\"><strong>Student delegates:<\/strong> Bego\u00f1a Lorente Sanz &#8211; <a href=\"mailto:dec.bellasartes.delegacion@goumh.umh.es\">mail<\/a> &#8211; <a href=\"https:\/\/www.umh.es\/contenido\/Estudiantes\/:cargo_406_89\/datos_es.html?marcaTxtBusc=bego%C3%B1a%20lorente\">web<\/a><\/li>\n<li><strong>Administration and Services Personnel:<\/strong> Leandro Medina Mar\u00eda &#8211; <a href=\"mailto:l.medina@umh.es\">mail<\/a> &#8211; <a href=\"https:\/\/www.umh.es\/contenido\/Estudiantes\/:persona_14447\/datos_es.html?marcaTxtBusc=leandro%20medina\">web<\/a> &#8211; Ext. 9123<\/li>\n<\/ul>\n<p><\/p>","protected":false},"excerpt":{"rendered":"<p>Altea Campus &#8211; Members of the Quality Committee<\/p>\n<p>Dean: Jos\u00e9 Vicente Mart\u00edn Mart\u00ednez &#8211; mail &#8211; web &#8211; Ext. 9123<br \/>\nVice-dean: Iv\u00e1n Albalate Gauch\u00eda &#8211; mail &#8211; web &#8211; Ext. 9116<br \/>\nFaculty secretary : Jos\u00e9 Luis Maravall Llagaria &#8211; mail &#8211; web &#8211; Ext. 9116<br \/>\nAreas of Knowledge :<\/p>\n<p>DRAWING: Carmen Garc\u00eda Muriana &#8211; mail &#8211; web &#8211;&nbsp;Ext. 56769<br \/>\nSCULPTURE: Juan [&#8230;]<\/p>\n","protected":false},"author":1085,"featured_media":0,"parent":0,"menu_order":99,"comment_status":"closed","ping_status":"closed","template":"","meta":{"ngg_post_thumbnail":0,"_links_to":"","_links_to_target":""},"_links":{"self":[{"href":"https:\/\/bbaa.umh.es\/en\/wp-json\/wp\/v2\/pages\/8554"}],"collection":[{"href":"https:\/\/bbaa.umh.es\/en\/wp-json\/wp\/v2\/pages"}],"about":[{"href":"https:\/\/bbaa.umh.es\/en\/wp-json\/wp\/v2\/types\/page"}],"author":[{"embeddable":true,"href":"https:\/\/bbaa.umh.es\/en\/wp-json\/wp\/v2\/users\/1085"}],"replies":[{"embeddable":true,"href":"https:\/\/bbaa.umh.es\/en\/wp-json\/wp\/v2\/comments?post=8554"}],"version-history":[{"count":0,"href":"https:\/\/bbaa.umh.es\/en\/wp-json\/wp\/v2\/pages\/8554\/revisions"}],"wp:attachment":[{"href":"https:\/\/bbaa.umh.es\/en\/wp-json\/wp\/v2\/media?parent=8554"}],"curies":[{"name":"wp","href":"https:\/\/api.w.org\/{rel}","templated":true}]}}