{"id":9071,"date":"2022-09-12T12:02:00","date_gmt":"2022-09-12T10:02:00","guid":{"rendered":"https:\/\/bbaa.umh.es\/?page_id=9071"},"modified":"2026-02-19T10:53:32","modified_gmt":"2026-02-19T09:53:32","slug":"accesibilidad","status":"publish","type":"page","link":"https:\/\/bbaa.umh.es\/ca\/accesibilidad\/","title":{"rendered":"Accessibilitat"},"content":{"rendered":"<p><\/p>\n<h3><span dir=\"auto\" style=\"vertical-align: inherit\"><span dir=\"auto\" style=\"vertical-align: inherit\">Declaraci\u00f3 d&#8217;accessibilitat<\/span><\/span><\/h3>\n<p><span dir=\"auto\" style=\"vertical-align: inherit\"><span dir=\"auto\" style=\"vertical-align: inherit\">La Facultat de Belles Arts s&#8217;ha comprom\u00e8s a fer accessible el vostre lloc web de conformitat amb el <\/span><\/span><a href=\"http:\/\/www.boe.es\/diario_boe\/txt.php?id=BOE-A-2018-12699\"><span dir=\"auto\" style=\"vertical-align: inherit\"><span dir=\"auto\" style=\"vertical-align: inherit\">Reial Decret 1112\/2018, de 7 de setembre, sobre accessibilitat dels llocs web i aplicacions per a dispositius m\u00f2bils del sector p\u00fablic (obriu en nova finestra)<\/span><\/span><\/a><span dir=\"auto\" style=\"vertical-align: inherit\"><span dir=\"auto\" style=\"vertical-align: inherit\"> .<\/span><\/span><\/p>\n<p><span dir=\"auto\" style=\"vertical-align: inherit\"><span dir=\"auto\" style=\"vertical-align: inherit\">Aquesta declaraci\u00f3 d&#8217;accessibilitat s&#8217;aplica al web www.bbaa.umh.es<\/span><\/span><\/p>\n<h4><span dir=\"auto\" style=\"vertical-align: inherit\"><span dir=\"auto\" style=\"vertical-align: inherit\">Situaci\u00f3 de compliment<\/span><\/span><\/h4>\n<p><span dir=\"auto\" style=\"vertical-align: inherit\"><span dir=\"auto\" style=\"vertical-align: inherit\">Aquest lloc web \u00e9s <\/span><\/span><strong><span dir=\"auto\" style=\"vertical-align: inherit\"><span dir=\"auto\" style=\"vertical-align: inherit\">parcialment conforme<\/span><\/span><\/strong><span dir=\"auto\" style=\"vertical-align: inherit\"><span dir=\"auto\" style=\"vertical-align: inherit\"> amb el RD 1112\/2018 a causa de les excepcions i la manca de conformitat dels aspectes que s&#8217;indiquen a continuaci\u00f3.<\/span><\/span><\/p>\n<h4><span dir=\"auto\" style=\"vertical-align: inherit\"><span dir=\"auto\" style=\"vertical-align: inherit\">Contingut no accessible<\/span><\/span><\/h4>\n<p><span dir=\"auto\" style=\"vertical-align: inherit\"><span dir=\"auto\" style=\"vertical-align: inherit\">El contingut que es recull a continuaci\u00f3 no \u00e9s accessible pel seg\u00fcent:<\/span><\/span><\/p>\n<ol type=\"a\">\n<li><strong><span dir=\"auto\" style=\"vertical-align: inherit\"><span dir=\"auto\" style=\"vertical-align: inherit\">Manca de conformitat amb el RD 1112\/2018<\/span><\/span><\/strong>\n<ul>\n<li><span dir=\"auto\" style=\"vertical-align: inherit\"><span dir=\"auto\" style=\"vertical-align: inherit\">Podrien haver-hi errors puntuals d&#8217;edici\u00f3 en alguna p\u00e0gina web.<\/span><\/span><\/li>\n<li><span dir=\"auto\" style=\"vertical-align: inherit\"><span dir=\"auto\" style=\"vertical-align: inherit\">Al portal hi ha continguts enlla\u00e7ats en forma de mitjans tempodependents que no disposen de subt\u00edtols [requisit n\u00famero 9.1.2.2 Subt\u00edtols (gravats) d&#8217;UNE-EN 301549:2019] ni audiodescripcions [requisits 9.1.2.3 Audiodescripci\u00f3 o Mitj\u00e0 Alternatiu (gravat). UNE-EN 301549:2019].<\/span><\/span><\/li>\n<\/ul>\n<\/li>\n<li><strong><span dir=\"auto\" style=\"vertical-align: inherit\"><span dir=\"auto\" style=\"vertical-align: inherit\">C\u00e0rrega desproporcionada<\/span><\/span><\/strong>\n<ul>\n<li><span dir=\"auto\" style=\"vertical-align: inherit\"><span dir=\"auto\" style=\"vertical-align: inherit\">No s&#8217;aplica.<\/span><\/span><\/li>\n<\/ul>\n<\/li>\n<li><span dir=\"auto\" style=\"vertical-align: inherit\"><span dir=\"auto\" style=\"vertical-align: inherit\">El contingut <\/span><\/span><strong><span dir=\"auto\" style=\"vertical-align: inherit\"><span dir=\"auto\" style=\"vertical-align: inherit\">no entra dins de l&#8217;\u00e0mbit de la legislaci\u00f3<\/span><\/span><\/strong><span dir=\"auto\" style=\"vertical-align: inherit\"><span dir=\"auto\" style=\"vertical-align: inherit\"> aplicable<\/span><\/span>\n<ul>\n<li><span dir=\"auto\" style=\"vertical-align: inherit\"><span dir=\"auto\" style=\"vertical-align: inherit\">Podrien existir fitxers ofim\u00e0tics en PDF o altres formats publicats abans del 20 de setembre de 2018 que no compleixin \u00edntegrament tots els requisits d&#8217;accessibilitat. Tot i que s&#8217;ha procurat que la majoria s\u00ed que ho compleixin.<\/span><\/span><\/li>\n<\/ul>\n<\/li>\n<\/ol>\n<h4><span dir=\"auto\" style=\"vertical-align: inherit\"><span dir=\"auto\" style=\"vertical-align: inherit\">Preparaci\u00f3 d&#8217;aquesta declaraci\u00f3 d&#8217;accessibilitat<\/span><\/span><\/h4>\n<p><span dir=\"auto\" style=\"vertical-align: inherit\"><span dir=\"auto\" style=\"vertical-align: inherit\">Aquesta declaraci\u00f3 va ser preparada el 12\/09\/2022.<\/span><\/span><\/p>\n<p><span dir=\"auto\" style=\"vertical-align: inherit\"><span dir=\"auto\" style=\"vertical-align: inherit\">El m\u00e8tode emprat per preparar la declaraci\u00f3 ha estat una autoavaluaci\u00f3 duta a terme pel mateix organisme.<\/span><\/span><\/p>\n<p><span dir=\"auto\" style=\"vertical-align: inherit\"><span dir=\"auto\" style=\"vertical-align: inherit\">\u00daltima revisi\u00f3 de la declaraci\u00f3: 12\/09\/2022.<\/span><\/span><\/p>\n<h4><span dir=\"auto\" style=\"vertical-align: inherit\"><span dir=\"auto\" style=\"vertical-align: inherit\">Observacions i dades de contacte<\/span><\/span><\/h4>\n<p><span dir=\"auto\" style=\"vertical-align: inherit\"><span dir=\"auto\" style=\"vertical-align: inherit\">Podeu realitzar <\/span><\/span><strong><span dir=\"auto\" style=\"vertical-align: inherit\"><span dir=\"auto\" style=\"vertical-align: inherit\">comunicacions<\/span><\/span><\/strong><span dir=\"auto\" style=\"vertical-align: inherit\"><span dir=\"auto\" style=\"vertical-align: inherit\"> sobre requisits d&#8217;accessibilitat (article 10.2.a) del RD 1112\/2018) com per exemple:<\/span><\/span><\/p>\n<ul>\n<li><span dir=\"auto\" style=\"vertical-align: inherit\"><span dir=\"auto\" style=\"vertical-align: inherit\">informar sobre qualsevol possible <\/span><\/span><strong><span dir=\"auto\" style=\"vertical-align: inherit\"><span dir=\"auto\" style=\"vertical-align: inherit\">incompliment<\/span><\/span><\/strong><span dir=\"auto\" style=\"vertical-align: inherit\"><span dir=\"auto\" style=\"vertical-align: inherit\"> per part daquest lloc web.<\/span><\/span><\/li>\n<li><span dir=\"auto\" style=\"vertical-align: inherit\"><span dir=\"auto\" style=\"vertical-align: inherit\">transmetre altres <\/span><\/span><strong><span dir=\"auto\" style=\"vertical-align: inherit\"><span dir=\"auto\" style=\"vertical-align: inherit\">dificultats dacc\u00e9s<\/span><\/span><\/strong><span dir=\"auto\" style=\"vertical-align: inherit\"><span dir=\"auto\" style=\"vertical-align: inherit\"> al contingut.<\/span><\/span><\/li>\n<li><span dir=\"auto\" style=\"vertical-align: inherit\"><span dir=\"auto\" style=\"vertical-align: inherit\">formular qualsevol altra <\/span><\/span><strong><span dir=\"auto\" style=\"vertical-align: inherit\"><span dir=\"auto\" style=\"vertical-align: inherit\">consulta o suggeriment de millora<\/span><\/span><\/strong><span dir=\"auto\" style=\"vertical-align: inherit\"><span dir=\"auto\" style=\"vertical-align: inherit\"> relativa a laccessibilitat del lloc web.<\/span><\/span><\/li>\n<\/ul>\n<p><span dir=\"auto\" style=\"vertical-align: inherit\"><span dir=\"auto\" style=\"vertical-align: inherit\">A trav\u00e9s de l&#8217;adre\u00e7a de correu electr\u00f2nic <\/span><\/span><a href=\"mailto:accesibilidadweb@umh.es\"><span dir=\"auto\" style=\"vertical-align: inherit\"><span dir=\"auto\" style=\"vertical-align: inherit\">accessibilitatweb@umh.es<\/span><\/span><\/a><span dir=\"auto\" style=\"vertical-align: inherit\"><span dir=\"auto\" style=\"vertical-align: inherit\"> o trucant al tel\u00e8fon 96 665 8956.<\/span><\/span><\/p>\n<p><span dir=\"auto\" style=\"vertical-align: inherit\"><span dir=\"auto\" style=\"vertical-align: inherit\">Les comunicacions seran rebudes i tractades pel <\/span><\/span><strong><span dir=\"auto\" style=\"vertical-align: inherit\"><span dir=\"auto\" style=\"vertical-align: inherit\">Servei d&#8217;Innovaci\u00f3 i Planificaci\u00f3 Tecnol\u00f2gica<\/span><\/span><\/strong><span dir=\"auto\" style=\"vertical-align: inherit\"><span dir=\"auto\" style=\"vertical-align: inherit\"> , com a Unitat Responsable d&#8217;Accessibilitat de la Universitat Miguel Hern\u00e1ndez d&#8217;Elx.<\/span><\/span><\/p>\n<h4><span dir=\"auto\" style=\"vertical-align: inherit\"><span dir=\"auto\" style=\"vertical-align: inherit\">Procediment d&#8217;aplicaci\u00f3<\/span><\/span><\/h4>\n<p><span dir=\"auto\" style=\"vertical-align: inherit\"><span dir=\"auto\" style=\"vertical-align: inherit\">El procediment de reclamaci\u00f3 recollit a l&#8217;article 13 del RD 1112\/2018 va entrar en vigor el 20 de setembre del 2020.<\/span><\/span><\/p>\n<p><span dir=\"auto\" style=\"vertical-align: inherit\"><span dir=\"auto\" style=\"vertical-align: inherit\">Les sol\u00b7licituds dinformaci\u00f3 accessible i queixes seran presentades i registrades dacord amb els requisits establerts a la Llei 39\/2015, de 1 doctubre, del Procediment Administratiu Com\u00fa de les Administracions P\u00fabliques. Aquest tr\u00e0mit podr\u00e0 realitzar-se mitjan\u00e7ant <\/span><\/span><a href=\"https:\/\/sede.umh.es\/procedimientos\/instancia-general\/\"><span dir=\"auto\" style=\"vertical-align: inherit\"><span dir=\"auto\" style=\"vertical-align: inherit\">inst\u00e0ncia general presentada a trav\u00e9s de la Seu electr\u00f2nica de la UMH (obriu en nova finestra)<\/span><\/span><\/a><span dir=\"auto\" style=\"vertical-align: inherit\"><span dir=\"auto\" style=\"vertical-align: inherit\"> o de forma presencial al Registre General de la Universitat i als registres auxiliars d&#8217;aquest ubicats als centres de gesti\u00f3 de campus.<\/span><\/span><\/p>\n<p><span dir=\"auto\" style=\"vertical-align: inherit\"><span dir=\"auto\" style=\"vertical-align: inherit\">Procediment de reclamaci\u00f3. Si una vegada realitzada una sol\u00b7licitud d&#8217;informaci\u00f3 accessible o queixa, aquesta hagu\u00e9s estat desestimada, no s&#8217;estigu\u00e9s d&#8217;acord amb la decisi\u00f3 adoptada, o la resposta no compl\u00eds els requisits contemplats a l&#8217;article 12.5 del RD 1112\/2018, la persona interessada podr\u00e0 iniciar una reclamaci\u00f3 per con\u00e8ixer i oposar-se als motius de la desestimaci\u00f3, instar amb la decisi\u00f3 adoptada, o exposar les raons per les quals es considera que la resposta no compleix els requisits exigits.<\/span><\/span><\/p>\n<p><span dir=\"auto\" style=\"vertical-align: inherit\"><span dir=\"auto\" style=\"vertical-align: inherit\">Igualment es podr\u00e0 iniciar una reclamaci\u00f3 en el cas que hagi transcorregut el termini de vint dies h\u00e0bils sense haver obtingut resposta, que haur\u00e0 de ser presentada i registrada d&#8217;acord amb els requisits establerts a la Llei 39\/2015, d&#8217;1 d&#8217;octubre.<\/span><\/span><\/p>\n<h4><span dir=\"auto\" style=\"vertical-align: inherit\"><span dir=\"auto\" style=\"vertical-align: inherit\">Contingut opcional<\/span><\/span><\/h4>\n<p><span dir=\"auto\" style=\"vertical-align: inherit\"><span dir=\"auto\" style=\"vertical-align: inherit\">Aquest lloc web aplica els requisits de la <\/span><\/span><a href=\"https:\/\/administracionelectronica.gob.es\/PAe\/accesibilidad\/une-en-301549-2019.pdf\"><span dir=\"auto\" style=\"vertical-align: inherit\"><span dir=\"auto\" style=\"vertical-align: inherit\">Norma UNE-EN 301549:2019<\/span><\/span><\/a><span dir=\"auto\" style=\"vertical-align: inherit\"><span dir=\"auto\" style=\"vertical-align: inherit\"> considerant les excepcions del RD 1112\/2018.<\/span><\/span><\/p>\n<p><span dir=\"auto\" style=\"vertical-align: inherit\"><span dir=\"auto\" style=\"vertical-align: inherit\">La darrera revisi\u00f3 de l&#8217;accessibilitat s&#8217;ha fet el 20\/04\/2022.<\/span><\/span><\/p>","protected":false},"excerpt":{"rendered":"<p>Declaraci\u00f3 d&#8217;accessibilitat<br \/>\nLa Facultat de Belles Arts s&#8217;ha comprom\u00e8s a fer accessible el vostre lloc web de conformitat amb el Reial Decret 1112\/2018, de 7 de setembre, sobre accessibilitat dels llocs web i aplicacions per a dispositius m\u00f2bils del sector p\u00fablic (obriu en nova finestra) .<br \/>\nAquesta declaraci\u00f3 d&#8217;accessibilitat s&#8217;aplica al web www.bbaa.umh.es<br \/>\nSituaci\u00f3 de compliment<br \/>\nAquest lloc web [&#8230;]<\/p>\n","protected":false},"author":767,"featured_media":0,"parent":0,"menu_order":0,"comment_status":"closed","ping_status":"closed","template":"","meta":{"ngg_post_thumbnail":0,"_links_to":"","_links_to_target":""},"_links":{"self":[{"href":"https:\/\/bbaa.umh.es\/ca\/wp-json\/wp\/v2\/pages\/9071"}],"collection":[{"href":"https:\/\/bbaa.umh.es\/ca\/wp-json\/wp\/v2\/pages"}],"about":[{"href":"https:\/\/bbaa.umh.es\/ca\/wp-json\/wp\/v2\/types\/page"}],"author":[{"embeddable":true,"href":"https:\/\/bbaa.umh.es\/ca\/wp-json\/wp\/v2\/users\/767"}],"replies":[{"embeddable":true,"href":"https:\/\/bbaa.umh.es\/ca\/wp-json\/wp\/v2\/comments?post=9071"}],"version-history":[{"count":0,"href":"https:\/\/bbaa.umh.es\/ca\/wp-json\/wp\/v2\/pages\/9071\/revisions"}],"wp:attachment":[{"href":"https:\/\/bbaa.umh.es\/ca\/wp-json\/wp\/v2\/media?parent=9071"}],"curies":[{"name":"wp","href":"https:\/\/api.w.org\/{rel}","templated":true}]}}