{"id":85,"date":"2011-10-27T15:36:05","date_gmt":"2011-10-27T13:36:05","guid":{"rendered":"http:\/\/bbaa.umh.es\/recursos-del-estudiante\/prevencion-y-riesgos-laborales\/"},"modified":"2026-02-18T09:30:04","modified_gmt":"2026-02-18T08:30:04","slug":"prevencion-y-riesgos-laborales","status":"publish","type":"page","link":"https:\/\/bbaa.umh.es\/ca\/presentacion\/solicitudes-y-normativas\/prevencion-y-riesgos-laborales\/","title":{"rendered":"Prevenci\u00f3 i Seguretat"},"content":{"rendered":"<p><\/p>\n<h3><span style=\"color: #000000\"><span dir=\"auto\" style=\"vertical-align: inherit\"><span dir=\"auto\" style=\"vertical-align: inherit\">PREVENCI\u00d3 DE RISCOS LABORALS ALS TALLERS DE BBAA<\/span><\/span><\/span><strong><br \/>\n<\/strong><\/h3>\n<p><span dir=\"auto\" style=\"vertical-align: inherit\"><span dir=\"auto\" style=\"vertical-align: inherit\">Al seg\u00fcent document es pret\u00e9n recollir recomanacions senzilles per ajudar a minimitzar els riscos i actes insegurs que per desconeixement o distracci\u00f3 es poden produir i que suposen risc d&#8217;accidentalitat al taller.<\/span><\/span><\/p>\n<p><span dir=\"auto\" style=\"vertical-align: inherit\"><span dir=\"auto\" style=\"vertical-align: inherit\">Cal tenir en compte que als tallers coexisteixen fonts de riscos importants, i cal una adequada informaci\u00f3 i formaci\u00f3 en la prevenci\u00f3 del risc de qualsevol dels que hi realitzi la seva activitat.<\/span><\/span><\/p>\n<ul>\n<li><a href=\"..\/files\/2011\/09\/tripitico-seguridad-talleres.pdf\"><span dir=\"auto\" style=\"vertical-align: inherit\"><span dir=\"auto\" style=\"vertical-align: inherit\">Tr\u00edpitic Seguretat Tallers (.pdf)<\/span><\/span><\/a><\/li>\n<li><a href=\"..\/files\/2011\/09\/seguridad-general-trabajo-en-talleres-v21.pdf\"><span dir=\"auto\" style=\"vertical-align: inherit\"><span dir=\"auto\" style=\"vertical-align: inherit\">Seguretat-general-treball-en-tallers-v21 (.pdf)<\/span><\/span><\/a><\/li>\n<li><strong><span dir=\"auto\" style=\"vertical-align: inherit\"><span dir=\"auto\" style=\"vertical-align: inherit\">M\u00e9s informaci\u00f3: <\/span><\/span><a href=\"https:\/\/bbaa.umh.es\/plan-de-emergencia\/\" target=\"_blank\" rel=\"noopener noreferrer\"><span dir=\"auto\" style=\"vertical-align: inherit\"><span dir=\"auto\" style=\"vertical-align: inherit\">Pla d&#8217;Emerg\u00e8ncia<\/span><\/span><\/a><span dir=\"auto\" style=\"vertical-align: inherit\"><span dir=\"auto\" style=\"vertical-align: inherit\"> [IMPORTANT]<\/span><\/span><\/strong><\/li>\n<\/ul>\n<p><\/p>","protected":false},"excerpt":{"rendered":"<p>PREVENCI\u00d3 DE RISCOS LABORALS ALS TALLERS DE BBAA<\/p>\n<p>Al seg\u00fcent document es pret\u00e9n recollir recomanacions senzilles per ajudar a minimitzar els riscos i actes insegurs que per desconeixement o distracci\u00f3 es poden produir i que suposen risc d&#8217;accidentalitat al taller.<br \/>\nCal tenir en compte que als tallers coexisteixen fonts de riscos importants, i cal una adequada informaci\u00f3 [&#8230;]<\/p>\n","protected":false},"author":202,"featured_media":0,"parent":84,"menu_order":4,"comment_status":"closed","ping_status":"closed","template":"","meta":{"ngg_post_thumbnail":0,"_links_to":"","_links_to_target":""},"_links":{"self":[{"href":"https:\/\/bbaa.umh.es\/ca\/wp-json\/wp\/v2\/pages\/85"}],"collection":[{"href":"https:\/\/bbaa.umh.es\/ca\/wp-json\/wp\/v2\/pages"}],"about":[{"href":"https:\/\/bbaa.umh.es\/ca\/wp-json\/wp\/v2\/types\/page"}],"author":[{"embeddable":true,"href":"https:\/\/bbaa.umh.es\/ca\/wp-json\/wp\/v2\/users\/202"}],"replies":[{"embeddable":true,"href":"https:\/\/bbaa.umh.es\/ca\/wp-json\/wp\/v2\/comments?post=85"}],"version-history":[{"count":0,"href":"https:\/\/bbaa.umh.es\/ca\/wp-json\/wp\/v2\/pages\/85\/revisions"}],"up":[{"embeddable":true,"href":"https:\/\/bbaa.umh.es\/ca\/wp-json\/wp\/v2\/pages\/84"}],"wp:attachment":[{"href":"https:\/\/bbaa.umh.es\/ca\/wp-json\/wp\/v2\/media?parent=85"}],"curies":[{"name":"wp","href":"https:\/\/api.w.org\/{rel}","templated":true}]}}