{"id":84,"date":"2020-02-28T13:33:19","date_gmt":"2020-02-28T12:33:19","guid":{"rendered":"http:\/\/bbaa.umh.es\/recursos-del-estudiante\/solicitudes-y-normativas\/"},"modified":"2026-02-18T09:17:53","modified_gmt":"2026-02-18T08:17:53","slug":"solicitudes-y-normativas","status":"publish","type":"page","link":"https:\/\/bbaa.umh.es\/ca\/presentacion\/solicitudes-y-normativas\/","title":{"rendered":"Sol\u00b7licituds i Normatives"},"content":{"rendered":"<p><\/p>\n<h3><span dir=\"auto\" style=\"vertical-align: inherit\"><span dir=\"auto\" style=\"vertical-align: inherit\">PR\u00c0CTIQUES LLIURES, SOL\u00b7LICITUD DE MATERIAL I ESPAIS<\/span><\/span><strong><br \/>\n<\/strong><\/h3>\n<h4><span dir=\"auto\" style=\"vertical-align: inherit\"><span dir=\"auto\" style=\"vertical-align: inherit\">Pr\u00e0ctiques lliures:<\/span><\/span><\/h4>\n<p><span dir=\"auto\" style=\"vertical-align: inherit\"><span dir=\"auto\" style=\"vertical-align: inherit\">L&#8217;acc\u00e9s als tallers i laboratoris de la Facultat per a pr\u00e0ctiques lliures es faran nom\u00e9s en l&#8217;horari dedicat a aquestes i mai quan s&#8217;imparteixi doc\u00e8ncia. Vegeu horaris de practiques lliures al seg\u00fcent enlla\u00e7: <\/span><\/span><a href=\"https:\/\/bbaa.umh.es\/recursos-del-estudiante\/horarios\/\"><span dir=\"auto\" style=\"vertical-align: inherit\"><span dir=\"auto\" style=\"vertical-align: inherit\">horaris<\/span><\/span><\/a><span dir=\"auto\" style=\"vertical-align: inherit\"><span dir=\"auto\" style=\"vertical-align: inherit\"> .&nbsp;<\/span><\/span><\/p>\n<h4><span dir=\"auto\" style=\"vertical-align: inherit\"><span dir=\"auto\" style=\"vertical-align: inherit\">Sol\u00b7licitud de pr\u00e9stec de material docent audiovisual i sol\u00b7licitud de tallers d&#8217;audiovisuals:<\/span><\/span><\/h4>\n<p><span dir=\"auto\" style=\"vertical-align: inherit\"><span dir=\"auto\" style=\"vertical-align: inherit\">Les sol\u00b7licituds per al pr\u00e9stec de material docent audiovisual i per als espais als tallers d&#8217;audiovisuals s&#8217;han de fer a trav\u00e9s de la p\u00e0gina web seg\u00fcent: <\/span><\/span><a href=\"https:\/\/prestamos.umh.es\" target=\"_blank\" rel=\"noopener\"><span dir=\"auto\" style=\"vertical-align: inherit\"><span dir=\"auto\" style=\"vertical-align: inherit\">prestamos.umh.es<\/span><\/span><\/a><span dir=\"auto\" style=\"vertical-align: inherit\"><span dir=\"auto\" style=\"vertical-align: inherit\"> .<\/span><\/span><\/p>\n<p><span dir=\"auto\" style=\"vertical-align: inherit\"><span dir=\"auto\" style=\"vertical-align: inherit\">A l&#8217;enlla\u00e7 seg\u00fcent podeu consultar el <\/span><\/span><a href=\"https:\/\/bbaa.umh.es\/files\/2024\/01\/MANUAL-UTILIZACION-PLATAFORMA-DE-PRESTAMOS-Y-RESERVAS-BBAA-2024.pdf\"><span dir=\"auto\" style=\"vertical-align: inherit\"><span dir=\"auto\" style=\"vertical-align: inherit\">manual d&#8217;utilitzaci\u00f3 de la plataforma (.pdf)<\/span><\/span><\/a><\/p>\n<h4><span dir=\"auto\" style=\"vertical-align: inherit\"><span dir=\"auto\" style=\"vertical-align: inherit\">Sol\u00b7licitud gen\u00e8rica d&#8217;espais:<\/span><\/span><\/h4>\n<p><span dir=\"auto\" style=\"vertical-align: inherit\"><span dir=\"auto\" style=\"vertical-align: inherit\">L&#8217;acc\u00e9s als edificis i tallers reservables que es relacionen m\u00e9s avall, fora de l&#8217;horari de pr\u00e0ctiques lliures i sempre que no hi hagi doc\u00e8ncia en aquests espais, es tramitar\u00e0 mitjan\u00e7ant un dels formularis seg\u00fcents, segons si la sol\u00b7licitud parteix de l&#8217;estudiantat o del professorat:&nbsp;&nbsp;<\/span><\/span><\/p>\n<ul>\n<li><a href=\"https:\/\/docs.google.com\/forms\/d\/e\/1FAIpQLSdXsrVP9sqRvN7nrsa0oBX42mj48pFrOGiBx9v6L5FpVHSR3Q\/viewform?pli=1\" target=\"_blank\" rel=\"noopener\"><span dir=\"auto\" style=\"vertical-align: inherit\"><span dir=\"auto\" style=\"vertical-align: inherit\">Sol\u00b7licitud gen\u00e8rica d&#8217;espais (ESTUDIANTAT)<\/span><\/span><\/a><\/li>\n<li><a href=\"https:\/\/docs.google.com\/forms\/d\/e\/1FAIpQLSc2310n0Cs-V2qlX0_BxJfBIRLaXmAT6BSnj8YkgwC_UGskQg\/viewform\" target=\"_blank\" rel=\"noopener\"><span dir=\"auto\" style=\"vertical-align: inherit\"><span dir=\"auto\" style=\"vertical-align: inherit\">Sol\u00b7licitud gen\u00e8rica d&#8217;espais (PROFESSORAT)<\/span><\/span><\/a><\/li>\n<\/ul>\n<p><span dir=\"auto\" style=\"vertical-align: inherit\"><span dir=\"auto\" style=\"vertical-align: inherit\">En cas que la sol\u00b7licitud sigui d&#8217;un estudiant o estudianta ha d&#8217;indicar el professor o professora que es responsabilitza del treball i de la utilitzaci\u00f3 de l&#8217;espai sol\u00b7licitat. El docent rebr\u00e0 un correu electr\u00f2nic amb la sol\u00b7licitud, que, si escau, haur\u00e0 de reenviar a la Facultat ( <\/span><\/span><a href=\"mailto:facultad.bellasartes@umh.es\"><span dir=\"auto\" style=\"vertical-align: inherit\"><span dir=\"auto\" style=\"vertical-align: inherit\">facultad.bellasartes@umh.es<\/span><\/span><\/a><span dir=\"auto\" style=\"vertical-align: inherit\"><span dir=\"auto\" style=\"vertical-align: inherit\"> ) indicant-ne l&#8217;autoritzaci\u00f3. La Facultat, una vegada comprovada la disponibilitat de lespai, enviar\u00e0 un correu de confirmaci\u00f3 a estudiant i professora o professor, i traslladar\u00e0 lautoritzaci\u00f3 a Consergeria perqu\u00e8 faciliti lacc\u00e9s.<\/span><\/span><\/p>\n<p><span dir=\"auto\" style=\"vertical-align: inherit\"><span dir=\"auto\" style=\"vertical-align: inherit\">En cas que la sol\u00b7licitud sigui d&#8217;una professora o professor, la Facultat rebr\u00e0 el formulari, i un cop comprovada la disponibilitat de l&#8217;espai, enviar\u00e0 un correu de confirmaci\u00f3 al docent i traslladar\u00e0 l&#8217;autoritzaci\u00f3 a Consergeria perqu\u00e8 faciliti l&#8217;acc\u00e9s a l&#8217;estudiantat autoritzat. Aquest formulari permet adjuntar un fitxer perqu\u00e8 aquell professorat que autoritzi un grup d&#8217;estudiants pugui enviar el llistat corresponent.<\/span><\/span><\/p>\n<p><span dir=\"auto\" style=\"vertical-align: inherit\"><span dir=\"auto\" style=\"vertical-align: inherit\">A continuaci\u00f3 es detallen els espais reservables:<\/span><\/span><\/p>\n<ul>\n<li><span dir=\"auto\" style=\"vertical-align: inherit\"><span dir=\"auto\" style=\"vertical-align: inherit\">Dibuix I (A07P0001)<\/span><\/span><\/li>\n<li><span dir=\"auto\" style=\"vertical-align: inherit\"><span dir=\"auto\" style=\"vertical-align: inherit\">Dibuix II (A07P0004)<\/span><\/span><\/li>\n<li><span dir=\"auto\" style=\"vertical-align: inherit\"><span dir=\"auto\" style=\"vertical-align: inherit\">Modelat 2 (A09P0004)<\/span><\/span><\/li>\n<li><span dir=\"auto\" style=\"vertical-align: inherit\"><span dir=\"auto\" style=\"vertical-align: inherit\">Projectes de dibuix (A10P0009)<\/span><\/span><\/li>\n<li><span dir=\"auto\" style=\"vertical-align: inherit\"><span dir=\"auto\" style=\"vertical-align: inherit\">Taller d&#8217;An\u00e0lisi (A11P0001)<\/span><\/span><\/li>\n<li><span dir=\"auto\" style=\"vertical-align: inherit\"><span dir=\"auto\" style=\"vertical-align: inherit\">Pintura i Nous mitjans (A11P0013)<\/span><\/span><\/li>\n<li><span dir=\"auto\" style=\"vertical-align: inherit\"><span dir=\"auto\" style=\"vertical-align: inherit\">Muntatge i Imprimacions (A11P0013)<\/span><\/span><\/li>\n<li><span dir=\"auto\" style=\"vertical-align: inherit\"><span dir=\"auto\" style=\"vertical-align: inherit\">Projectes de Pintura (A11P1008) (Excepte sala blanca)<\/span><\/span><\/li>\n<li><span dir=\"auto\" style=\"vertical-align: inherit\"><span dir=\"auto\" style=\"vertical-align: inherit\">Processos pict\u00f2rics (A11P1001)<\/span><\/span><\/li>\n<li><span dir=\"auto\" style=\"vertical-align: inherit\"><span dir=\"auto\" style=\"vertical-align: inherit\">Aeropintura (A08P0001) (llevat de la campana d&#8217;extracci\u00f3)<\/span><\/span><\/li>\n<li><span dir=\"auto\" style=\"vertical-align: inherit\"><span dir=\"auto\" style=\"vertical-align: inherit\">Instal\u00b7lacions (A12P2004)<\/span><\/span><\/li>\n<li><span dir=\"auto\" style=\"vertical-align: inherit\"><span dir=\"auto\" style=\"vertical-align: inherit\">Patronatge (A12P1001)<\/span><\/span><\/li>\n<\/ul>\n<h4><span dir=\"auto\" style=\"vertical-align: inherit\"><span dir=\"auto\" style=\"vertical-align: inherit\">Model Justificant d&#8217;assist\u00e8ncia:<\/span><\/span><\/h4>\n<ul>\n<li><a href=\"https:\/\/bbaa.umh.es\/files\/2011\/10\/justificante-asistencia.pdf\"><span dir=\"auto\" style=\"vertical-align: inherit\"><span dir=\"auto\" style=\"vertical-align: inherit\">Justificant dassist\u00e8ncia a examen, classe o pr\u00e0ctiques<\/span><\/span><\/a><span dir=\"auto\" style=\"vertical-align: inherit\"><span dir=\"auto\" style=\"vertical-align: inherit\"> .<\/span><\/span><\/li>\n<\/ul>\n<h4><span dir=\"auto\" style=\"vertical-align: inherit\"><span dir=\"auto\" style=\"vertical-align: inherit\">Normativa d&#8217;\u00fas d&#8217;infraestructures:<\/span><\/span><\/h4>\n<ul>\n<li><a href=\"https:\/\/bbaa.umh.es\/files\/2024\/01\/Reglamento-para-el-uso-de-las-infraestructuras-docentes-2020.pdf\" target=\"_blank\" rel=\"noopener\"><span dir=\"auto\" style=\"vertical-align: inherit\"><span dir=\"auto\" style=\"vertical-align: inherit\">Reglament per a l&#8217;\u00fas de les infraestructures docents de la Facultat de Belles Arts (.pdf)<\/span><\/span><\/a><\/li>\n<\/ul>\n<h4><span dir=\"auto\" style=\"vertical-align: inherit\"><span dir=\"auto\" style=\"vertical-align: inherit\">Instruccions i \u00fas dels magatzems de tallers de la Facultat:<\/span><\/span><\/h4>\n<p><a href=\"https:\/\/bbaa.umh.es\/files\/2011\/10\/2.6.REGLAMENTO-ALMACENES-BBAA-20121.pdf\"><span dir=\"auto\" style=\"vertical-align: inherit\"><span dir=\"auto\" style=\"vertical-align: inherit\">REGLAMENT MAGATZEMS<\/span><\/span><\/a><span dir=\"auto\" style=\"vertical-align: inherit\"><span dir=\"auto\" style=\"vertical-align: inherit\"> : informaci\u00f3 sobre instruccions i \u00fas de magatzems i reixes d&#8217;emmagatzematge dels edificis seg\u00fcents:<\/span><\/span><\/p>\n<ul>\n<li><span dir=\"auto\" style=\"vertical-align: inherit\"><span dir=\"auto\" style=\"vertical-align: inherit\">Cap Negret (Dibuix I i Dibuix II)<\/span><\/span><\/li>\n<li><span dir=\"auto\" style=\"vertical-align: inherit\"><span dir=\"auto\" style=\"vertical-align: inherit\">Montagut (Aeropintura-Modelat)<\/span><\/span><\/li>\n<li><span dir=\"auto\" style=\"vertical-align: inherit\"><span dir=\"auto\" style=\"vertical-align: inherit\">Aitana (Tallers de pintura)<\/span><\/span><\/li>\n<\/ul>\n<h4><span dir=\"auto\" style=\"vertical-align: inherit\"><span dir=\"auto\" style=\"vertical-align: inherit\">DOCUMENTS DE SOL\u00b7LICITUD I PR\u00c9STEC [ GENERAL ]<\/span><\/span><\/h4>\n<p><a href=\"https:\/\/bbaa.umh.es\/files\/2015\/09\/DOCUMENTO-I-ESPACIOS.docx\"><span dir=\"auto\" style=\"vertical-align: inherit\"><span dir=\"auto\" style=\"vertical-align: inherit\">DOCUMENT I LLISTAT ESPAIS<\/span><\/span><\/a><\/p>\n<p><a href=\"https:\/\/bbaa.umh.es\/files\/2015\/09\/DOCUMENTO-IV-PRA%CC%81CTICAS-PRE-USO.docx\"><span dir=\"auto\" style=\"vertical-align: inherit\"><span dir=\"auto\" style=\"vertical-align: inherit\">DOCUMENT IV PR\u00c0CTIQUES PRE-\u00daS<\/span><\/span><\/a><\/p>\n<p><a href=\"https:\/\/bbaa.umh.es\/files\/2015\/09\/DOCUMENTO-V-SOLICITUD-PRE-USO.docx\"><span dir=\"auto\" style=\"vertical-align: inherit\"><span dir=\"auto\" style=\"vertical-align: inherit\">DOCUMENT V SOL\u00b7LICITUD PRE-\u00daS<\/span><\/span><\/a><\/p>\n<p><a href=\"https:\/\/bbaa.umh.es\/files\/2015\/09\/DOCUMENTO-VI-FIRMAS.docx\"><span dir=\"auto\" style=\"vertical-align: inherit\"><span dir=\"auto\" style=\"vertical-align: inherit\">DOCUMENT VI SIGNATURES PRE-\u00daS<\/span><\/span><\/a><\/p>\n<p><a href=\"https:\/\/bbaa.umh.es\/files\/2015\/09\/DOCUMENTO-VII-ALUMNOS-MA%CC%81STER.docx\"><span dir=\"auto\" style=\"vertical-align: inherit\"><span dir=\"auto\" style=\"vertical-align: inherit\">DOCUMENT VII ALUMNES M\u00c0STER<\/span><\/span><\/a><\/p>\n<p><a href=\"https:\/\/bbaa.umh.es\/files\/2015\/09\/DOCUMENTO-X-FICHAS-PRE-USO.docx\"><span dir=\"auto\" style=\"vertical-align: inherit\"><span dir=\"auto\" style=\"vertical-align: inherit\">DOCUMENT X FITXES PRE-\u00daS<\/span><\/span><\/a><\/p>\n<p><a href=\"https:\/\/bbaa.umh.es\/files\/2024\/01\/DOCUMENTO-XI-PERMISO-PDI.docx\"><span dir=\"auto\" style=\"vertical-align: inherit\"><span dir=\"auto\" style=\"vertical-align: inherit\">DOCUMENT XI PERM\u00cdS PDI<\/span><\/span><\/a><\/p>\n<p><a href=\"https:\/\/bbaa.umh.es\/files\/2015\/09\/DOCUMENTO-XII-PERMISO-BECARIO.docx\"><span dir=\"auto\" style=\"vertical-align: inherit\"><span dir=\"auto\" style=\"vertical-align: inherit\">DOCUMENT XII PERM\u00cdS BECARI<\/span><\/span><\/a><\/p>\n<p><a href=\"https:\/\/bbaa.umh.es\/files\/2015\/09\/DOCUMENTO-XV-AULA-INFORMA%CC%81TICA.docx\"><span dir=\"auto\" style=\"vertical-align: inherit\"><span dir=\"auto\" style=\"vertical-align: inherit\">DOCUMENT XV normes d&#8217;\u00fas AULA INFORM\u00c0TICA<\/span><\/span><\/a><\/p>\n<p><a href=\"https:\/\/bbaa.umh.es\/files\/2015\/09\/DOCUMENTO-XVI-ALMACENES.docx\"><span dir=\"auto\" style=\"vertical-align: inherit\"><span dir=\"auto\" style=\"vertical-align: inherit\">DOCUMENT XVI MAGATZEMS<\/span><\/span><\/a><\/p>\n<p><span dir=\"auto\" style=\"vertical-align: inherit\"><span dir=\"auto\" style=\"vertical-align: inherit\">____________________________________________________________________________<\/span><\/span><\/p>\n<p><strong><span dir=\"auto\" style=\"vertical-align: inherit\"><span dir=\"auto\" style=\"vertical-align: inherit\">PROTOCOL D&#8217;AJUSTAMENT DE SERVEIS CAMPUS D&#8217;ALTEA<\/span><\/span><\/strong><\/p>\n<p><span dir=\"auto\" style=\"vertical-align: inherit\"><span dir=\"auto\" style=\"vertical-align: inherit\">Despr\u00e9s dels ajustaments de serveis externs que van entrar en vigor el dia 1 de desembre de 2011 a tota la UMH, va ser aprovat el 12 de desembre de 2011 pel Consell Assessor de la Facultat de Belles Arts d&#8217;Altea un <\/span><\/span><strong><span dir=\"auto\" style=\"vertical-align: inherit\"><span dir=\"auto\" style=\"vertical-align: inherit\">PROTOCOL D&#8217;AJUSTAMENT DE SERVEIS PER AL CAMPUS D&#8217;ALTEA<\/span><\/span><\/strong><span dir=\"auto\" style=\"vertical-align: inherit\"><span dir=\"auto\" style=\"vertical-align: inherit\"> que continua vigent <\/span><\/span><strong><span dir=\"auto\" style=\"vertical-align: inherit\"><span dir=\"auto\" style=\"vertical-align: inherit\">:<\/span><\/span><\/strong><\/p>\n<p><strong><a href=\"https:\/\/bbaa.umh.es\/files\/2011\/10\/PROTOCOLO-COORDINACION-SEVICIOS-CAMPUS-ALTEA-v2.pdf\"><span dir=\"auto\" style=\"vertical-align: inherit\"><span dir=\"auto\" style=\"vertical-align: inherit\">PROTOCOL-COORDINACI\u00d3-SERVEIS-CAMPUS-ALTEA.pdf<\/span><\/span><\/a><\/strong><\/p>\n<p><strong><span dir=\"auto\" style=\"vertical-align: inherit\"><span dir=\"auto\" style=\"vertical-align: inherit\">Les mesures adoptades afecten tota la comunitat universit\u00e0ria<\/span><\/span><\/strong><span dir=\"auto\" style=\"vertical-align: inherit\"><span dir=\"auto\" style=\"vertical-align: inherit\"> :<\/span><\/span><\/p>\n<p><span dir=\"auto\" style=\"vertical-align: inherit\"><span dir=\"auto\" style=\"vertical-align: inherit\">PDI, PAS, t\u00e8cnics especialistes, estudiants i personal de serveis<\/span><\/span><\/p>\n<p><span dir=\"auto\" style=\"vertical-align: inherit\"><span dir=\"auto\" style=\"vertical-align: inherit\">El document informa sobre els aspectes seg\u00fcents:<\/span><\/span><\/p>\n<p><strong><span dir=\"auto\" style=\"vertical-align: inherit\"><span dir=\"auto\" style=\"vertical-align: inherit\">&#8211; COORDINACI\u00d3 DE SERVEI DE CONSERGERIA I SEGURETAT<\/span><\/span><\/strong><\/p>\n<p><strong><span dir=\"auto\" style=\"vertical-align: inherit\"><span dir=\"auto\" style=\"vertical-align: inherit\">&#8211; OBERTURA I TANCAMENT D&#8217;AULES I TALLERS<\/span><\/span><\/strong><\/p>\n<p><strong><span dir=\"auto\" style=\"vertical-align: inherit\"><span dir=\"auto\" style=\"vertical-align: inherit\">&#8211; CONDICIONS D&#8217;\u00daS DE MAGATZEMS DELS TALLERS<\/span><\/span><\/strong><\/p>\n<p><strong><span dir=\"auto\" style=\"vertical-align: inherit\"><span dir=\"auto\" style=\"vertical-align: inherit\">&#8211; ACC\u00c9S ALS DESPATXOS DE PROFESSORS<\/span><\/span><\/strong><\/p>\n<p><strong><span dir=\"auto\" style=\"vertical-align: inherit\"><span dir=\"auto\" style=\"vertical-align: inherit\">&#8211; COORDINACI\u00d3 DE SERVEI DE CONSERGERIA AMB SERVEI DE BIBLIOTECA<\/span><\/span><\/strong><\/p>\n<p><strong><span dir=\"auto\" style=\"vertical-align: inherit\"><span dir=\"auto\" style=\"vertical-align: inherit\">&#8212;&#8212;&#8212;&#8212;&#8212;&#8212;&#8212;&#8212;&#8212;&#8212;&#8212;&#8212;&#8212;&#8212;&#8212;&#8212;&#8212;&#8212;&#8212;&#8212;&#8212;&#8212;&#8212;&#8212;&#8212;&#8212;&#8212;&#8212;&#8212;&#8212;&#8212;&#8212;&#8212;&#8212;&#8212;&#8212;&#8212;&#8212;&#8212;&#8212;&#8212;&#8212;&#8212;&#8212;&#8212;&#8211;<\/span><\/span><\/strong><\/p>\n<p><strong><span dir=\"auto\" style=\"vertical-align: inherit\"><span dir=\"auto\" style=\"vertical-align: inherit\">INFORMACI\u00d3 PER A ESTUDIANTS SOBRE PROTOCOLS D&#8217;AJUSTAMENT DE SERVEIS DE CONSERGERIA<\/span><\/span><\/strong><\/p>\n<p><strong><span dir=\"auto\" style=\"vertical-align: inherit\"><span dir=\"auto\" style=\"vertical-align: inherit\">1. Nom\u00e9s hi haur\u00e0 un conserge per torn<\/span><\/span><\/strong><span dir=\"auto\" style=\"vertical-align: inherit\"><span dir=\"auto\" style=\"vertical-align: inherit\"> (mat\u00ed i tarda).<\/span><\/span><\/p>\n<p><strong><span dir=\"auto\" style=\"vertical-align: inherit\"><span dir=\"auto\" style=\"vertical-align: inherit\">2. El nou <\/span><\/span><a href=\"https:\/\/bbaa.umh.es\/files\/2011\/10\/HORARIOS-CONSERJERIA-13-14.pdf\" target=\"_blank\" rel=\"noopener noreferrer\"><span dir=\"auto\" style=\"vertical-align: inherit\"><span dir=\"auto\" style=\"vertical-align: inherit\">horari de consergeria<\/span><\/span><\/a><\/strong><span dir=\"auto\" style=\"vertical-align: inherit\"><span dir=\"auto\" style=\"vertical-align: inherit\"> \u00e9s:<\/span><\/span><\/p>\n<p style=\"padding-left: 60px\"><strong><span dir=\"auto\" style=\"vertical-align: inherit\"><span dir=\"auto\" style=\"vertical-align: inherit\">de dilluns a divendres: de 8:00 ha 21:30 h<\/span><\/span><\/strong><\/p>\n<p style=\"padding-left: 60px\"><strong><span dir=\"auto\" style=\"vertical-align: inherit\"><span dir=\"auto\" style=\"vertical-align: inherit\">els dissabtes: de 9.00 a 13.00 h.<\/span><\/span><\/strong><\/p>\n<p><strong><span dir=\"auto\" style=\"vertical-align: inherit\"><span dir=\"auto\" style=\"vertical-align: inherit\">3. Obertura i tancament d&#8217;aules i tallers en horari docent.<\/span><\/span><\/strong><span dir=\"auto\" style=\"vertical-align: inherit\"><span dir=\"auto\" style=\"vertical-align: inherit\"> Ser\u00e0 realitzat pel professor que tingui doc\u00e8ncia en aquest horari. El conserge i seguretat obriran i tancaran les Naus: Algar (Escultura) Aitana (Pintura) i Cap Negret (Dibuix).<\/span><\/span><\/p>\n<p><strong><span dir=\"auto\" style=\"vertical-align: inherit\"><span dir=\"auto\" style=\"vertical-align: inherit\">4. Obertura i tancament de tallers en horaris de pr\u00e0ctiques lliures<\/span><\/span><\/strong><span dir=\"auto\" style=\"vertical-align: inherit\"><span dir=\"auto\" style=\"vertical-align: inherit\"> . Ser\u00e0 tasca del conserge, aix\u00ed com l&#8217;encesa i l&#8217;apagada de llums.<\/span><\/span><\/p>\n<p><strong><span dir=\"auto\" style=\"vertical-align: inherit\"><span dir=\"auto\" style=\"vertical-align: inherit\">5. Sol\u00b7licituds docupaci\u00f3 despais fora dhorari docent i de pr\u00e0ctiques lliures<\/span><\/span><\/strong><span dir=\"auto\" style=\"vertical-align: inherit\"><span dir=\"auto\" style=\"vertical-align: inherit\"> . Obrir\u00e0 i tancar\u00e0 el conserge amb la identificaci\u00f3 pr\u00e8via de l&#8217;estudiant i lliurament de sol\u00b7licitud aprovada i signada. Les sol\u00b7licituds es regiran pel&nbsp; <\/span><\/span><strong><span dir=\"auto\" style=\"vertical-align: inherit\"><span dir=\"auto\" style=\"vertical-align: inherit\">Reglament d&#8217;infraestructures docents BBAA<\/span><\/span><\/strong><\/p>\n<p><strong><span dir=\"auto\" style=\"vertical-align: inherit\"><span dir=\"auto\" style=\"vertical-align: inherit\">6. \u00das de magatzems dels tallers<\/span><\/span><\/strong><span dir=\"auto\" style=\"vertical-align: inherit\"><span dir=\"auto\" style=\"vertical-align: inherit\"> . A la porta dels magatzems destinats a emmagatzematge els treballs d&#8217;estudiants apareixeran indicacions necess\u00e0ries d&#8217;\u00fas del magatzem. Les normes generals s\u00f3n les seg\u00fcents:<\/span><\/span><\/p>\n<p><span dir=\"auto\" style=\"vertical-align: inherit\"><span dir=\"auto\" style=\"vertical-align: inherit\">&#8211; Nom\u00e9s es poden deixar treballs en proc\u00e9s i sempre que el professor de l&#8217;assignatura corresponent ho autoritzi.<\/span><\/span><\/p>\n<p><span dir=\"auto\" style=\"vertical-align: inherit\"><span dir=\"auto\" style=\"vertical-align: inherit\">&#8211; Els treballs haurien d&#8217;estar identificats amb el nom de l&#8217;estudiant.<\/span><\/span><\/p>\n<p><span dir=\"auto\" style=\"vertical-align: inherit\"><span dir=\"auto\" style=\"vertical-align: inherit\">&#8211; Horaris per a dip\u00f2sit i recollida de treballs:<\/span><\/span><\/p>\n<p style=\"padding-left: 30px\"><span dir=\"auto\" style=\"vertical-align: inherit\"><span dir=\"auto\" style=\"vertical-align: inherit\">a. <\/span><\/span><strong><span dir=\"auto\" style=\"vertical-align: inherit\"><span dir=\"auto\" style=\"vertical-align: inherit\">Durant l&#8217;horari de classe:<\/span><\/span><\/strong><span dir=\"auto\" style=\"vertical-align: inherit\"><span dir=\"auto\" style=\"vertical-align: inherit\"> el magatzem ser\u00e0 gestionat pel professor de l&#8217;assignatura i nom\u00e9s per als estudiants del grup que tinguin classe en aquest horari.<\/span><\/span><\/p>\n<p style=\"padding-left: 30px\"><span dir=\"auto\" style=\"vertical-align: inherit\"><span dir=\"auto\" style=\"vertical-align: inherit\">b. <\/span><\/span><strong><span dir=\"auto\" style=\"vertical-align: inherit\"><span dir=\"auto\" style=\"vertical-align: inherit\">Fora de l&#8217;horari de classe de l&#8217;assignatura, <\/span><\/span><\/strong> <strong><span dir=\"auto\" style=\"vertical-align: inherit\"><span dir=\"auto\" style=\"vertical-align: inherit\">en horari del t\u00e8cnic en aquest taller:<\/span><\/span><\/strong><span dir=\"auto\" style=\"vertical-align: inherit\"><span dir=\"auto\" style=\"vertical-align: inherit\"> el magatzem ser\u00e0 gestionat pel t\u00e8cnic, mitjan\u00e7ant comprovaci\u00f3 de la identitat de l&#8217;estudiant amb el carnet.<\/span><\/span><\/p>\n<p style=\"padding-left: 30px\"><span dir=\"auto\" style=\"vertical-align: inherit\"><span dir=\"auto\" style=\"vertical-align: inherit\">c. <\/span><\/span><strong><span dir=\"auto\" style=\"vertical-align: inherit\"><span dir=\"auto\" style=\"vertical-align: inherit\">Fora de l&#8217;horari de classe de l&#8217;assignatura i de l&#8217;horari del t\u00e8cnic del taller: no es poden guardar ni retirar feines.<\/span><\/span><\/strong><\/p>\n<p><strong><span dir=\"auto\" style=\"vertical-align: inherit\"><span dir=\"auto\" style=\"vertical-align: inherit\">7. <\/span><\/span><\/strong> <strong><span dir=\"auto\" style=\"vertical-align: inherit\"><span dir=\"auto\" style=\"vertical-align: inherit\">Accessos a taquilles<\/span><\/span><\/strong><span dir=\"auto\" style=\"vertical-align: inherit\"><span dir=\"auto\" style=\"vertical-align: inherit\"> . Nom\u00e9s seran accessibles en els horaris seg\u00fcents segons la ubicaci\u00f3:<\/span><\/span><\/p>\n<p style=\"padding-left: 30px\"><span dir=\"auto\" style=\"vertical-align: inherit\"><span dir=\"auto\" style=\"vertical-align: inherit\">&#8211; <\/span><\/span><strong><span dir=\"auto\" style=\"vertical-align: inherit\"><span dir=\"auto\" style=\"vertical-align: inherit\">Nau Algar (Escultura)<\/span><\/span><\/strong><span dir=\"auto\" style=\"vertical-align: inherit\"><span dir=\"auto\" style=\"vertical-align: inherit\"> : Accessible en horari docent.<\/span><\/span><\/p>\n<p style=\"padding-left: 30px\"><span dir=\"auto\" style=\"vertical-align: inherit\"><span dir=\"auto\" style=\"vertical-align: inherit\">&#8211; <\/span><\/span><strong><span dir=\"auto\" style=\"vertical-align: inherit\"><span dir=\"auto\" style=\"vertical-align: inherit\">Nau Aitana (Pintura)<\/span><\/span><\/strong><span dir=\"auto\" style=\"vertical-align: inherit\"><span dir=\"auto\" style=\"vertical-align: inherit\"> : Accessible en horari docent. No accessible divendres en horari de vesprada.<\/span><\/span><\/p>\n<p style=\"padding-left: 30px\"><span dir=\"auto\" style=\"vertical-align: inherit\"><span dir=\"auto\" style=\"vertical-align: inherit\">&#8211; <\/span><\/span><strong><span dir=\"auto\" style=\"vertical-align: inherit\"><span dir=\"auto\" style=\"vertical-align: inherit\">Nau Montagut (Aeropintura)<\/span><\/span><\/strong><span dir=\"auto\" style=\"vertical-align: inherit\"><span dir=\"auto\" style=\"vertical-align: inherit\"> : Accessible en horari docent. No accessible dimecres i divendres en horari de vesprada.<\/span><\/span><\/p>\n<p><\/p>","protected":false},"excerpt":{"rendered":"<p>PR\u00c0CTIQUES LLIURES, SOL\u00b7LICITUD DE MATERIAL I ESPAIS<\/p>\n<p>Pr\u00e0ctiques lliures:<br \/>\nL&#8217;acc\u00e9s als tallers i laboratoris de la Facultat per a pr\u00e0ctiques lliures es faran nom\u00e9s en l&#8217;horari dedicat a aquestes i mai quan s&#8217;imparteixi doc\u00e8ncia. Vegeu horaris de practiques lliures al seg\u00fcent enlla\u00e7: horaris .&nbsp;<br \/>\nSol\u00b7licitud de pr\u00e9stec de material docent audiovisual i sol\u00b7licitud de tallers d&#8217;audiovisuals:<br \/>\nLes sol\u00b7licituds per [&#8230;]<\/p>\n","protected":false},"author":202,"featured_media":0,"parent":3,"menu_order":6,"comment_status":"closed","ping_status":"closed","template":"","meta":{"ngg_post_thumbnail":0,"_links_to":"","_links_to_target":""},"_links":{"self":[{"href":"https:\/\/bbaa.umh.es\/ca\/wp-json\/wp\/v2\/pages\/84"}],"collection":[{"href":"https:\/\/bbaa.umh.es\/ca\/wp-json\/wp\/v2\/pages"}],"about":[{"href":"https:\/\/bbaa.umh.es\/ca\/wp-json\/wp\/v2\/types\/page"}],"author":[{"embeddable":true,"href":"https:\/\/bbaa.umh.es\/ca\/wp-json\/wp\/v2\/users\/202"}],"replies":[{"embeddable":true,"href":"https:\/\/bbaa.umh.es\/ca\/wp-json\/wp\/v2\/comments?post=84"}],"version-history":[{"count":0,"href":"https:\/\/bbaa.umh.es\/ca\/wp-json\/wp\/v2\/pages\/84\/revisions"}],"up":[{"embeddable":true,"href":"https:\/\/bbaa.umh.es\/ca\/wp-json\/wp\/v2\/pages\/3"}],"wp:attachment":[{"href":"https:\/\/bbaa.umh.es\/ca\/wp-json\/wp\/v2\/media?parent=84"}],"curies":[{"name":"wp","href":"https:\/\/api.w.org\/{rel}","templated":true}]}}