{"id":83,"date":"2020-09-23T10:10:27","date_gmt":"2020-09-23T08:10:27","guid":{"rendered":"http:\/\/bbaa.umh.es\/recursos-del-estudiante\/horarios\/"},"modified":"2026-03-24T12:27:45","modified_gmt":"2026-03-24T11:27:45","slug":"horarios","status":"publish","type":"page","link":"https:\/\/bbaa.umh.es\/ca\/grado\/horarios\/","title":{"rendered":"Horaris i Calendari Acad\u00e8mic"},"content":{"rendered":"<p><\/p>\n<h3><span dir=\"auto\" style=\"vertical-align: inherit\"><span dir=\"auto\" style=\"vertical-align: inherit\">Horaris i Calendari Acad\u00e8mic del curs 2025-2026:<\/span><\/span><\/h3>\n<ul>\n<li><a href=\"https:\/\/docs.google.com\/spreadsheets\/d\/1XydD6zHYU70gDayXRoNXbG1jRcTk_U5K\/edit?gid=1579240413#gid=1579240413\" target=\"_blank\" rel=\"noopener\"><span dir=\"auto\" style=\"vertical-align: inherit\"><span dir=\"auto\" style=\"vertical-align: inherit\">Horari Curs 2025-2026<\/span><\/span><\/a><\/li>\n<li><a href=\"https:\/\/docs.google.com\/spreadsheets\/d\/1INU9aSJg4vdQ4ezG9rWYsOVHbfDjhKaU\/edit?usp=sharing&amp;ouid=107064595812866432022&amp;rtpof=true&amp;sd=true\" target=\"_blank\" rel=\"noopener\"><span dir=\"auto\" style=\"vertical-align: inherit\"><span dir=\"auto\" style=\"vertical-align: inherit\">Horari Ex\u00e0mens Curs 2025-2026<\/span><\/span><\/a><span dir=\"auto\" style=\"vertical-align: inherit\"><span dir=\"auto\" style=\"vertical-align: inherit\"> (S&#8217;informa que pot sorgir la necessitat de fer variacions en les dates fixades per a la realitzaci\u00f3 dels ex\u00e0mens)<\/span><\/span><\/li>\n<\/ul>\n<p><span dir=\"auto\" style=\"vertical-align: inherit\"><span dir=\"auto\" style=\"vertical-align: inherit\">A continuaci\u00f3, s&#8217;indica el per\u00edode lectiu i d&#8217;ex\u00e0mens de primer i segon semestre:<\/span><\/span><\/p>\n<ul>\n<li><strong><span dir=\"auto\" style=\"vertical-align: inherit\"><span dir=\"auto\" style=\"vertical-align: inherit\">PRIMER SEMESTRE<\/span><\/span><\/strong><span dir=\"auto\" style=\"vertical-align: inherit\"><span dir=\"auto\" style=\"vertical-align: inherit\"> :<\/span><\/span>\n<ul>\n<li><span dir=\"auto\" style=\"vertical-align: inherit\"><span dir=\"auto\" style=\"vertical-align: inherit\">Classes: del 8 de setembre al 22 de desembre del 2025<\/span><\/span><\/li>\n<li><span dir=\"auto\" style=\"vertical-align: inherit\"><span dir=\"auto\" style=\"vertical-align: inherit\">Ex\u00e0mens Conv. Ordin\u00e0ria: del 7 al 20 de gener del 2026<\/span><\/span><\/li>\n<li><span dir=\"auto\" style=\"vertical-align: inherit\"><span dir=\"auto\" style=\"vertical-align: inherit\">Ex\u00e0mens Conv. Extraordin\u00e0ria: del 26 de gener al 7 febrer 2026<\/span><\/span><\/li>\n<\/ul>\n<\/li>\n<li><strong><span dir=\"auto\" style=\"vertical-align: inherit\"><span dir=\"auto\" style=\"vertical-align: inherit\">SEGON SEMESTRE<\/span><\/span><\/strong><span dir=\"auto\" style=\"vertical-align: inherit\"><span dir=\"auto\" style=\"vertical-align: inherit\"> :<\/span><\/span>\n<ul>\n<li><span dir=\"auto\" style=\"vertical-align: inherit\"><span dir=\"auto\" style=\"vertical-align: inherit\">Classes: del 9 de febrer al 29 de maig de 2026<\/span><\/span><\/li>\n<li><span dir=\"auto\" style=\"vertical-align: inherit\"><span dir=\"auto\" style=\"vertical-align: inherit\">Ex\u00e0mens Conv. Ordin\u00e0ria: de l&#8217;1 al 16 de juny del 2026<\/span><\/span><\/li>\n<li><span dir=\"auto\" style=\"vertical-align: inherit\"><span dir=\"auto\" style=\"vertical-align: inherit\">Ex\u00e0mens Conv. Extraordin\u00e0ria: del 29 de juny a l&#8217;11 de juliol de 2026<\/span><\/span><\/li>\n<\/ul>\n<\/li>\n<\/ul>\n<p><span dir=\"auto\" style=\"vertical-align: inherit\"><span dir=\"auto\" style=\"vertical-align: inherit\">Per consultar altres dates i terminis (admissi\u00f3, matr\u00edcula, reconeixement de cr\u00e8dits, convocat\u00f2ries especials, dies no lectius, etc.) consulta l&#8217;enlla\u00e7 seg\u00fcent:<\/span><\/span><\/p>\n<ul>\n<li><a href=\"https:\/\/bbaa.umh.es\/files\/2025\/12\/Calendario-Academico-Facultad-BBAA-2025-2026.pdf\"><span dir=\"auto\" style=\"vertical-align: inherit\"><span dir=\"auto\" style=\"vertical-align: inherit\">Calendari Acad\u00e8mic Facultat BBAA 2025-2026 (.pdf <\/span><\/span><\/a><a href=\"https:\/\/bbaa.umh.es\/files\/2025\/12\/Calendario-Academico-Facultad-BBAA-2025-2026.pdf\"><span dir=\"auto\" style=\"vertical-align: inherit\"><span dir=\"auto\" style=\"vertical-align: inherit\">)<\/span><\/span><\/a><\/li>\n<\/ul>\n<h3><span dir=\"auto\" style=\"vertical-align: inherit\"><span dir=\"auto\" style=\"vertical-align: inherit\">Horaris de t\u00e8cnics especialistes, pr\u00e9stecs de material i pr\u00e0ctiques lliures:<\/span><\/span><strong><br \/>\n<\/strong><\/h3>\n<h4><span dir=\"auto\" style=\"vertical-align: inherit\"><span dir=\"auto\" style=\"vertical-align: inherit\">ESCULTURA:<\/span><\/span><\/h4>\n<ul>\n<li><span dir=\"auto\" style=\"vertical-align: inherit\"><span dir=\"auto\" style=\"vertical-align: inherit\">T\u00e8cnics:<\/span><\/span>\n<ul>\n<li><span dir=\"auto\" style=\"vertical-align: inherit\"><span dir=\"auto\" style=\"vertical-align: inherit\">Gabriel Rufete, adre\u00e7a de correu electr\u00f2nic: <\/span><\/span><a href=\"mailto:garufete@umh.es\"><span dir=\"auto\" style=\"vertical-align: inherit\"><span dir=\"auto\" style=\"vertical-align: inherit\">garufete@umh.es<\/span><\/span><\/a><\/li>\n<li><span dir=\"auto\" style=\"vertical-align: inherit\"><span dir=\"auto\" style=\"vertical-align: inherit\">Mario Romero, adre\u00e7a de correu electr\u00f2nic: <\/span><\/span><a href=\"mailto:mario.romero@umh.es\"><span dir=\"auto\" style=\"vertical-align: inherit\"><span dir=\"auto\" style=\"vertical-align: inherit\">mario.romero@umh.es<\/span><\/span><\/a><\/li>\n<\/ul>\n<\/li>\n<\/ul>\n<h4><span dir=\"auto\" style=\"vertical-align: inherit\"><span dir=\"auto\" style=\"vertical-align: inherit\">AUDIOVISUALS <\/span><\/span><strong><span dir=\"auto\" style=\"vertical-align: inherit\"><span dir=\"auto\" style=\"vertical-align: inherit\">:<\/span><\/span><\/strong><\/h4>\n<ul>\n<li><span dir=\"auto\" style=\"vertical-align: inherit\"><span dir=\"auto\" style=\"vertical-align: inherit\">T\u00e8cnics:<\/span><\/span>\n<ul>\n<li><span dir=\"auto\" style=\"vertical-align: inherit\"><span dir=\"auto\" style=\"vertical-align: inherit\">Roc Gomar, adre\u00e7a de correu electr\u00f2nic: <\/span><\/span><a href=\"mailto:rgomar@umh.es\"><span dir=\"auto\" style=\"vertical-align: inherit\"><span dir=\"auto\" style=\"vertical-align: inherit\">rgomar@umh.es<\/span><\/span><\/a><\/li>\n<li><span dir=\"auto\" style=\"vertical-align: inherit\"><span dir=\"auto\" style=\"vertical-align: inherit\">Josep Galbany, adre\u00e7a de correu electr\u00f2nic: <\/span><\/span><a href=\"mailto:jgalbany@umh.es\"><span dir=\"auto\" style=\"vertical-align: inherit\"><span dir=\"auto\" style=\"vertical-align: inherit\">jgalbany@umh.es<\/span><\/span><\/a><\/li>\n<\/ul>\n<\/li>\n<li><span dir=\"auto\" style=\"vertical-align: inherit\"><span dir=\"auto\" style=\"vertical-align: inherit\">Horaris:<\/span><\/span>\n<ul>\n<li><span dir=\"auto\" style=\"vertical-align: inherit\"><span dir=\"auto\" style=\"vertical-align: inherit\">Primer semestre: <\/span><\/span><a href=\"https:\/\/bbaa.umh.es\/files\/2024\/10\/horario-audiovisuales.pdf\" target=\"_blank\" rel=\"noopener\"><span dir=\"auto\" style=\"vertical-align: inherit\"><span dir=\"auto\" style=\"vertical-align: inherit\">horari audiovisuals (.pdf)<\/span><\/span><\/a><\/li>\n<li><span dir=\"auto\" style=\"vertical-align: inherit\"><span dir=\"auto\" style=\"vertical-align: inherit\">Segon semestre: <\/span><\/span><a href=\"https:\/\/bbaa.umh.es\/files\/2025\/02\/horario-audiovisuales-2o-semestre.pdf\"><span dir=\"auto\" style=\"vertical-align: inherit\"><span dir=\"auto\" style=\"vertical-align: inherit\">horari audiovisuals (.pdf)<\/span><\/span><\/a><\/li>\n<\/ul>\n<\/li>\n<\/ul>\n<h4><span dir=\"auto\" style=\"vertical-align: inherit\"><span dir=\"auto\" style=\"vertical-align: inherit\">PINTURA, DIBUIX I GRAVAT <\/span><\/span><strong><span dir=\"auto\" style=\"vertical-align: inherit\"><span dir=\"auto\" style=\"vertical-align: inherit\">:<\/span><\/span><\/strong><\/h4>\n<ul>\n<li><span dir=\"auto\" style=\"vertical-align: inherit\"><span dir=\"auto\" style=\"vertical-align: inherit\">T\u00e8cnica:<\/span><\/span>\n<ul>\n<li><span dir=\"auto\" style=\"vertical-align: inherit\"><span dir=\"auto\" style=\"vertical-align: inherit\">Maribel P\u00e9rez, adre\u00e7a de correu electr\u00f2nic: <\/span><\/span><a href=\"mailto:m.perez@umh.es\"><span dir=\"auto\" style=\"vertical-align: inherit\"><span dir=\"auto\" style=\"vertical-align: inherit\">m.perez@umh.es<\/span><\/span><\/a><\/li>\n<\/ul>\n<\/li>\n<li><span dir=\"auto\" style=\"vertical-align: inherit\"><span dir=\"auto\" style=\"vertical-align: inherit\">Horaris:<\/span><\/span>\n<ul>\n<li><span dir=\"auto\" style=\"vertical-align: inherit\"><span dir=\"auto\" style=\"vertical-align: inherit\">Pintura, Dibuix i Gravat:<\/span><\/span>\n<ul>\n<li><span dir=\"auto\" style=\"vertical-align: inherit\"><span dir=\"auto\" style=\"vertical-align: inherit\">Primer semestre: <\/span><\/span><a href=\"https:\/\/bbaa.umh.es\/files\/2025\/09\/HORARIO-1er-semestre-25-26-PRACTICAS-LIBRES-PINTURA-GRABADO.pdf\" target=\"_blank\" rel=\"noopener\"><span dir=\"auto\" style=\"vertical-align: inherit\"><span dir=\"auto\" style=\"vertical-align: inherit\">horari (.pdf)<\/span><\/span><\/a><\/li>\n<li><span dir=\"auto\" style=\"vertical-align: inherit\"><span dir=\"auto\" style=\"vertical-align: inherit\">Segon semestre: <\/span><\/span><a href=\"https:\/\/bbaa.umh.es\/files\/2025\/09\/HORARIO-2o-semestre-25-26-PRACTICAS-LIBRES-PINTURA-GRABADO.pdf\" target=\"_blank\" rel=\"noopener\"><span dir=\"auto\" style=\"vertical-align: inherit\"><span dir=\"auto\" style=\"vertical-align: inherit\">horari (.pdf)<\/span><\/span><\/a><\/li>\n<\/ul>\n<\/li>\n<\/ul>\n<\/li>\n<\/ul>\n<h4><span dir=\"auto\" style=\"vertical-align: inherit\"><span dir=\"auto\" style=\"vertical-align: inherit\">Pr\u00e9stec de material:<\/span><\/span><\/h4>\n<ul>\n<li><span dir=\"auto\" style=\"vertical-align: inherit\"><span dir=\"auto\" style=\"vertical-align: inherit\">S&#8217;han de respectar els horaris especificats.<\/span><\/span><\/li>\n<li><span dir=\"auto\" style=\"vertical-align: inherit\"><span dir=\"auto\" style=\"vertical-align: inherit\">Hi ha una normativa que regula les penalitzacions per devoluci\u00f3 fora de termini o amb desperfectes:<\/span><\/span>\n<ul>\n<li><strong><a href=\"https:\/\/bbaa.umh.es\/files\/2015\/09\/REGLAMENTO-INFRAESTRUCTURAS-V.JUNIO2015-3.2.pdf\" target=\"_blank\" rel=\"noopener noreferrer\"><span dir=\"auto\" style=\"vertical-align: inherit\"><span dir=\"auto\" style=\"vertical-align: inherit\">Reglament per a l&#8217;\u00fas d&#8217;infraestructura docents a la Facultat de Belles Arts.<\/span><\/span><\/a><\/strong><\/li>\n<\/ul>\n<\/li>\n<\/ul>\n<h4><span dir=\"auto\" style=\"vertical-align: inherit\"><span dir=\"auto\" style=\"vertical-align: inherit\">Horaris de l\u00b4Aula d\u00b4Infografia. Edifici Albir (acc\u00e9s lliure):<\/span><\/span><\/h4>\n<ul>\n<li><span dir=\"auto\" style=\"vertical-align: inherit\"><span dir=\"auto\" style=\"vertical-align: inherit\">De dilluns a divendres, de 9:00 ha 21:00 h. (subjecte a disponibilitat per doc\u00e8ncia destudis oficials).<\/span><\/span><\/li>\n<li><span dir=\"auto\" style=\"vertical-align: inherit\"><span dir=\"auto\" style=\"vertical-align: inherit\">Dissabtes de 9:00 ha 13:00 h.<\/span><\/span><\/li>\n<\/ul>\n<h4><span dir=\"auto\" style=\"vertical-align: inherit\"><span dir=\"auto\" style=\"vertical-align: inherit\">\u00das de tallers al juny i juliol:<\/span><\/span><\/h4>\n<ul>\n<li><span dir=\"auto\" style=\"vertical-align: inherit\"><span dir=\"auto\" style=\"vertical-align: inherit\">Durant el juny els tallers estaran a disposici\u00f3 dels alumnes que estiguin fent treballs per als lliuraments del quadrimestre. Els alumnes que necessitin dels tallers per al desenvolupament dels seus projectes o treballs hauran de presentar una sol\u00b7licitud de perm\u00eds amb la signatura del professor responsable de la tasca o el projecte.<\/span><\/span><\/li>\n<li><span dir=\"auto\" style=\"vertical-align: inherit\"><span dir=\"auto\" style=\"vertical-align: inherit\">1a Quinzena de juliol \u00fas amb sol\u00b7licitud de perm\u00eds i signatura del professor responsable de l&#8217;activitat o projecte.<\/span><\/span><\/li>\n<li><span dir=\"auto\" style=\"vertical-align: inherit\"><span dir=\"auto\" style=\"vertical-align: inherit\">2a Quinzena de juliol els tallers estaran fora de servei per tasques de manteniment i neteja per al seg\u00fcent curs.<\/span><\/span><\/li>\n<\/ul>\n<p><span dir=\"auto\" style=\"vertical-align: inherit\"><span dir=\"auto\" style=\"vertical-align: inherit\">Totes les sol\u00b7licituds han d&#8217;estar signades per Deganat: <\/span><\/span><a href=\"https:\/\/bbaa.umh.es\/recursos-del-estudiante\/solicitudes-y-normativas\/\"><span dir=\"auto\" style=\"vertical-align: inherit\"><span dir=\"auto\" style=\"vertical-align: inherit\">Acc\u00e9s a la p\u00e0gina web de sol\u00b7licituds i normatives del centre.<\/span><\/span><\/a><\/p>\n<h4><span dir=\"auto\" style=\"vertical-align: inherit\"><span dir=\"auto\" style=\"vertical-align: inherit\">\u00das de tallers al gener i febrer:<\/span><\/span><\/h4>\n<ul>\n<li><span dir=\"auto\" style=\"vertical-align: inherit\"><span dir=\"auto\" style=\"vertical-align: inherit\">Despr\u00e9s del per\u00edode d&#8217;ex\u00e0mens, \u00fas amb sol\u00b7licitud de perm\u00eds i signatura del professor responsable de l&#8217;activitat i el projecte. Els tallers poden estar fora de servei de manera temporal per tasques de manteniment i preparaci\u00f3 del segon quadrimestre.<\/span><\/span><\/li>\n<\/ul>\n<p><span dir=\"auto\" style=\"vertical-align: inherit\"><span dir=\"auto\" style=\"vertical-align: inherit\">Totes les sol\u00b7licituds han d&#8217;estar signades per Deganat: <\/span><\/span><a href=\"https:\/\/bbaa.umh.es\/recursos-del-estudiante\/solicitudes-y-normativas\/\"><span dir=\"auto\" style=\"vertical-align: inherit\"><span dir=\"auto\" style=\"vertical-align: inherit\">Acc\u00e9s a la p\u00e0gina web de sol\u00b7licituds i normatives del centre.<\/span><\/span><\/a><\/p>","protected":false},"excerpt":{"rendered":"<p>Horaris i Calendari Acad\u00e8mic del curs 2025-2026:<\/p>\n<p>Horari Curs 2025-2026<br \/>\nHorari Ex\u00e0mens Curs 2025-2026 (S&#8217;informa que pot sorgir la necessitat de fer variacions en les dates fixades per a la realitzaci\u00f3 dels ex\u00e0mens)<\/p>\n<p>A continuaci\u00f3, s&#8217;indica el per\u00edode lectiu i d&#8217;ex\u00e0mens de primer i segon semestre:<\/p>\n<p>PRIMER SEMESTRE :<\/p>\n<p>Classes: del 8 de setembre al 22 de desembre del 2025<br \/>\nEx\u00e0mens [&#8230;]<\/p>\n","protected":false},"author":202,"featured_media":0,"parent":29,"menu_order":2,"comment_status":"closed","ping_status":"open","template":"","meta":{"ngg_post_thumbnail":0,"_links_to":"","_links_to_target":""},"_links":{"self":[{"href":"https:\/\/bbaa.umh.es\/ca\/wp-json\/wp\/v2\/pages\/83"}],"collection":[{"href":"https:\/\/bbaa.umh.es\/ca\/wp-json\/wp\/v2\/pages"}],"about":[{"href":"https:\/\/bbaa.umh.es\/ca\/wp-json\/wp\/v2\/types\/page"}],"author":[{"embeddable":true,"href":"https:\/\/bbaa.umh.es\/ca\/wp-json\/wp\/v2\/users\/202"}],"replies":[{"embeddable":true,"href":"https:\/\/bbaa.umh.es\/ca\/wp-json\/wp\/v2\/comments?post=83"}],"version-history":[{"count":0,"href":"https:\/\/bbaa.umh.es\/ca\/wp-json\/wp\/v2\/pages\/83\/revisions"}],"up":[{"embeddable":true,"href":"https:\/\/bbaa.umh.es\/ca\/wp-json\/wp\/v2\/pages\/29"}],"wp:attachment":[{"href":"https:\/\/bbaa.umh.es\/ca\/wp-json\/wp\/v2\/media?parent=83"}],"curies":[{"name":"wp","href":"https:\/\/api.w.org\/{rel}","templated":true}]}}