{"id":8103,"date":"2021-06-28T09:57:24","date_gmt":"2021-06-28T07:57:24","guid":{"rendered":"https:\/\/bbaa.umh.es\/?page_id=8103"},"modified":"2026-02-19T10:12:03","modified_gmt":"2026-02-19T09:12:03","slug":"estudiantes","status":"publish","type":"page","link":"https:\/\/bbaa.umh.es\/ca\/estudiantes\/","title":{"rendered":"Estudiants"},"content":{"rendered":"<p><\/p>\n<ul>\n<li><strong><span dir=\"auto\" style=\"vertical-align: inherit\"><span dir=\"auto\" style=\"vertical-align: inherit\">Delegaci\u00f3 d&#8217;estudiants<\/span><\/span><\/strong><span dir=\"auto\" style=\"vertical-align: inherit\"><span dir=\"auto\" style=\"vertical-align: inherit\"> de la Facultat de Belles Arts<\/span><\/span>\n<ul>\n<li><a href=\"https:\/\/bbaa.umh.es\/estudiantes\/delegacion-estudiantes\/\"><span dir=\"auto\" style=\"vertical-align: inherit\"><span dir=\"auto\" style=\"vertical-align: inherit\">Enlla\u00e7 a la p\u00e0gina de delegaci\u00f3 d&#8217;estudiants<\/span><\/span><\/a><\/li>\n<\/ul>\n<\/li>\n<li><strong><span dir=\"auto\" style=\"vertical-align: inherit\"><span dir=\"auto\" style=\"vertical-align: inherit\">Atenci\u00f3 als estudiants<\/span><\/span><\/strong><span dir=\"auto\" style=\"vertical-align: inherit\"><span dir=\"auto\" style=\"vertical-align: inherit\"> amb necessitats especials<\/span><\/span>\n<ul>\n<li><a href=\"https:\/\/bbaa.umh.es\/estudiantes\/atencion-al-estudiante-de-bellas-artes-con-discapacidad\/\"><span dir=\"auto\" style=\"vertical-align: inherit\"><span dir=\"auto\" style=\"vertical-align: inherit\">Atenci\u00f3 a l&#8217;estudiant<\/span><\/span><\/a><\/li>\n<\/ul>\n<\/li>\n<li><strong><span dir=\"auto\" style=\"vertical-align: inherit\"><span dir=\"auto\" style=\"vertical-align: inherit\">Beques<\/span><\/span><\/strong>\n<ul>\n<li><a href=\"https:\/\/bbaa.umh.es\/becas\/continuitas\/\"><span dir=\"auto\" style=\"vertical-align: inherit\"><span dir=\"auto\" style=\"vertical-align: inherit\">Programa Llic\u00e8ncia Continu\u00eftes<\/span><\/span><\/a><span dir=\"auto\" style=\"vertical-align: inherit\"><span dir=\"auto\" style=\"vertical-align: inherit\"> , l&#8217;objecte del qual \u00e9s mantenir el contacte amb el seu estudiantat egressat, donar suport a la seva carrera art\u00edstica professional i facilitar la seva producci\u00f3 actual, oferint als qui participin al programa la possibilitat de treballar als tallers de la Facultat de Belles Arts.<\/span><\/span><\/li>\n<li><a href=\"https:\/\/bbaa.umh.es\/estudiantes\/becas\/beca-mordida\/\"><span dir=\"auto\" style=\"vertical-align: inherit\"><span dir=\"auto\" style=\"vertical-align: inherit\">Beca MOSSEGA<\/span><\/span><\/a><span dir=\"auto\" style=\"vertical-align: inherit\"><span dir=\"auto\" style=\"vertical-align: inherit\"> . Beca de Producci\u00f3 d\u00b4Obra Gr\u00e0fica.<\/span><\/span><\/li>\n<li><a href=\"https:\/\/bbaa.umh.es\/estudiantes\/becas\/beca-boomerang\/\"><span dir=\"auto\" style=\"vertical-align: inherit\"><span dir=\"auto\" style=\"vertical-align: inherit\">Beca Boomerang<\/span><\/span><\/a><span dir=\"auto\" style=\"vertical-align: inherit\"><span dir=\"auto\" style=\"vertical-align: inherit\"> . Beca de producci\u00f3 art\u00edstica d&#8217;antics i antigues estudiants de la Facultat de Belles Arts d&#8217;Altea.<\/span><\/span><\/li>\n<\/ul>\n<\/li>\n<\/ul>\n<p><\/p>","protected":false},"excerpt":{"rendered":"<p>Delegaci\u00f3 d&#8217;estudiants de la Facultat de Belles Arts<\/p>\n<p>Enlla\u00e7 a la p\u00e0gina de delegaci\u00f3 d&#8217;estudiants<\/p>\n<p>Atenci\u00f3 als estudiants amb necessitats especials<\/p>\n<p>Atenci\u00f3 a l&#8217;estudiant<\/p>\n<p>Beques<\/p>\n<p>Programa Llic\u00e8ncia Continu\u00eftes , l&#8217;objecte del qual \u00e9s mantenir el contacte amb el seu estudiantat egressat, donar suport a la seva carrera art\u00edstica professional i facilitar la seva producci\u00f3 actual, oferint als qui participin al [&#8230;]<\/p>\n","protected":false},"author":1085,"featured_media":0,"parent":0,"menu_order":45,"comment_status":"closed","ping_status":"closed","template":"","meta":{"ngg_post_thumbnail":0,"_links_to":"","_links_to_target":""},"_links":{"self":[{"href":"https:\/\/bbaa.umh.es\/ca\/wp-json\/wp\/v2\/pages\/8103"}],"collection":[{"href":"https:\/\/bbaa.umh.es\/ca\/wp-json\/wp\/v2\/pages"}],"about":[{"href":"https:\/\/bbaa.umh.es\/ca\/wp-json\/wp\/v2\/types\/page"}],"author":[{"embeddable":true,"href":"https:\/\/bbaa.umh.es\/ca\/wp-json\/wp\/v2\/users\/1085"}],"replies":[{"embeddable":true,"href":"https:\/\/bbaa.umh.es\/ca\/wp-json\/wp\/v2\/comments?post=8103"}],"version-history":[{"count":0,"href":"https:\/\/bbaa.umh.es\/ca\/wp-json\/wp\/v2\/pages\/8103\/revisions"}],"wp:attachment":[{"href":"https:\/\/bbaa.umh.es\/ca\/wp-json\/wp\/v2\/media?parent=8103"}],"curies":[{"name":"wp","href":"https:\/\/api.w.org\/{rel}","templated":true}]}}