{"id":7488,"date":"2021-02-01T20:20:54","date_gmt":"2021-02-01T19:20:54","guid":{"rendered":"https:\/\/bbaa.umh.es\/?page_id=7488"},"modified":"2026-02-18T09:37:36","modified_gmt":"2026-02-18T08:37:36","slug":"difusion","status":"publish","type":"page","link":"https:\/\/bbaa.umh.es\/ca\/presentacion\/solicitudes-y-normativas\/difusion\/","title":{"rendered":"Plantilla per publicar a les plataformes del Campus d&#8217;Altea"},"content":{"rendered":"<p><strong><span dir=\"auto\" style=\"vertical-align: inherit\"><span dir=\"auto\" style=\"vertical-align: inherit\">Difusi\u00f3 en plataformes del Campus d&#8217;Altea<\/span><\/span><\/strong><\/p>\n<p><span dir=\"auto\" style=\"vertical-align: inherit\"><span dir=\"auto\" style=\"vertical-align: inherit\">Procediment:<\/span><\/span><\/p>\n<p><span dir=\"auto\" style=\"vertical-align: inherit\"><span dir=\"auto\" style=\"vertical-align: inherit\">Habilitem aquesta p\u00e0gina perqu\u00e8 tingueu la plantilla necess\u00e0ria per publicar activitats relacionades amb la investigaci\u00f3 i la doc\u00e8ncia del Campus i dels seus integrants.<\/span><\/span><\/p>\n<p><span dir=\"auto\" style=\"vertical-align: inherit\"><span dir=\"auto\" style=\"vertical-align: inherit\">Per aix\u00f2 s&#8217;ofereix a continuaci\u00f3 la plantilla que haureu d&#8217;emplenar, perqu\u00e8 puguem bolcar la informaci\u00f3 a les plataformes de difusi\u00f3 del Campus, com el bloc, web, xarxes&#8230;<\/span><\/span><\/p>\n<p><span dir=\"auto\" style=\"vertical-align: inherit\"><span dir=\"auto\" style=\"vertical-align: inherit\">Animeu-vos a compartir les vostres experi\u00e8ncies perqu\u00e8 \u00e9s una bona forma de promocionar el fant\u00e0stic equip de professionals que componen el Centre.<\/span><\/span><\/p>\n<p><a href=\"https:\/\/bbaa.umh.es\/files\/2021\/02\/Ficha-tipo-para-difusio\u0301n-en-plataformas-del-Campus-Altea-1.docx\"><span dir=\"auto\" style=\"vertical-align: inherit\"><span dir=\"auto\" style=\"vertical-align: inherit\">Fitxa tipus per a difusi\u00f3 en plataformes del Campus Altea<\/span><\/span><\/a><\/p>\n<p><span dir=\"auto\" style=\"vertical-align: inherit\"><span dir=\"auto\" style=\"vertical-align: inherit\">Un cop emplenada la plantilla heu d&#8217;enviar-la al correu:<\/span><\/span><\/p>\n<p><span dir=\"auto\" style=\"vertical-align: inherit\"><span dir=\"auto\" style=\"vertical-align: inherit\">facultat.bellasartes@umh.es<\/span><\/span><\/p>\n<p><span dir=\"auto\" style=\"vertical-align: inherit\"><span dir=\"auto\" style=\"vertical-align: inherit\">Ha d&#8217;apar\u00e8ixer a l&#8217;assumpte del mail: Difusi\u00f3 (i el t\u00edtol de l&#8217;esdeveniment).<\/span><\/span><\/p>\n<p><span dir=\"auto\" style=\"vertical-align: inherit\"><span dir=\"auto\" style=\"vertical-align: inherit\">Per a la publicaci\u00f3 correcta en temps es recomana l&#8217;enviament amb una setmana d&#8217;antelaci\u00f3 a l&#8217;inici de l&#8217;esdeveniment.<\/span><\/span><\/p>\n<p><span dir=\"auto\" style=\"vertical-align: inherit\"><span dir=\"auto\" style=\"vertical-align: inherit\">Gr\u00e0cies per la vostra col\u00b7laboraci\u00f3.<\/span><\/span><\/p>","protected":false},"excerpt":{"rendered":"<p>Difusi\u00f3 en plataformes del Campus d&#8217;Altea<br \/>\nProcediment:<br \/>\nHabilitem aquesta p\u00e0gina perqu\u00e8 tingueu la plantilla necess\u00e0ria per publicar activitats relacionades amb la investigaci\u00f3 i la doc\u00e8ncia del Campus i dels seus integrants.<br \/>\nPer aix\u00f2 s&#8217;ofereix a continuaci\u00f3 la plantilla que haureu d&#8217;emplenar, perqu\u00e8 puguem bolcar la informaci\u00f3 a les plataformes de difusi\u00f3 del Campus, com el bloc, web, xarxes&#8230;<br \/>\nAnimeu-vos [&#8230;]<\/p>\n","protected":false},"author":767,"featured_media":0,"parent":84,"menu_order":16,"comment_status":"closed","ping_status":"closed","template":"","meta":{"ngg_post_thumbnail":0,"_links_to":"","_links_to_target":""},"_links":{"self":[{"href":"https:\/\/bbaa.umh.es\/ca\/wp-json\/wp\/v2\/pages\/7488"}],"collection":[{"href":"https:\/\/bbaa.umh.es\/ca\/wp-json\/wp\/v2\/pages"}],"about":[{"href":"https:\/\/bbaa.umh.es\/ca\/wp-json\/wp\/v2\/types\/page"}],"author":[{"embeddable":true,"href":"https:\/\/bbaa.umh.es\/ca\/wp-json\/wp\/v2\/users\/767"}],"replies":[{"embeddable":true,"href":"https:\/\/bbaa.umh.es\/ca\/wp-json\/wp\/v2\/comments?post=7488"}],"version-history":[{"count":0,"href":"https:\/\/bbaa.umh.es\/ca\/wp-json\/wp\/v2\/pages\/7488\/revisions"}],"up":[{"embeddable":true,"href":"https:\/\/bbaa.umh.es\/ca\/wp-json\/wp\/v2\/pages\/84"}],"wp:attachment":[{"href":"https:\/\/bbaa.umh.es\/ca\/wp-json\/wp\/v2\/media?parent=7488"}],"curies":[{"name":"wp","href":"https:\/\/api.w.org\/{rel}","templated":true}]}}