{"id":4910,"date":"2018-07-26T08:59:48","date_gmt":"2018-07-26T06:59:48","guid":{"rendered":"http:\/\/bbaa.umh.es\/?page_id=4910"},"modified":"2026-02-19T10:14:00","modified_gmt":"2026-02-19T09:14:00","slug":"atencion-al-estudiante-de-bellas-artes-con-discapacidad","status":"publish","type":"page","link":"https:\/\/bbaa.umh.es\/ca\/estudiantes\/atencion-al-estudiante-de-bellas-artes-con-discapacidad\/","title":{"rendered":"Atenci\u00f3 als estudiants amb necessitats especials"},"content":{"rendered":"<p><span dir=\"auto\" style=\"vertical-align: inherit\"><span dir=\"auto\" style=\"vertical-align: inherit\">La Universitat Miguel Hern\u00e1ndez d&#8217;Elx (UMH) t\u00e9 com a un dels seus objectius prioritaris el comprom\u00eds de garantir la igualtat d&#8217;oportunitats entre l&#8217;estudiantat, adquirint una rellev\u00e0ncia especial en aquelles persones amb diversitat funcional, apostant per la inclusi\u00f3.<\/span><\/span><\/p>\n<p><span dir=\"auto\" style=\"vertical-align: inherit\"><span dir=\"auto\" style=\"vertical-align: inherit\">Els canvis actuals en l&#8217;estructura dels estudis universitaris, la diversitat funcional del nostre alumnat, les seves necessitats personals i les necessitats socials han generat noves demandes, i la UMH se n&#8217;ha fet ress\u00f2 a trav\u00e9s de la seva Normativa per a la Inclusi\u00f3 de les Persones amb Discapacitat, aprovada pel Consell de Govern de 29 de maig de 2020: <\/span><\/span><a href=\"https:\/\/boumh.umh.es\/files\/2020\/06\/ES_U05500001_2020_EXP_000000000000000000000000016744-10.pdf\" target=\"_blank\" rel=\"noopener noreferrer\"><span dir=\"auto\" style=\"vertical-align: inherit\"><span dir=\"auto\" style=\"vertical-align: inherit\">descarregar Normativa (pdf<\/span><\/span><\/a><span dir=\"auto\" style=\"vertical-align: inherit\"><span dir=\"auto\" style=\"vertical-align: inherit\"> )<\/span><\/span><\/p>\n<p><span dir=\"auto\" style=\"vertical-align: inherit\"><span dir=\"auto\" style=\"vertical-align: inherit\">En aquest sentit, la Facultat de Belles Arts d&#8217;Altea posa a la vostra disposici\u00f3 l&#8217;atenci\u00f3 personalitzada de l&#8217;alumnat amb discapacitat que ho requereixi, mitjan\u00e7ant el Vicedeg\u00e0 de Projecci\u00f3 de Grau en Belles Arts, la professora Bibiana S\u00e1nchez. Adre\u00e7a de correu electr\u00f2nic: bibiana.sancheza@umh.es.<\/span><\/span><\/p>\n<p align=\"center\"><span dir=\"auto\" style=\"vertical-align: inherit\"><span dir=\"auto\" style=\"vertical-align: inherit\">APOSTEM PER LA INCLUSI\u00d3 <\/span><\/span><br \/>\n<span dir=\"auto\" style=\"vertical-align: inherit\"><span dir=\"auto\" style=\"vertical-align: inherit\">Universitat Miguel Hern\u00e1ndez d&#8217;Elx <\/span><\/span><br \/>\n<span dir=\"auto\" style=\"vertical-align: inherit\"><span dir=\"auto\" style=\"vertical-align: inherit\">M\u00e9s informaci\u00f3 a la Web: <\/span><\/span><br \/>\n<a href=\"https:\/\/atenciondiscapacidad.umh.es\" target=\"_blank\" rel=\"noopener noreferrer\"><span dir=\"auto\" style=\"vertical-align: inherit\"><span dir=\"auto\" style=\"vertical-align: inherit\">Atenci\u00f3 a l&#8217;estudiant amb discapacitat<\/span><\/span><\/a><span dir=\"auto\" style=\"vertical-align: inherit\"><span dir=\"auto\" style=\"vertical-align: inherit\"> .<\/span><\/span><\/p>\n<p><\/p>","protected":false},"excerpt":{"rendered":"<p>La Universitat Miguel Hern\u00e1ndez d&#8217;Elx (UMH) t\u00e9 com a un dels seus objectius prioritaris el comprom\u00eds de garantir la igualtat d&#8217;oportunitats entre l&#8217;estudiantat, adquirint una rellev\u00e0ncia especial en aquelles persones amb diversitat funcional, apostant per la inclusi\u00f3.<br \/>\nEls canvis actuals en l&#8217;estructura dels estudis universitaris, la diversitat funcional del nostre alumnat, les seves necessitats personals i [&#8230;]<\/p>\n","protected":false},"author":3285,"featured_media":0,"parent":8103,"menu_order":2,"comment_status":"closed","ping_status":"closed","template":"","meta":{"ngg_post_thumbnail":0,"_links_to":"","_links_to_target":""},"_links":{"self":[{"href":"https:\/\/bbaa.umh.es\/ca\/wp-json\/wp\/v2\/pages\/4910"}],"collection":[{"href":"https:\/\/bbaa.umh.es\/ca\/wp-json\/wp\/v2\/pages"}],"about":[{"href":"https:\/\/bbaa.umh.es\/ca\/wp-json\/wp\/v2\/types\/page"}],"author":[{"embeddable":true,"href":"https:\/\/bbaa.umh.es\/ca\/wp-json\/wp\/v2\/users\/3285"}],"replies":[{"embeddable":true,"href":"https:\/\/bbaa.umh.es\/ca\/wp-json\/wp\/v2\/comments?post=4910"}],"version-history":[{"count":0,"href":"https:\/\/bbaa.umh.es\/ca\/wp-json\/wp\/v2\/pages\/4910\/revisions"}],"up":[{"embeddable":true,"href":"https:\/\/bbaa.umh.es\/ca\/wp-json\/wp\/v2\/pages\/8103"}],"wp:attachment":[{"href":"https:\/\/bbaa.umh.es\/ca\/wp-json\/wp\/v2\/media?parent=4910"}],"curies":[{"name":"wp","href":"https:\/\/api.w.org\/{rel}","templated":true}]}}