{"id":38,"date":"2018-09-22T16:57:35","date_gmt":"2018-09-22T14:57:35","guid":{"rendered":"http:\/\/bbaa.umh.es\/estudios\/movilidad\/"},"modified":"2026-02-19T10:21:59","modified_gmt":"2026-02-19T09:21:59","slug":"movilidad","status":"publish","type":"page","link":"https:\/\/bbaa.umh.es\/ca\/movilidad\/","title":{"rendered":"Internacional"},"content":{"rendered":"<p><span dir=\"auto\" style=\"vertical-align: inherit\"><span dir=\"auto\" style=\"vertical-align: inherit\">El&nbsp; <\/span><\/span><strong><span dir=\"auto\" style=\"vertical-align: inherit\"><span dir=\"auto\" style=\"vertical-align: inherit\">Servei de Relacions Internacionals, Cooperaci\u00f3 al Desenvolupament i Voluntariat<\/span><\/span><\/strong><span dir=\"auto\" style=\"vertical-align: inherit\"><span dir=\"auto\" style=\"vertical-align: inherit\"> gestiona les pol\u00edtiques i les estrat\u00e8gies internacionals marcades per la Universitat Miguel Hern\u00e1ndez d&#8217;Elx (UMH) per enfortir i ampliar la seva pres\u00e8ncia internacional. A m\u00e9s, aquesta unitat \u00e9s responsable de la mobilitat d&#8217;estudiants, professors i personal i ofereix suport ling\u00fc\u00edstic a la comunitat universit\u00e0ria. Tamb\u00e9 promou la realitzaci\u00f3 daccions solid\u00e0ries a trav\u00e9s de l\u00c0rea de Cooperaci\u00f3 al Desenvolupament i Voluntariat.<\/span><\/span><\/p>\n<p><span dir=\"auto\" style=\"vertical-align: inherit\"><span dir=\"auto\" style=\"vertical-align: inherit\">Per a m\u00e9s informaci\u00f3 visita la p\u00e0gina web: <\/span><\/span><a href=\"https:\/\/internacional.umh.es\/\"><span dir=\"auto\" style=\"vertical-align: inherit\"><span dir=\"auto\" style=\"vertical-align: inherit\">internacional.umh.es<\/span><\/span><\/a><\/p>\n<p><span dir=\"auto\" style=\"vertical-align: inherit\"><span dir=\"auto\" style=\"vertical-align: inherit\">La Facultat de Belles Arts d&#8217;Altea realitza les funcions seg\u00fcents:<\/span><\/span><\/p>\n<ul>\n<li><span dir=\"auto\" style=\"vertical-align: inherit\"><span dir=\"auto\" style=\"vertical-align: inherit\">Tutoritzaci\u00f3 dels acords acad\u00e8mics de mobilitat dels estudiants <\/span><\/span><em><span dir=\"auto\" style=\"vertical-align: inherit\"><span dir=\"auto\" style=\"vertical-align: inherit\">outgoing<\/span><\/span><\/em><span dir=\"auto\" style=\"vertical-align: inherit\"><span dir=\"auto\" style=\"vertical-align: inherit\"> .<\/span><\/span><\/li>\n<li><span dir=\"auto\" style=\"vertical-align: inherit\"><span dir=\"auto\" style=\"vertical-align: inherit\">Supervisi\u00f3 i aprovaci\u00f3 dels acords acad\u00e8mics de mobilitat.<\/span><\/span><\/li>\n<li><span dir=\"auto\" style=\"vertical-align: inherit\"><span dir=\"auto\" style=\"vertical-align: inherit\">Atenci\u00f3 a l&#8217;estudiant <\/span><\/span><em><span dir=\"auto\" style=\"vertical-align: inherit\"><span dir=\"auto\" style=\"vertical-align: inherit\">incomming<\/span><\/span><\/em><span dir=\"auto\" style=\"vertical-align: inherit\"><span dir=\"auto\" style=\"vertical-align: inherit\"> .<\/span><\/span><\/li>\n<\/ul>\n<p><span dir=\"auto\" style=\"vertical-align: inherit\"><span dir=\"auto\" style=\"vertical-align: inherit\">Responsable a Facultat de Belles Arts Altea: Prof. Elia Torrecilla:<\/span><\/span><\/p>\n<ul>\n<li><span dir=\"auto\" style=\"vertical-align: inherit\"><span dir=\"auto\" style=\"vertical-align: inherit\">Atenci\u00f3 pr\u00e8via petici\u00f3 de cita al correu electr\u00f2nic: <\/span><\/span><a href=\"mailto:etorrecilla@umh.es\"><span dir=\"auto\" style=\"vertical-align: inherit\"><span dir=\"auto\" style=\"vertical-align: inherit\">etorrecilla@umh.es<\/span><\/span><\/a><span dir=\"auto\" style=\"vertical-align: inherit\"><span dir=\"auto\" style=\"vertical-align: inherit\"> .<\/span><\/span><\/li>\n<\/ul>\n<p><span dir=\"auto\" style=\"vertical-align: inherit\"><span dir=\"auto\" style=\"vertical-align: inherit\">Qualsevol consulta sobre temes de mobilitat ha de remetre&#8217;s al correu electr\u00f2nic: <\/span><\/span><a href=\"mailto:movilidad@umh.es\"><span dir=\"auto\" style=\"vertical-align: inherit\"><span dir=\"auto\" style=\"vertical-align: inherit\">movilidad@umh.es<\/span><\/span><\/a><\/p>","protected":false},"excerpt":{"rendered":"<p>El&nbsp; Servei de Relacions Internacionals, Cooperaci\u00f3 al Desenvolupament i Voluntariat gestiona les pol\u00edtiques i les estrat\u00e8gies internacionals marcades per la Universitat Miguel Hern\u00e1ndez d&#8217;Elx (UMH) per enfortir i ampliar la seva pres\u00e8ncia internacional. A m\u00e9s, aquesta unitat \u00e9s responsable de la mobilitat d&#8217;estudiants, professors i personal i ofereix suport ling\u00fc\u00edstic a la comunitat universit\u00e0ria. Tamb\u00e9 [&#8230;]<\/p>\n","protected":false},"author":201,"featured_media":0,"parent":0,"menu_order":99,"comment_status":"closed","ping_status":"open","template":"","meta":{"ngg_post_thumbnail":0,"_links_to":"","_links_to_target":""},"_links":{"self":[{"href":"https:\/\/bbaa.umh.es\/ca\/wp-json\/wp\/v2\/pages\/38"}],"collection":[{"href":"https:\/\/bbaa.umh.es\/ca\/wp-json\/wp\/v2\/pages"}],"about":[{"href":"https:\/\/bbaa.umh.es\/ca\/wp-json\/wp\/v2\/types\/page"}],"author":[{"embeddable":true,"href":"https:\/\/bbaa.umh.es\/ca\/wp-json\/wp\/v2\/users\/201"}],"replies":[{"embeddable":true,"href":"https:\/\/bbaa.umh.es\/ca\/wp-json\/wp\/v2\/comments?post=38"}],"version-history":[{"count":0,"href":"https:\/\/bbaa.umh.es\/ca\/wp-json\/wp\/v2\/pages\/38\/revisions"}],"wp:attachment":[{"href":"https:\/\/bbaa.umh.es\/ca\/wp-json\/wp\/v2\/media?parent=38"}],"curies":[{"name":"wp","href":"https:\/\/api.w.org\/{rel}","templated":true}]}}