{"id":29,"date":"2020-09-25T08:23:09","date_gmt":"2020-09-25T06:23:09","guid":{"rendered":"http:\/\/bbaa.umh.es\/estudiantes\/recursos-del-estudiante\/"},"modified":"2026-02-19T09:10:45","modified_gmt":"2026-02-19T08:10:45","slug":"grado","status":"publish","type":"page","link":"https:\/\/bbaa.umh.es\/ca\/grado\/","title":{"rendered":"Grau Belles Arts"},"content":{"rendered":"<p><\/p>\n<ul>\n<li><strong><span dir=\"auto\" style=\"vertical-align: inherit\"><span dir=\"auto\" style=\"vertical-align: inherit\">Programa d&#8217;Ajuda a la compra de Materials<\/span><\/span><\/strong><span dir=\"auto\" style=\"vertical-align: inherit\"><span dir=\"auto\" style=\"vertical-align: inherit\"> El Campus d&#8217;Altea es complau a presentar l&#8217;Altea Programa d&#8217;Ajuda a la compra de Materials (MAPA), una iniciativa \u00fanica a Espanya i pionera als estudis de Belles Arts, dissenyada per donar suport a l&#8217;estudiantat de nou ingr\u00e9s al seu cam\u00ed creatiu. Per a m\u00e9s informaci\u00f3 consulteu l&#8217;enlla\u00e7 seg\u00fcent:<\/span><\/span>\n<ul>\n<li><a href=\"https:\/\/bbaa.umh.es\/grado\/programa-de-ayuda-a-la-compra-de-materiales\/\" target=\"_blank\" rel=\"noopener\"><span dir=\"auto\" style=\"vertical-align: inherit\"><span dir=\"auto\" style=\"vertical-align: inherit\">Altea Programa d&#8217;Ajuda a la compra de Materials (MAPA)<\/span><\/span><\/a><\/li>\n<\/ul>\n<\/li>\n<li><strong><span dir=\"auto\" style=\"vertical-align: inherit\"><span dir=\"auto\" style=\"vertical-align: inherit\">Pla d&#8217;estudis<\/span><\/span><\/strong><span dir=\"auto\" style=\"vertical-align: inherit\"><span dir=\"auto\" style=\"vertical-align: inherit\"> del grau en Belles Arts<\/span><\/span>\n<ul>\n<li><a href=\"https:\/\/bbaa.umh.es\/recursos-del-estudiante\/estudios\/\"><strong><span dir=\"auto\" style=\"vertical-align: inherit\"><span dir=\"auto\" style=\"vertical-align: inherit\">Assignatures i mencions del grau<\/span><\/span><\/strong><\/a>\n<ul>\n<li><span dir=\"auto\" style=\"vertical-align: inherit\"><span dir=\"auto\" style=\"vertical-align: inherit\">El Grau de Belles Arts contempla dues mencions, Arts Visuals i Arts Pl\u00e0stiques, l&#8217;elecci\u00f3 d&#8217;una de les dues mencions es fa a tercer curs. Les places de cada itinerari estan limitades sent el criteri per a la prioritat d&#8217;elecci\u00f3, tenir menor nombre de cr\u00e8dits restants per concloure el grau i tenir m\u00e9s nota mitjana d&#8217;expedient acad\u00e8mic.<\/span><\/span><\/li>\n<\/ul>\n<\/li>\n<\/ul>\n<\/li>\n<li><strong><span dir=\"auto\" style=\"vertical-align: inherit\"><span dir=\"auto\" style=\"vertical-align: inherit\">Horaris<\/span><\/span><\/strong><span dir=\"auto\" style=\"vertical-align: inherit\"><span dir=\"auto\" style=\"vertical-align: inherit\"> , calendari acad\u00e8mic, dates d&#8217;ex\u00e0mens, horaris docents de Grau i horaris dels t\u00e8cnics especialistes (laboratoris, pr\u00e0ctiques lliures i pr\u00e9stec de material):<\/span><\/span>\n<ul>\n<li><a href=\"https:\/\/bbaa.umh.es\/recursos-del-estudiante\/horarios\/\"><span dir=\"auto\" style=\"vertical-align: inherit\"><span dir=\"auto\" style=\"vertical-align: inherit\">HORARIS<\/span><\/span><\/a><\/li>\n<\/ul>\n<\/li>\n<li><strong><span dir=\"auto\" style=\"vertical-align: inherit\"><span dir=\"auto\" style=\"vertical-align: inherit\">Grups:<\/span><\/span><\/strong><span dir=\"auto\" style=\"vertical-align: inherit\"><span dir=\"auto\" style=\"vertical-align: inherit\"> organitzaci\u00f3 dels diferents grups per curs en torn de mat\u00ed o tarda:<\/span><\/span>\n<ul>\n<li><a href=\"https:\/\/bbaa.umh.es\/recursos-del-estudiante\/grupos\/\"><span dir=\"auto\" style=\"vertical-align: inherit\"><span dir=\"auto\" style=\"vertical-align: inherit\">Grups<\/span><\/span><\/a><\/li>\n<\/ul>\n<\/li>\n<li><strong><span dir=\"auto\" style=\"vertical-align: inherit\"><span dir=\"auto\" style=\"vertical-align: inherit\">Tutor Final d&#8217;estudis:<\/span><\/span><\/strong>\n<ul>\n<li><a href=\"https:\/\/bbaa.umh.es\/grado\/estudios\/tutor-fin-de-estudios\/\"><span dir=\"auto\" style=\"vertical-align: inherit\"><span dir=\"auto\" style=\"vertical-align: inherit\">Tutela personalitzada per finalitzar el grau<\/span><\/span><\/a><\/li>\n<\/ul>\n<\/li>\n<\/ul>\n<p><\/p>","protected":false},"excerpt":{"rendered":"<p>Programa d&#8217;Ajuda a la compra de Materials El Campus d&#8217;Altea es complau a presentar l&#8217;Altea Programa d&#8217;Ajuda a la compra de Materials (MAPA), una iniciativa \u00fanica a Espanya i pionera als estudis de Belles Arts, dissenyada per donar suport a l&#8217;estudiantat de nou ingr\u00e9s al seu cam\u00ed creatiu. Per a m\u00e9s informaci\u00f3 consulteu l&#8217;enlla\u00e7 seg\u00fcent:<\/p>\n<p>Altea [&#8230;]<\/p>\n","protected":false},"author":202,"featured_media":0,"parent":0,"menu_order":2,"comment_status":"closed","ping_status":"closed","template":"","meta":{"ngg_post_thumbnail":0,"_links_to":"","_links_to_target":""},"_links":{"self":[{"href":"https:\/\/bbaa.umh.es\/ca\/wp-json\/wp\/v2\/pages\/29"}],"collection":[{"href":"https:\/\/bbaa.umh.es\/ca\/wp-json\/wp\/v2\/pages"}],"about":[{"href":"https:\/\/bbaa.umh.es\/ca\/wp-json\/wp\/v2\/types\/page"}],"author":[{"embeddable":true,"href":"https:\/\/bbaa.umh.es\/ca\/wp-json\/wp\/v2\/users\/202"}],"replies":[{"embeddable":true,"href":"https:\/\/bbaa.umh.es\/ca\/wp-json\/wp\/v2\/comments?post=29"}],"version-history":[{"count":0,"href":"https:\/\/bbaa.umh.es\/ca\/wp-json\/wp\/v2\/pages\/29\/revisions"}],"wp:attachment":[{"href":"https:\/\/bbaa.umh.es\/ca\/wp-json\/wp\/v2\/media?parent=29"}],"curies":[{"name":"wp","href":"https:\/\/api.w.org\/{rel}","templated":true}]}}