{"id":223,"date":"2012-05-24T13:08:37","date_gmt":"2012-05-24T13:08:37","guid":{"rendered":"http:\/\/bbaa.umh.es\/?page_id=223"},"modified":"2026-02-19T10:25:34","modified_gmt":"2026-02-19T09:25:34","slug":"english-aboutus","status":"publish","type":"page","link":"https:\/\/bbaa.umh.es\/ca\/movilidad\/english-aboutus\/","title":{"rendered":"Sobre nosaltres"},"content":{"rendered":"<p><a href=\"http:\/\/campusaltea.edu.umh.es\/en\/\"><span dir=\"auto\" style=\"vertical-align: inherit\"><span dir=\"auto\" style=\"vertical-align: inherit\">Escola de Belles Arts &#8211; Campus Altea<\/span><\/span><\/a><\/p>\n<p><span dir=\"auto\" style=\"vertical-align: inherit\"><span dir=\"auto\" style=\"vertical-align: inherit\">L&#8217;enlla\u00e7 de dalt \u00e9s un lloc web amb informaci\u00f3 sobre la nostra escola, incloent-hi les instal\u00b7lacions generals, els tallers i les classes.<\/span><\/span><\/p>\n<p><span dir=\"auto\" style=\"vertical-align: inherit\"><span dir=\"auto\" style=\"vertical-align: inherit\">Tamb\u00e9 podeu trobar aquesta informaci\u00f3 sobre la UMH a <\/span><\/span><a href=\"http:\/\/en.umh.es\/\"><span dir=\"auto\" style=\"vertical-align: inherit\"><span dir=\"auto\" style=\"vertical-align: inherit\">http:\/\/ca.umh.es\/<\/span><\/span><\/a><\/p>\n<p><span dir=\"auto\" style=\"vertical-align: inherit\"><span dir=\"auto\" style=\"vertical-align: inherit\">Informaci\u00f3 sobre la prevenci\u00f3 de riscos laborals. UMH:<\/span><\/span><\/p>\n<ul>\n<li><a href=\"https:\/\/prevencion.umh.es\/en\/plan-de-emergencia\/resumen-actuaciones-equipo-de-emergencia-plan-de-emergencia\/\" target=\"_blank\" rel=\"noopener noreferrer\"><span dir=\"auto\" style=\"vertical-align: inherit\"><span dir=\"auto\" style=\"vertical-align: inherit\">Resum del Pla d&#8217;Emerg\u00e8ncia Universitat UMH (PDF)<\/span><\/span><\/a><\/li>\n<li><img src=\"https:\/\/prevencion.umh.es\/files\/2008\/04\/pdf.gif\" alt=\"pdf.gif\"><a title=\"Procediment coordinaci\u00f3 de riscos en Doc\u00e8ncia i Investigaci\u00f3 v.2.7.pdf\" href=\"https:\/\/prevencion.umh.es\/files\/2004\/03\/Procedimiento%20%20coordinacion%20de%20riesgos%20en%20Docencia%20e%20Investigacion%20v.2.7.pdf\"><span dir=\"auto\" style=\"vertical-align: inherit\"><span dir=\"auto\" style=\"vertical-align: inherit\">Procediment de Coordinaci\u00f3 de Riscos Laborals en Recerca i Doc\u00e8ncia (PDF)<\/span><\/span><\/a><\/li>\n<\/ul>\n<p><span dir=\"auto\" style=\"vertical-align: inherit\"><span dir=\"auto\" style=\"vertical-align: inherit\">Per a m\u00e9s informaci\u00f3 podeu contactar amb nosaltres a trav\u00e9s d&#8217;aquest correu electr\u00f2nic: <\/span><\/span><a href=\"mailto:decano.bbaa@umh.es\"><span dir=\"auto\" style=\"vertical-align: inherit\"><span dir=\"auto\" style=\"vertical-align: inherit\">decano.bbaa@umh.es<\/span><\/span><\/a><\/p>","protected":false},"excerpt":{"rendered":"<p>Escola de Belles Arts &#8211; Campus Altea<br \/>\nL&#8217;enlla\u00e7 de dalt \u00e9s un lloc web amb informaci\u00f3 sobre la nostra escola, incloent-hi les instal\u00b7lacions generals, els tallers i les classes.<br \/>\nTamb\u00e9 podeu trobar aquesta informaci\u00f3 sobre la UMH a http:\/\/ca.umh.es\/<br \/>\nInformaci\u00f3 sobre la prevenci\u00f3 de riscos laborals. UMH:<\/p>\n<p>Resum del Pla d&#8217;Emerg\u00e8ncia Universitat UMH (PDF)<br \/>\nProcediment de Coordinaci\u00f3 de Riscos Laborals [&#8230;]<\/p>\n","protected":false},"author":199,"featured_media":0,"parent":38,"menu_order":0,"comment_status":"closed","ping_status":"closed","template":"","meta":{"ngg_post_thumbnail":0,"_links_to":"","_links_to_target":""},"_links":{"self":[{"href":"https:\/\/bbaa.umh.es\/ca\/wp-json\/wp\/v2\/pages\/223"}],"collection":[{"href":"https:\/\/bbaa.umh.es\/ca\/wp-json\/wp\/v2\/pages"}],"about":[{"href":"https:\/\/bbaa.umh.es\/ca\/wp-json\/wp\/v2\/types\/page"}],"author":[{"embeddable":true,"href":"https:\/\/bbaa.umh.es\/ca\/wp-json\/wp\/v2\/users\/199"}],"replies":[{"embeddable":true,"href":"https:\/\/bbaa.umh.es\/ca\/wp-json\/wp\/v2\/comments?post=223"}],"version-history":[{"count":0,"href":"https:\/\/bbaa.umh.es\/ca\/wp-json\/wp\/v2\/pages\/223\/revisions"}],"up":[{"embeddable":true,"href":"https:\/\/bbaa.umh.es\/ca\/wp-json\/wp\/v2\/pages\/38"}],"wp:attachment":[{"href":"https:\/\/bbaa.umh.es\/ca\/wp-json\/wp\/v2\/media?parent=223"}],"curies":[{"name":"wp","href":"https:\/\/api.w.org\/{rel}","templated":true}]}}