{"id":2182,"date":"2016-10-05T12:41:06","date_gmt":"2016-10-05T10:41:06","guid":{"rendered":"http:\/\/bbaa.umh.es\/?page_id=2182"},"modified":"2026-02-18T11:02:34","modified_gmt":"2026-02-18T10:02:34","slug":"visitas-de-institutos","status":"publish","type":"page","link":"https:\/\/bbaa.umh.es\/ca\/presentacion\/visita-el-campus\/visitas-de-institutos\/","title":{"rendered":"Visites d&#8217;Instituts"},"content":{"rendered":"<p><span dir=\"auto\" style=\"vertical-align: inherit\"><span dir=\"auto\" style=\"vertical-align: inherit\">La Facultat de BB.AA. d&#8217;Altea s&#8217;acosta a instituts, amb prioritat als centres que tenen Batxillerat Art\u00edstic, de les prov\u00edncies d&#8217;Alacant, M\u00farcia i Val\u00e8ncia.<\/span><\/span><\/p>\n<p><span dir=\"auto\" style=\"vertical-align: inherit\"><span dir=\"auto\" style=\"vertical-align: inherit\">La idea \u00e9s mostrar el nostre Campus als estudiants de l&#8217;ESO i darrer any de Batxiller.<\/span><\/span><\/p>\n<p><span dir=\"auto\" style=\"vertical-align: inherit\"><span dir=\"auto\" style=\"vertical-align: inherit\">D&#8217;aquesta manera obrim una finestra, per con\u00e8ixer el nostre Campus i els nostres tallers, per ensenyar-los que som amb seguretat la millor Facultat de Belles Arts d&#8217;Europa, equipada amb les millors instal\u00b7lacions i maquin\u00e0ries per desenvolupar el Grau de Belles Arts i que comptem amb personal docent professional altament qualificat.<\/span><\/span><\/p>\n<p><span dir=\"auto\" style=\"vertical-align: inherit\"><span dir=\"auto\" style=\"vertical-align: inherit\">Visites al Campus d&#8217;Altea \/ Open Week (Jornada de portes obertes).<\/span><\/span><\/p>\n<p><span dir=\"auto\" style=\"vertical-align: inherit\"><span dir=\"auto\" style=\"vertical-align: inherit\">La Facultat de Belles Arts d&#8217;Altea ha dissenyat la Jornada de Portes Obertes. S\u00f3n unes jornades en qu\u00e8, pr\u00e8via reserva, els centres poden venir al nostre Campus per con\u00e8ixer les instal\u00b7lacions i els processos de treball que s&#8217;hi desenvolupen. La visita es realitza de 9.00 a 14.00 hores i inclou una xerrada informativa sobre la UMH i el Campus d&#8217;Altea, la visita a les instal\u00b7lacions i la realitzaci\u00f3 d&#8217;un taller pr\u00e0ctic d&#8217;alguna de les nostres disciplines. El despla\u00e7ament fins al Campus va a c\u00e0rrec de cada centre.<\/span><\/span><\/p>\n<p><strong>&nbsp;<\/strong><strong><span dir=\"auto\" style=\"vertical-align: inherit\"><span dir=\"auto\" style=\"vertical-align: inherit\">Per sol\u00b7licitar aquesta activitat<\/span><\/span><\/strong><span dir=\"auto\" style=\"vertical-align: inherit\"><span dir=\"auto\" style=\"vertical-align: inherit\"> , envieu un correu electr\u00f2nic a <\/span><\/span><a href=\"mailto:mireumh@umh.es\" target=\"_blank\" rel=\"noopener\"><span dir=\"auto\" style=\"vertical-align: inherit\"><span dir=\"auto\" style=\"vertical-align: inherit\">mireumh@umh.es<\/span><\/span><\/a><span dir=\"auto\" style=\"vertical-align: inherit\"><span dir=\"auto\" style=\"vertical-align: inherit\"> amb l&#8217;assumpte VISITA AL CAMPUS D&#8217;ALTEA i incloeu la informaci\u00f3 seg\u00fcent:<\/span><\/span><\/p>\n<ul>\n<li><span dir=\"auto\" style=\"vertical-align: inherit\"><span dir=\"auto\" style=\"vertical-align: inherit\">Campus que vol visitar: Altea, Sant Joan, Elx, Oriola-Seu Saleses o Oriola-Seu Desemparats<\/span><\/span><\/li>\n<li><span dir=\"auto\" style=\"vertical-align: inherit\"><span dir=\"auto\" style=\"vertical-align: inherit\">Centre que ho sol\u00b7licita<\/span><\/span><\/li>\n<li><span dir=\"auto\" style=\"vertical-align: inherit\"><span dir=\"auto\" style=\"vertical-align: inherit\">Nom de la persona que ho sol\u00b7licita<\/span><\/span><\/li>\n<li><span dir=\"auto\" style=\"vertical-align: inherit\"><span dir=\"auto\" style=\"vertical-align: inherit\">Email<\/span><\/span><\/li>\n<li><span dir=\"auto\" style=\"vertical-align: inherit\"><span dir=\"auto\" style=\"vertical-align: inherit\">Tel\u00e8fon de contacte<\/span><\/span><\/li>\n<li><span dir=\"auto\" style=\"vertical-align: inherit\"><span dir=\"auto\" style=\"vertical-align: inherit\">Data en qu\u00e8 sol\u00b7licita la visita (del 30 de mar\u00e7 al 3 d&#8217;abril)<\/span><\/span><\/li>\n<li><span dir=\"auto\" style=\"vertical-align: inherit\"><span dir=\"auto\" style=\"vertical-align: inherit\">Curs de l&#8217;alumnat que ens visita<\/span><\/span><\/li>\n<li><span dir=\"auto\" style=\"vertical-align: inherit\"><span dir=\"auto\" style=\"vertical-align: inherit\">Nombre d&#8217;estudiants<\/span><\/span><\/li>\n<\/ul>\n<p><span dir=\"auto\" style=\"vertical-align: inherit\"><span dir=\"auto\" style=\"vertical-align: inherit\">Cada dia s\u00b4atendr\u00e0 la visita de dos centres com a m\u00e0xim.<\/span><\/span><\/p>","protected":false},"excerpt":{"rendered":"<p>La Facultat de BB.AA. d&#8217;Altea s&#8217;acosta a instituts, amb prioritat als centres que tenen Batxillerat Art\u00edstic, de les prov\u00edncies d&#8217;Alacant, M\u00farcia i Val\u00e8ncia.<br \/>\nLa idea \u00e9s mostrar el nostre Campus als estudiants de l&#8217;ESO i darrer any de Batxiller.<br \/>\nD&#8217;aquesta manera obrim una finestra, per con\u00e8ixer el nostre Campus i els nostres tallers, per ensenyar-los que som [&#8230;]<\/p>\n","protected":false},"author":3285,"featured_media":0,"parent":8099,"menu_order":2,"comment_status":"closed","ping_status":"closed","template":"","meta":{"ngg_post_thumbnail":0,"_links_to":"","_links_to_target":""},"_links":{"self":[{"href":"https:\/\/bbaa.umh.es\/ca\/wp-json\/wp\/v2\/pages\/2182"}],"collection":[{"href":"https:\/\/bbaa.umh.es\/ca\/wp-json\/wp\/v2\/pages"}],"about":[{"href":"https:\/\/bbaa.umh.es\/ca\/wp-json\/wp\/v2\/types\/page"}],"author":[{"embeddable":true,"href":"https:\/\/bbaa.umh.es\/ca\/wp-json\/wp\/v2\/users\/3285"}],"replies":[{"embeddable":true,"href":"https:\/\/bbaa.umh.es\/ca\/wp-json\/wp\/v2\/comments?post=2182"}],"version-history":[{"count":0,"href":"https:\/\/bbaa.umh.es\/ca\/wp-json\/wp\/v2\/pages\/2182\/revisions"}],"up":[{"embeddable":true,"href":"https:\/\/bbaa.umh.es\/ca\/wp-json\/wp\/v2\/pages\/8099"}],"wp:attachment":[{"href":"https:\/\/bbaa.umh.es\/ca\/wp-json\/wp\/v2\/media?parent=2182"}],"curies":[{"name":"wp","href":"https:\/\/api.w.org\/{rel}","templated":true}]}}