{"id":1900,"date":"2020-03-02T10:31:54","date_gmt":"2020-03-02T09:31:54","guid":{"rendered":"http:\/\/bbaa.umh.es\/?page_id=1900"},"modified":"2026-03-04T14:00:31","modified_gmt":"2026-03-04T13:00:31","slug":"delegacion-estudiantes","status":"publish","type":"page","link":"https:\/\/bbaa.umh.es\/ca\/estudiantes\/delegacion-estudiantes\/","title":{"rendered":"Delegaci\u00f3 Estudiants"},"content":{"rendered":"<p><\/p>\n<h3><span dir=\"auto\" style=\"vertical-align: inherit\"><span dir=\"auto\" style=\"vertical-align: inherit\">Delegaci\u00f3 General d&#8217;Estudiants UMH<\/span><\/span><\/h3>\n<p><span dir=\"auto\" style=\"vertical-align: inherit\"><span dir=\"auto\" style=\"vertical-align: inherit\">P\u00e0gina web: <\/span><\/span><a href=\"https:\/\/delegacion.umh.es\/\"><span dir=\"auto\" style=\"vertical-align: inherit\"><span dir=\"auto\" style=\"vertical-align: inherit\">https:\/\/delegacion.umh.es\/<\/span><\/span><\/a><\/p>\n<ul>\n<li>Representants d&#8217;estudiants de centre:&nbsp;\n<ul>\n<li>Delegada: IZQUIERDO PAMIES, PAOLA &#8211; <a href=\"mailto:dec.bellasartes.delegacion@goumh.umh.es\">dec.bellasartes.delegacion@goumh.umh.es<\/a><\/li>\n<li>Vicedelegada: ANDIA BERZOSA, ALBA&nbsp; <a href=\"mailto:vice.bellasartes.delegacion@goumh.umh.es\">vice.bellasartes.delegacion@goumh.umh.es<\/a><\/li>\n<li>Secret\u00e0ria: ASENSIO GUILABERT, BRENDA &#8211; <a href=\"mailto:secre.bellasartes.delegacion@goumh.umh.es\">secre.bellasartes.delegacion@goumh.umh.es<\/a><\/li>\n<\/ul>\n<\/li>\n<li>Representants d&#8217;estudiants de titulaci\u00f3:\n<ul>\n<li>Delegada: IZQUIERDO PAMIES, PAOLA &#8211; <a href=\"mailto:bbaa.delegacion@goumh.umh.es\">bbaa.delegacion@goumh.umh.es<\/a><\/li>\n<li>Subdelegada: ASENSIO GUILABERT, BRENDA &#8211; <a href=\"mailto:grado.subbbaa.delegacion@goumh.umh.es\">grado.subbbaa.delegacion@goumh.umh.es<\/a><\/li>\n<\/ul>\n<\/li>\n<li><span dir=\"auto\" style=\"vertical-align: inherit\"><span dir=\"auto\" style=\"vertical-align: inherit\">Representants d&#8217;estudiants de curs del Grau en Belles Arts:<\/span><\/span>\n<ul>\n<li><span dir=\"auto\" style=\"vertical-align: inherit\"><span dir=\"auto\" style=\"vertical-align: inherit\">Primer:<\/span><\/span>\n<ul>\n<li><span dir=\"auto\" style=\"vertical-align: inherit\"><span dir=\"auto\" style=\"vertical-align: inherit\">Delegat: ALONSO SUAREZ, DAVID<\/span><\/span><\/li>\n<li><span dir=\"auto\" style=\"vertical-align: inherit\"><span dir=\"auto\" style=\"vertical-align: inherit\">Subdelegat: PONS SOTO, JAIME<\/span><\/span><\/li>\n<li><span dir=\"auto\" style=\"vertical-align: inherit\"><span dir=\"auto\" style=\"vertical-align: inherit\">Vocal 1: PALOMARS MILLET, CHRISTIAN<\/span><\/span><\/li>\n<li><span dir=\"auto\" style=\"vertical-align: inherit\"><span dir=\"auto\" style=\"vertical-align: inherit\">Vocal 2: ESPINOSA ALVARAT, TERESA CAMILA<\/span><\/span><\/li>\n<\/ul>\n<\/li>\n<li><span dir=\"auto\" style=\"vertical-align: inherit\"><span dir=\"auto\" style=\"vertical-align: inherit\">&nbsp;Segon:<\/span><\/span>\n<ul>\n<li><span dir=\"auto\" style=\"vertical-align: inherit\"><span dir=\"auto\" style=\"vertical-align: inherit\">Delegada: CANO MONZO, SANDRA<\/span><\/span><\/li>\n<li><span dir=\"auto\" style=\"vertical-align: inherit\"><span dir=\"auto\" style=\"vertical-align: inherit\">Subdelegat: MARTINEZ BLASCO, JOSE MANUEL<\/span><\/span><\/li>\n<li><span dir=\"auto\" style=\"vertical-align: inherit\"><span dir=\"auto\" style=\"vertical-align: inherit\">Vocal 1: LOPEZ MENDEZ, CARMEN<\/span><\/span><\/li>\n<li><span dir=\"auto\" style=\"vertical-align: inherit\"><span dir=\"auto\" style=\"vertical-align: inherit\">Vocal 2: COMTE SASTRE, RAUL<\/span><\/span><\/li>\n<\/ul>\n<\/li>\n<li><span dir=\"auto\" style=\"vertical-align: inherit\"><span dir=\"auto\" style=\"vertical-align: inherit\">Tercer (Arts Pl\u00e0stiques):<\/span><\/span>\n<ul>\n<li><span dir=\"auto\" style=\"vertical-align: inherit\"><span dir=\"auto\" style=\"vertical-align: inherit\">Delegada: BASTOS MOGOLLON, ANDREA ALEXIA<\/span><\/span><\/li>\n<li><span dir=\"auto\" style=\"vertical-align: inherit\"><span dir=\"auto\" style=\"vertical-align: inherit\">Subdelegada: PASTOR SAURA, MELISSA<\/span><\/span><\/li>\n<\/ul>\n<\/li>\n<li><span dir=\"auto\" style=\"vertical-align: inherit\"><span dir=\"auto\" style=\"vertical-align: inherit\">Tercer (Arts Visuals i Disseny):<\/span><\/span>\n<ul>\n<li><span dir=\"auto\" style=\"vertical-align: inherit\"><span dir=\"auto\" style=\"vertical-align: inherit\">Delegada: ESQUERRE PAMIES, PAOLA<\/span><\/span><\/li>\n<li><span dir=\"auto\" style=\"vertical-align: inherit\"><span dir=\"auto\" style=\"vertical-align: inherit\">Subdelegada: ASENSIO GUILABERT, BRENDA<\/span><\/span><\/li>\n<\/ul>\n<\/li>\n<li><span dir=\"auto\" style=\"vertical-align: inherit\"><span dir=\"auto\" style=\"vertical-align: inherit\">Cambra (Arts Pl\u00e0stiques)<\/span><\/span>\n<ul>\n<li><span dir=\"auto\" style=\"vertical-align: inherit\"><span dir=\"auto\" style=\"vertical-align: inherit\">Delegada: ANDIA BERZOSA, ALBA<\/span><\/span><\/li>\n<li><span dir=\"auto\" style=\"vertical-align: inherit\"><span dir=\"auto\" style=\"vertical-align: inherit\">Subdelegada: RAMIREZ JIMENEZ, LUCIA<\/span><\/span><\/li>\n<\/ul>\n<\/li>\n<li><span dir=\"auto\" style=\"vertical-align: inherit\"><span dir=\"auto\" style=\"vertical-align: inherit\">Cambra (Arts Visuals i Disseny)<\/span><\/span>\n<ul>\n<li><span dir=\"auto\" style=\"vertical-align: inherit\"><span dir=\"auto\" style=\"vertical-align: inherit\">Delegada: GARCIA QUILES, CRISTINA<\/span><\/span><\/li>\n<li><span dir=\"auto\" style=\"vertical-align: inherit\"><span dir=\"auto\" style=\"vertical-align: inherit\">Subdelegat: REVERTE MARTINEZ, ADRIAN<\/span><\/span><\/li>\n<\/ul>\n<\/li>\n<\/ul>\n<\/li>\n<\/ul>\n<p><a href=\"http:\/\/universite.umh.es\/localizaciones\/default.htm?&amp;selT=estancias&amp;selI=A06P2015\" target=\"_blank\" rel=\"noopener noreferrer\"><span dir=\"auto\" style=\"vertical-align: inherit\"><span dir=\"auto\" style=\"vertical-align: inherit\">On som?<\/span><\/span><\/a><\/p>\n<p><span dir=\"auto\" style=\"vertical-align: inherit\"><span dir=\"auto\" style=\"vertical-align: inherit\">Universitat Miguel Hern\u00e1ndez.&nbsp;<\/span><\/span><\/p>\n<p><span dir=\"auto\" style=\"vertical-align: inherit\"><span dir=\"auto\" style=\"vertical-align: inherit\">Carrer Benidorm, s\/n, Edif. B\u00e8rnia 2\u00aa Planta.&nbsp;<\/span><\/span><\/p>\n<p><span dir=\"auto\" style=\"vertical-align: inherit\"><span dir=\"auto\" style=\"vertical-align: inherit\">Altea, Alacant \u2013 CP 03590.<\/span><\/span><\/p>\n<p><span dir=\"auto\" style=\"vertical-align: inherit\"><span dir=\"auto\" style=\"vertical-align: inherit\">Tlf: 96 685 91 20.<\/span><\/span><\/p>\n<h3><span dir=\"auto\" style=\"vertical-align: inherit\"><span dir=\"auto\" style=\"vertical-align: inherit\">Els Becaris i Becaries AEIOU (Atenci\u00f3 a l&#8217;Estudiant i Orientaci\u00f3 Universit\u00e0ria)<\/span><\/span><strong><br \/>\n<\/strong><\/h3>\n<p><span dir=\"auto\" style=\"vertical-align: inherit\"><span dir=\"auto\" style=\"vertical-align: inherit\">S&#8217;ubiquen a les Delegacions d&#8217;Estudiants de cada Facultat o Escola. La seva tasca \u00e9s ajudar l&#8217;estudiant, resoldre els seus dubtes i fer-li una mica m\u00e9s f\u00e0cil la seva vida al campus. Els AEIOU poden ajudar-te a buscar pis, en els teus tr\u00e0mits per demanar una Erasmus o una S\u00e8neca o altres beques aix\u00ed com diversos tr\u00e0mits relacionats amb el teu pas per la Universitat.<\/span><\/span><\/p>\n<p><span dir=\"auto\" style=\"vertical-align: inherit\"><span dir=\"auto\" style=\"vertical-align: inherit\">Contacte:<\/span><\/span><\/p>\n<ul>\n<li><span dir=\"auto\" style=\"vertical-align: inherit\"><span dir=\"auto\" style=\"vertical-align: inherit\">Correu electr\u00f2nic: <\/span><\/span><a href=\"mailto:aeiou.bbaa@delegacion.umh.es\"><span dir=\"auto\" style=\"vertical-align: inherit\"><span dir=\"auto\" style=\"vertical-align: inherit\">aeiou.altea@umh.es<\/span><\/span><\/a><span dir=\"auto\" style=\"vertical-align: inherit\"><span dir=\"auto\" style=\"vertical-align: inherit\"> .<\/span><\/span><\/li>\n<li><span dir=\"auto\" style=\"vertical-align: inherit\"><span dir=\"auto\" style=\"vertical-align: inherit\">Tel\u00e8fon: 96 685 91 20.<\/span><\/span><\/li>\n<\/ul>\n<p><\/p>","protected":false},"excerpt":{"rendered":"<p>Delegaci\u00f3 General d&#8217;Estudiants UMH<br \/>\nP\u00e0gina web: https:\/\/delegacion.umh.es\/<\/p>\n<p>Representants d&#8217;estudiants de centre:&nbsp;<\/p>\n<p>Delegada: IZQUIERDO PAMIES, PAOLA &#8211; dec.bellasartes.delegacion@goumh.umh.es<br \/>\nVicedelegada: ANDIA BERZOSA, ALBA&nbsp; vice.bellasartes.delegacion@goumh.umh.es<br \/>\nSecret\u00e0ria: ASENSIO GUILABERT, BRENDA &#8211; secre.bellasartes.delegacion@goumh.umh.es<\/p>\n<p>Representants d&#8217;estudiants de titulaci\u00f3:<\/p>\n<p>Delegada: IZQUIERDO PAMIES, PAOLA &#8211; bbaa.delegacion@goumh.umh.es<br \/>\nSubdelegada: ASENSIO GUILABERT, BRENDA &#8211; grado.subbbaa.delegacion@goumh.umh.es<\/p>\n<p>Representants d&#8217;estudiants de curs del Grau en Belles Arts:<\/p>\n<p>Primer:<\/p>\n<p>Delegat: ALONSO SUAREZ, DAVID<br \/>\nSubdelegat: PONS SOTO, JAIME<br \/>\nVocal 1: PALOMARS MILLET, CHRISTIAN<br \/>\nVocal 2: [&#8230;]<\/p>\n","protected":false},"author":3285,"featured_media":0,"parent":8103,"menu_order":4,"comment_status":"closed","ping_status":"open","template":"","meta":{"ngg_post_thumbnail":0,"_links_to":"","_links_to_target":""},"_links":{"self":[{"href":"https:\/\/bbaa.umh.es\/ca\/wp-json\/wp\/v2\/pages\/1900"}],"collection":[{"href":"https:\/\/bbaa.umh.es\/ca\/wp-json\/wp\/v2\/pages"}],"about":[{"href":"https:\/\/bbaa.umh.es\/ca\/wp-json\/wp\/v2\/types\/page"}],"author":[{"embeddable":true,"href":"https:\/\/bbaa.umh.es\/ca\/wp-json\/wp\/v2\/users\/3285"}],"replies":[{"embeddable":true,"href":"https:\/\/bbaa.umh.es\/ca\/wp-json\/wp\/v2\/comments?post=1900"}],"version-history":[{"count":0,"href":"https:\/\/bbaa.umh.es\/ca\/wp-json\/wp\/v2\/pages\/1900\/revisions"}],"up":[{"embeddable":true,"href":"https:\/\/bbaa.umh.es\/ca\/wp-json\/wp\/v2\/pages\/8103"}],"wp:attachment":[{"href":"https:\/\/bbaa.umh.es\/ca\/wp-json\/wp\/v2\/media?parent=1900"}],"curies":[{"name":"wp","href":"https:\/\/api.w.org\/{rel}","templated":true}]}}