{"id":1547,"date":"2022-09-28T00:01:36","date_gmt":"2022-09-27T22:01:36","guid":{"rendered":"http:\/\/bbaa.umh.es\/?page_id=1547"},"modified":"2026-02-18T09:23:35","modified_gmt":"2026-02-18T08:23:35","slug":"solicitud-de-taquillas","status":"publish","type":"page","link":"https:\/\/bbaa.umh.es\/ca\/presentacion\/solicitudes-y-normativas\/solicitud-de-taquillas\/","title":{"rendered":"Sol\u00b7licitud de taquilles"},"content":{"rendered":"<p><span dir=\"auto\" style=\"vertical-align: inherit\"><span dir=\"auto\" style=\"vertical-align: inherit\">Fins al proper 14 de novembre del 2025 es pot sol\u00b7licitar una taquilla per al curs 2025\/26 a trav\u00e9s d&#8217;una de les opcions seg\u00fcents:<\/span><\/span><\/p>\n<ul>\n<li><a href=\"https:\/\/forms.gle\/AdXRS4xtBPmPANxb6\" target=\"_blank\" rel=\"noopener\"><span dir=\"auto\" style=\"vertical-align: inherit\"><span dir=\"auto\" style=\"vertical-align: inherit\">Formulari de sol\u00b7licitud<\/span><\/span><\/a><\/li>\n<li><a href=\"https:\/\/bbaa.umh.es\/files\/2025\/09\/QR-taquillas.png\" target=\"_blank\" rel=\"noopener\"><img loading=\"lazy\" class=\"alignnone wp-image-12446 size-full\" src=\"https:\/\/bbaa.umh.es\/files\/2025\/09\/QR-taquillas.png\" alt=\"Codi QR taquilles\" width=\"256\" height=\"256\" srcset=\"https:\/\/bbaa.umh.es\/files\/2025\/09\/QR-taquillas.png 256w, https:\/\/bbaa.umh.es\/files\/2025\/09\/QR-taquillas-150x150.png 150w\" sizes=\"(max-width: 256px) 100vw, 256px\" \/><\/a><\/li>\n<\/ul>\n<p><span dir=\"auto\" style=\"vertical-align: inherit\"><span dir=\"auto\" style=\"vertical-align: inherit\">Nom\u00e9s es podr\u00e0 assignar una taquilla per estudiant.<\/span><\/span><\/p>\n<p><span dir=\"auto\" style=\"vertical-align: inherit\"><span dir=\"auto\" style=\"vertical-align: inherit\">L&#8217;estudiantat \u00e9s el responsable del contingut de la taquilla aix\u00ed com de la seguretat de la taquilla (es recomana posar un cadenat petit amb clau). Es prohibeix utilitzar la taquilla per a l&#8217;emmagatzematge de:<\/span><\/span><\/p>\n<ul>\n<li><span dir=\"auto\" style=\"vertical-align: inherit\"><span dir=\"auto\" style=\"vertical-align: inherit\">Animals.<\/span><\/span><\/li>\n<li><span dir=\"auto\" style=\"vertical-align: inherit\"><span dir=\"auto\" style=\"vertical-align: inherit\">Material pirot\u00e8cnic o explosiu.<\/span><\/span><\/li>\n<li><span dir=\"auto\" style=\"vertical-align: inherit\"><span dir=\"auto\" style=\"vertical-align: inherit\">Material inflamable o comburent.<\/span><\/span><\/li>\n<li><span dir=\"auto\" style=\"vertical-align: inherit\"><span dir=\"auto\" style=\"vertical-align: inherit\">Subst\u00e0ncies t\u00f2xiques o infeccioses.<\/span><\/span><\/li>\n<li><span dir=\"auto\" style=\"vertical-align: inherit\"><span dir=\"auto\" style=\"vertical-align: inherit\">Subst\u00e0ncies corrosives.<\/span><\/span><\/li>\n<\/ul>\n<p><span dir=\"auto\" style=\"vertical-align: inherit\"><span dir=\"auto\" style=\"vertical-align: inherit\">En cas que la taquilla presenti algun desperfecte (estigueu tancada, ocupada, no tingui lloc per posar el cadenat) abans de ser ocupada s&#8217;haur\u00e0 de comunicar: <\/span><\/span><a href=\"https:\/\/forms.gle\/CTEcdECzA4w7Unhw7\" target=\"_blank\" rel=\"noopener\"><span dir=\"auto\" style=\"vertical-align: inherit\"><span dir=\"auto\" style=\"vertical-align: inherit\">formulari d&#8217;incid\u00e8ncies<\/span><\/span><\/a><span dir=\"auto\" style=\"vertical-align: inherit\"><span dir=\"auto\" style=\"vertical-align: inherit\"> .<\/span><\/span><\/p>\n<p><span dir=\"auto\" style=\"vertical-align: inherit\"><span dir=\"auto\" style=\"vertical-align: inherit\">No es pot ocupar una taquilla que no sigui assignada. Si per qualsevol motiu no est\u00e0 disponible indicar-ho al formulari d&#8217;incid\u00e8ncies.<\/span><\/span><\/p>\n<p><span dir=\"auto\" style=\"vertical-align: inherit\"><span dir=\"auto\" style=\"vertical-align: inherit\">L&#8217;assignaci\u00f3 ser\u00e0 efectiva quan arribeu al vostre correu electr\u00f2nic de la UMH un document indicant l&#8217;assignaci\u00f3 de la taquilla. \u00c9s important conservar aquest document com a acreditaci\u00f3 de l&#8217;assignaci\u00f3 de la taquilla per si sorg\u00eds alguna incid\u00e8ncia.<\/span><\/span><\/p>\n<p><span dir=\"auto\" style=\"vertical-align: inherit\"><span dir=\"auto\" style=\"vertical-align: inherit\">Les taquilles s&#8217;han d&#8217;alliberar (buidar i treure sistema de pany) abans del 30 de juny de 2026, en cas contrari l&#8217;estudiant en perdr\u00e0 el contingut i el sistema de pany.<\/span><\/span><\/p>","protected":false},"excerpt":{"rendered":"<p>Fins al proper 14 de novembre del 2025 es pot sol\u00b7licitar una taquilla per al curs 2025\/26 a trav\u00e9s d&#8217;una de les opcions seg\u00fcents:<\/p>\n<p>Formulari de sol\u00b7licitud<\/p>\n<p>Nom\u00e9s es podr\u00e0 assignar una taquilla per estudiant.<br \/>\nL&#8217;estudiantat \u00e9s el responsable del contingut de la taquilla aix\u00ed com de la seguretat de la taquilla (es recomana posar un cadenat petit [&#8230;]<\/p>\n","protected":false},"author":3285,"featured_media":0,"parent":84,"menu_order":1,"comment_status":"closed","ping_status":"open","template":"","meta":{"ngg_post_thumbnail":0,"_links_to":"","_links_to_target":""},"_links":{"self":[{"href":"https:\/\/bbaa.umh.es\/ca\/wp-json\/wp\/v2\/pages\/1547"}],"collection":[{"href":"https:\/\/bbaa.umh.es\/ca\/wp-json\/wp\/v2\/pages"}],"about":[{"href":"https:\/\/bbaa.umh.es\/ca\/wp-json\/wp\/v2\/types\/page"}],"author":[{"embeddable":true,"href":"https:\/\/bbaa.umh.es\/ca\/wp-json\/wp\/v2\/users\/3285"}],"replies":[{"embeddable":true,"href":"https:\/\/bbaa.umh.es\/ca\/wp-json\/wp\/v2\/comments?post=1547"}],"version-history":[{"count":0,"href":"https:\/\/bbaa.umh.es\/ca\/wp-json\/wp\/v2\/pages\/1547\/revisions"}],"up":[{"embeddable":true,"href":"https:\/\/bbaa.umh.es\/ca\/wp-json\/wp\/v2\/pages\/84"}],"wp:attachment":[{"href":"https:\/\/bbaa.umh.es\/ca\/wp-json\/wp\/v2\/media?parent=1547"}],"curies":[{"name":"wp","href":"https:\/\/api.w.org\/{rel}","templated":true}]}}