{"id":1539,"date":"2015-10-22T12:46:33","date_gmt":"2015-10-22T10:46:33","guid":{"rendered":"http:\/\/bbaa.umh.es\/?page_id=1539"},"modified":"2026-02-19T09:28:52","modified_gmt":"2026-02-19T08:28:52","slug":"estudios","status":"publish","type":"page","link":"https:\/\/bbaa.umh.es\/ca\/grado\/estudios\/","title":{"rendered":"Plan de estudios"},"content":{"rendered":"<p><\/p>\n<h3 class=\"titulo-datos\">Plan de Estudios<\/h3>\n<h4>Menciones<\/h4>\n<ul>\n<li><a href=\"http:\/\/umh.es\/contenido\/Estudiantes\/:itinerario_133_1_2\/datos_es.html\">Grado en Bellas Artes &#8211; Artes Visuales y Dise\u00f1o<\/a><\/li>\n<li><a href=\"http:\/\/umh.es\/contenido\/Estudiantes\/:itinerario_133_1_1\/datos_es.html\">Grado en Bellas Artes &#8211; Artes Pl\u00e1sticas<\/a><\/li>\n<\/ul>\n<h4>Cr\u00e9ditos ECTS<\/h4>\n<ul>\n<li>B\u00e1sicas: 60.<\/li>\n<li>Obligatorias: 60.<\/li>\n<li>Optativas: 24<\/li>\n<li>Obligatorias de menci\u00f3n: 90.<\/li>\n<li>Trabajo Fin de Grado: 6.<\/li>\n<\/ul>\n<div class=\"caja-datos\">\n<h4>Asignaturas<\/h4>\n<h5>Curso 1: asignaturas b\u00e1sicas.<\/h5>\n<ul>\n<li>Primer semestre:\n<ul>\n<li><a href=\"https:\/\/www.umh.es\/contenido\/Estudios\/:asi_g_1051_N1\/datos_es.html\">DIBUJO B\u00c1SICO. INTRODUCCI\u00d3N A LA REPRESENTACI\u00d3N DE LAS FORMAS<\/a> &#8211; 6 cr\u00e9ditos<\/li>\n<li><a href=\"https:\/\/www.umh.es\/contenido\/Estudios\/:asi_g_1062_N1\/datos_es.html\">FORMA Y COLOR<\/a> &#8211; 6 cr\u00e9ditos<\/li>\n<li><a href=\"https:\/\/www.umh.es\/contenido\/Estudios\/:asi_g_1066_N1\/datos_es.html\">HISTORIA DEL ARTE<\/a> &#8211; 6 cr\u00e9ditos<\/li>\n<li><a href=\"https:\/\/www.umh.es\/contenido\/Estudios\/:asi_g_1058_N1\/datos_es.html\">LENGUAJES INFOGR\u00c1FICOS<\/a> &#8211; 6 cr\u00e9ditos<\/li>\n<li><a href=\"https:\/\/www.umh.es\/contenido\/Estudios\/:asi_g_1046_N1\/datos_es.html\">VOLUMEN ESCULT\u00d3RICO<\/a> &#8211; 6 cr\u00e9ditos<\/li>\n<\/ul>\n<\/li>\n<li>Segundo semestre:\n<ul>\n<li><a href=\"https:\/\/www.umh.es\/contenido\/Estudios\/:asi_g_1030_N1\/datos_es.html\">FUNDAMENTOS DE LA IMAGEN FOTOGR\u00c1FICA<\/a> &#8211; 6 cr\u00e9ditos<\/li>\n<li><a href=\"https:\/\/www.umh.es\/contenido\/Estudios\/:asi_g_1029_N1\/datos_es.html\">FUNDAMENTOS DE LAS T\u00c9CNICAS ESCULT\u00d3RICAS<\/a> &#8211; 6 cr\u00e9ditos<\/li>\n<li><a href=\"https:\/\/www.umh.es\/contenido\/Estudios\/:asi_g_1031_N1\/datos_es.html\">FUNDAMENTOS DE LAS T\u00c9CNICAS PICT\u00d3RICAS<\/a> &#8211; 6 cr\u00e9ditos<\/li>\n<li><a href=\"https:\/\/www.umh.es\/contenido\/Estudios\/:asi_g_1033_N1\/datos_es.html\">FUNDAMENTOS DEL DIBUJO<\/a> &#8211; 6 cr\u00e9ditos<\/li>\n<li><a href=\"https:\/\/www.umh.es\/contenido\/Estudios\/:asi_g_1028_N1\/datos_es.html\">TEOR\u00cdA DE LA COMUNICACI\u00d3N VISUAL<\/a>&nbsp;&#8211; 6 cr\u00e9ditos<\/li>\n<\/ul>\n<\/li>\n<\/ul>\n<h5>Curso 2: asignaturas obligatorias.<\/h5>\n<ul>\n<li>Primer semestre:\n<ul>\n<li><a href=\"https:\/\/www.umh.es\/contenido\/Estudios\/:asi_g_2109_N1\/datos_es.html\">DIBUJO MORFOL\u00d3GICO<\/a>&nbsp;&#8211; 6 cr\u00e9ditos<\/li>\n<li><a href=\"https:\/\/www.umh.es\/contenido\/Estudios\/:asi_g_2103_N1\/datos_es.html\">FUNDAMENTOS DE LA IMAGEN EN MOVIMIENTO<\/a>&nbsp;&#8211; 6 cr\u00e9ditos<\/li>\n<li><a href=\"https:\/\/www.umh.es\/contenido\/Estudios\/:asi_g_2106_N1\/datos_es.html\">PENSAMIENTO Y DISCURSO DEL ARTE<\/a>&nbsp;&#8211; 6 cr\u00e9ditos<\/li>\n<li><a href=\"https:\/\/www.umh.es\/contenido\/Estudios\/:asi_g_2107_N1\/datos_es.html\">SINTAXIS DE LA IMAGEN PICT\u00d3RICA<\/a> &#8211; 6 cr\u00e9ditos<\/li>\n<li><a href=\"https:\/\/www.umh.es\/contenido\/Estudios\/:asi_g_2108_N1\/datos_es.html\">SISTEMAS DE CONFIGURACI\u00d3N TRIDIMENSIONAL<\/a> &#8211; 6 cr\u00e9ditos<\/li>\n<\/ul>\n<\/li>\n<li>Segundo semestre:\n<ul>\n<li><a href=\"https:\/\/www.umh.es\/contenido\/Estudios\/:asi_g_2105_N1\/datos_es.html\">FUNDAMENTOS DEL MULTIMEDIA<\/a> &#8211; 4,5 cr\u00e9ditos<\/li>\n<li><a href=\"https:\/\/www.umh.es\/contenido\/Estudios\/:asi_g_2111_N1\/datos_es.html\">METODOLOG\u00cdA DEL LENGUAJE ESCULT\u00d3RICO<\/a> &#8211; 4,5 cr\u00e9ditos<\/li>\n<li><a href=\"https:\/\/www.umh.es\/contenido\/Estudios\/:asi_g_2112_N1\/datos_es.html\">SISTEMAS DE REPRESENTACI\u00d3N ESPACIAL<\/a> &#8211; 4,5 cr\u00e9ditos&nbsp;<\/li>\n<li><a href=\"https:\/\/www.umh.es\/contenido\/Estudios\/:asi_g_2113_N1\/datos_es.html\">TEOR\u00cdA DE LOS LENGUAJES<\/a> &#8211; 6 cr\u00e9ditos<\/li>\n<li><a href=\"https:\/\/www.umh.es\/contenido\/Estudios\/:asi_g_2104_N1\/datos_es.html\">TEOR\u00cdA Y BASES DEL DISE\u00d1O<\/a> &#8211; 4,5 cr\u00e9ditos<\/li>\n<li><a href=\"https:\/\/www.umh.es\/contenido\/Estudios\/:asi_g_2110_N1\/datos_es.html\">T\u00c9CNICAS DE COMPOSICI\u00d3N PICT\u00d3RICA<\/a> &#8211; 6 cr\u00e9ditos<\/li>\n<\/ul>\n<\/li>\n<\/ul>\n<h5>Curso 3: asignaturas obligatorias de menci\u00f3n.<\/h5>\n<ul>\n<li>Primer semestre:\n<ul>\n<li>Artes Pl\u00e1sticas\n<ul>\n<li><a href=\"https:\/\/www.umh.es\/contenido\/Estudios\/:asi_g_2117_N1\/datos_es.html\">DISE\u00d1O Y MONTAJE EXPOSITIVO<\/a> &#8211; 6 cr\u00e9ditos<\/li>\n<li><a href=\"https:\/\/www.umh.es\/contenido\/Estudios\/:asi_g_2115_N1\/datos_es.html\">OBRA GR\u00c1FICA Y ARTE SERIADO<\/a>&nbsp;&#8211; 6 cr\u00e9ditos<\/li>\n<li><a href=\"https:\/\/www.umh.es\/contenido\/Estudios\/:asi_g_2099_N1\/datos_es.html\">PROCEDIMIENTOS ESCULT\u00d3RICOS<\/a>&nbsp;&#8211; 6 cr\u00e9ditos<\/li>\n<li><a href=\"https:\/\/www.umh.es\/contenido\/Estudios\/:asi_g_2100_N1\/datos_es.html\">PROCEDIMIENTOS FOTOGR\u00c1FICOS<\/a>&nbsp;&#8211; 6 cr\u00e9ditos<\/li>\n<li><a href=\"https:\/\/www.umh.es\/contenido\/Estudios\/:asi_g_2119_N1\/datos_es.html\">PROCEDIMIENTOS PICT\u00d3RICOS<\/a> &#8211; 6 cr\u00e9ditos<\/li>\n<\/ul>\n<\/li>\n<li>Artes Visuales y Dise\u00f1o\n<ul>\n<li><a href=\"https:\/\/www.umh.es\/contenido\/Estudios\/:asi_g_2130_N1\/datos_es.html\">ANIMACI\u00d3N<\/a> &#8211; 4,5 cr\u00e9ditos<\/li>\n<li><a href=\"https:\/\/www.umh.es\/contenido\/Estudios\/:asi_g_3379_N1\/datos_es.html\">AUDIO DIGITAL<\/a> &#8211; 6 cr\u00e9ditos<\/li>\n<li><a href=\"https:\/\/www.umh.es\/contenido\/Estudios\/:asi_g_2127_N1\/datos_es.html\">DISE\u00d1O EDITORIAL<\/a> &#8211; 6 cr\u00e9ditos<\/li>\n<li><a href=\"https:\/\/www.umh.es\/contenido\/Estudios\/:asi_g_2125_N1\/datos_es.html\">DISE\u00d1O GR\u00c1FICO<\/a> &#8211; 7,5 cr\u00e9ditos<\/li>\n<li><a href=\"https:\/\/www.umh.es\/contenido\/Estudios\/:asi_g_2128_N1\/datos_es.html\">FOTOGRAF\u00cdA APLICADA AL DISE\u00d1O<\/a> &#8211; 6 cr\u00e9ditos<\/li>\n<\/ul>\n<\/li>\n<\/ul>\n<\/li>\n<li>Segundo semestre:\n<ul>\n<li>Artes Pl\u00e1sticas\n<ul>\n<li><a href=\"https:\/\/www.umh.es\/contenido\/Estudios\/:asi_g_2102_N1\/datos_es.html\">ESTRATEGIAS CREATIVAS DE LOS PROYECTOS ART\u00cdSTICOS<\/a> &#8211; 6 cr\u00e9ditos&nbsp;<\/li>\n<li><a href=\"https:\/\/www.umh.es\/contenido\/Estudios\/:asi_g_2114_N1\/datos_es.html\">ILUSTRACI\u00d3N<\/a>&nbsp;&#8211; 6 cr\u00e9ditos<\/li>\n<li><a href=\"https:\/\/www.umh.es\/contenido\/Estudios\/:asi_g_2098_N1\/datos_es.html\">INSTALACIONES<\/a>&nbsp;&#8211; 6 cr\u00e9ditos<\/li>\n<li><a href=\"https:\/\/www.umh.es\/contenido\/Estudios\/:asi_g_2118_N1\/datos_es.html\">PINTURA Y REPRESENTACI\u00d3N<\/a>&nbsp;&#8211; 6 cr\u00e9ditos<\/li>\n<li><a href=\"https:\/\/www.umh.es\/contenido\/Estudios\/:asi_g_2101_N1\/datos_es.html\">VIDEOARTE<\/a>&nbsp;&#8211; 6 cr\u00e9ditos<\/li>\n<\/ul>\n<\/li>\n<li>Artes Visuales y Dise\u00f1o\n<ul>\n<li><a href=\"https:\/\/www.umh.es\/contenido\/Estudios\/:asi_g_2126_N1\/datos_es.html\">DISE\u00d1O DE IDENTIDAD VISUAL<\/a>&nbsp;&#8211; 6 cr\u00e9ditos<\/li>\n<li><a href=\"https:\/\/www.umh.es\/contenido\/Estudios\/:asi_g_2131_N1\/datos_es.html\">DISE\u00d1O HIPERMEDIA<\/a>&nbsp;&#8211; 6 cr\u00e9ditos<\/li>\n<li><a href=\"https:\/\/www.umh.es\/contenido\/Estudios\/:asi_g_2124_N1\/datos_es.html\">FORMALIZACI\u00d3N ESPACIAL<\/a> &#8211; 4,5 cr\u00e9ditos&nbsp;<\/li>\n<li><a href=\"https:\/\/www.umh.es\/contenido\/Estudios\/:asi_g_2132_N1\/datos_es.html\">GRAFISMO DEL MEDIO AUDIOVISUAL<\/a>&nbsp;&#8211; 6 cr\u00e9ditos<\/li>\n<li><a href=\"https:\/\/www.umh.es\/contenido\/Estudios\/:asi_g_2133_N1\/datos_es.html\">LENGUAJES DEL MEDIO AUDIOVISUAL<\/a> &#8211; 7,5 cr\u00e9ditos<\/li>\n<\/ul>\n<\/li>\n<\/ul>\n<\/li>\n<\/ul>\n<h5>Curso 4.<\/h5>\n<ul>\n<li>Primer semestre: asignaturas obligatorias de menci\u00f3n.\n<ul>\n<li>Artes Pl\u00e1sticas\n<ul>\n<li><a href=\"https:\/\/www.umh.es\/contenido\/Estudios\/:asi_g_2116_N1\/datos_es.html\">GESTI\u00d3N DEL PROYECTO ART\u00cdSTICO<\/a>&nbsp;&#8211; 6 cr\u00e9ditos<\/li>\n<li><a href=\"https:\/\/www.umh.es\/contenido\/Estudios\/:asi_g_2123_N1\/datos_es.html\">PROYECTOS DE DIBUJO<\/a> &#8211; 6 cr\u00e9ditos<\/li>\n<li><a href=\"https:\/\/www.umh.es\/contenido\/Estudios\/:asi_g_2121_N1\/datos_es.html\">PROYECTOS ESCULT\u00d3RICOS<\/a> &#8211; 6 cr\u00e9ditos<\/li>\n<li><a href=\"https:\/\/www.umh.es\/contenido\/Estudios\/:asi_g_2120_N1\/datos_es.html\">PROYECTOS INTERMEDIA<\/a> &#8211; 6 cr\u00e9ditos<\/li>\n<li><a href=\"https:\/\/www.umh.es\/contenido\/Estudios\/:asi_g_2122_N1\/datos_es.html\">PROYECTOS PICT\u00d3RICOS<\/a> &#8211; 6 cr\u00e9ditos<\/li>\n<\/ul>\n<\/li>\n<li>Artes Visuales y Dise\u00f1o\n<ul>\n<li><a href=\"https:\/\/www.umh.es\/contenido\/Estudios\/:asi_g_2134_N1\/datos_es.html\">GESTI\u00d3N DE PROYECTOS AUDIOVISUALES Y DE DISE\u00d1O<\/a> &#8211; 6 cr\u00e9ditos<\/li>\n<li><a href=\"https:\/\/www.umh.es\/contenido\/Estudios\/:asi_g_2135_N1\/datos_es.html\">METODOLOG\u00cdA DE CREACI\u00d3N Y TRABAJO EN EQUIPO<\/a> &#8211; 6 cr\u00e9ditos<\/li>\n<li><a href=\"https:\/\/www.umh.es\/contenido\/Estudios\/:asi_g_2137_N1\/datos_es.html\">PROYECTO DE ESPACIOS FICCIONALES<\/a> &#8211; 4,5 cr\u00e9ditos<\/li>\n<li><a href=\"https:\/\/www.umh.es\/contenido\/Estudios\/:asi_g_2139_N1\/datos_es.html\">PROYECTOS AUDIOVISUALES<\/a> &#8211; 4,5&nbsp;cr\u00e9ditos<\/li>\n<li><a href=\"https:\/\/www.umh.es\/contenido\/Estudios\/:asi_g_2136_N1\/datos_es.html\">PROYECTOS DE DISE\u00d1O GR\u00c1FICO<\/a> &#8211; 4,5 cr\u00e9ditos<\/li>\n<li><a href=\"https:\/\/www.umh.es\/contenido\/Estudios\/:asi_g_2138_N1\/datos_es.html\">PROYECTOS TRANSMEDIA<\/a> &#8211; 4,5&nbsp;cr\u00e9ditos<\/li>\n<\/ul>\n<\/li>\n<\/ul>\n<\/li>\n<li>Segundo semestre: asignaturas optativas y Trabajo de Fin de Grado.\n<ul>\n<li>Artes Pl\u00e1sticas\n<ul>\n<li><a href=\"https:\/\/www.umh.es\/contenido\/Estudios\/:asi_g_2142_N1\/datos_es.html\">GRABADO EXPERIMENTAL Y OBJETUAL<\/a> &#8211; 6 cr\u00e9ditos<\/li>\n<li><a href=\"https:\/\/www.umh.es\/contenido\/Estudios\/:asi_g_2149_N1\/datos_es.html\">PINTURA EN EL \u00c1MBITO PUBLICO<\/a> &#8211; 4,5 cr\u00e9ditos<\/li>\n<li><a href=\"https:\/\/www.umh.es\/contenido\/Estudios\/:asi_g_2148_N1\/datos_es.html\">PINTURA Y LITERATURA<\/a> &#8211; 6 cr\u00e9ditos<\/li>\n<li><a href=\"https:\/\/www.umh.es\/contenido\/Estudios\/:asi_g_2141_N1\/datos_es.html\">PRODUCCI\u00d3N ART\u00cdSTICA EN EL CONTEXTO DE LA INDUSTRIA CULTURAL<\/a> &#8211; 6 cr\u00e9ditos<\/li>\n<li><a href=\"https:\/\/www.umh.es\/contenido\/Estudios\/:asi_g_2159_N1\/datos_es.html\">TRABAJO FIN DE GRADO. ARTES PL\u00c1STICAS<\/a> &#8211; 6 cr\u00e9ditos<\/li>\n<li><a href=\"https:\/\/www.umh.es\/contenido\/Estudios\/:asi_g_2157_N1\/datos_es.html\">T\u00c9CNICAS DE FUNDICI\u00d3N<\/a> &#8211; 7,5 cr\u00e9ditos<\/li>\n<\/ul>\n<\/li>\n<li>Artes Visuales y Dise\u00f1o\n<ul>\n<li><a href=\"https:\/\/www.umh.es\/contenido\/Estudios\/:asi_g_2154_N1\/datos_es.html\">DISE\u00d1O Y ESTRATEGIAS DE LOS VIDEOJUEGOS<\/a> &#8211; 4,5 cr\u00e9ditos<\/li>\n<li><a href=\"https:\/\/www.umh.es\/contenido\/Estudios\/:asi_g_2153_N1\/datos_es.html\">ESTRATEGIAS DE REPRODUCCI\u00d3N GR\u00c1FICA<\/a> &#8211; 6 cr\u00e9ditos<\/li>\n<li><a href=\"https:\/\/www.umh.es\/contenido\/Estudios\/:asi_g_2150_N1\/datos_es.html\">INTERVENCIONES ESPACIALES<\/a> &#8211; 4,5 cr\u00e9ditos<\/li>\n<li><a href=\"https:\/\/www.umh.es\/contenido\/Estudios\/:asi_g_2152_N1\/datos_es.html\">PROCEDIMIENTOS DE LAS ARTES GR\u00c1FICAS<\/a> &#8211; 4,5 cr\u00e9ditos&nbsp;<\/li>\n<li><a href=\"https:\/\/www.umh.es\/contenido\/Estudios\/:asi_g_3375_N1\/datos_es.html\">TRABAJO FIN DE GRADO. ARTES VISUALES Y DISE\u00d1O<\/a> &#8211; 6 cr\u00e9ditos<\/li>\n<li><a href=\"https:\/\/www.umh.es\/contenido\/Estudios\/:asi_g_2151_N1\/datos_es.html\">VISUALIZACI\u00d3N Y PRESENTACI\u00d3N DE PROYECTOS<\/a> &#8211; 4,5 cr\u00e9ditos<\/li>\n<\/ul>\n<\/li>\n<\/ul>\n<\/li>\n<\/ul>\n<\/div>\n<p><\/p>","protected":false},"excerpt":{"rendered":"<p>Plan de Estudios<br \/>\nMenciones<\/p>\n<p>Grado en Bellas Artes &#8211; Artes Visuales y Dise\u00f1o<br \/>\nGrado en Bellas Artes &#8211; Artes Pl\u00e1sticas<\/p>\n<p>Cr\u00e9ditos ECTS<\/p>\n<p>B\u00e1sicas: 60.<br \/>\nObligatorias: 60.<br \/>\nOptativas: 24<br \/>\nObligatorias de menci\u00f3n: 90.<br \/>\nTrabajo Fin de Grado: 6.<\/p>\n<p>Asignaturas<br \/>\nCurso 1: asignaturas b\u00e1sicas.<\/p>\n<p>Primer semestre:<\/p>\n<p>DIBUJO B\u00c1SICO. INTRODUCCI\u00d3N A LA REPRESENTACI\u00d3N DE LAS FORMAS &#8211; 6 cr\u00e9ditos<br \/>\nFORMA Y COLOR &#8211; 6 cr\u00e9ditos<br \/>\nHISTORIA DEL ARTE &#8211; 6 cr\u00e9ditos<br \/>\nLENGUAJES INFOGR\u00c1FICOS &#8211; [&#8230;]<\/p>\n","protected":false},"author":1094,"featured_media":0,"parent":29,"menu_order":1,"comment_status":"closed","ping_status":"open","template":"","meta":{"ngg_post_thumbnail":0,"_links_to":"","_links_to_target":""},"_links":{"self":[{"href":"https:\/\/bbaa.umh.es\/ca\/wp-json\/wp\/v2\/pages\/1539"}],"collection":[{"href":"https:\/\/bbaa.umh.es\/ca\/wp-json\/wp\/v2\/pages"}],"about":[{"href":"https:\/\/bbaa.umh.es\/ca\/wp-json\/wp\/v2\/types\/page"}],"author":[{"embeddable":true,"href":"https:\/\/bbaa.umh.es\/ca\/wp-json\/wp\/v2\/users\/1094"}],"replies":[{"embeddable":true,"href":"https:\/\/bbaa.umh.es\/ca\/wp-json\/wp\/v2\/comments?post=1539"}],"version-history":[{"count":0,"href":"https:\/\/bbaa.umh.es\/ca\/wp-json\/wp\/v2\/pages\/1539\/revisions"}],"up":[{"embeddable":true,"href":"https:\/\/bbaa.umh.es\/ca\/wp-json\/wp\/v2\/pages\/29"}],"wp:attachment":[{"href":"https:\/\/bbaa.umh.es\/ca\/wp-json\/wp\/v2\/media?parent=1539"}],"curies":[{"name":"wp","href":"https:\/\/api.w.org\/{rel}","templated":true}]}}