{"id":15,"date":"2011-09-05T06:57:39","date_gmt":"2011-09-05T04:57:39","guid":{"rendered":"http:\/\/bbaa.zeus.umh.es\/investigacion\/departamentos\/"},"modified":"2026-02-18T09:04:58","modified_gmt":"2026-02-18T08:04:58","slug":"departamentos","status":"publish","type":"page","link":"https:\/\/bbaa.umh.es\/ca\/presentacion\/departamentos\/","title":{"rendered":"Departaments"},"content":{"rendered":"<p><\/p>\n<h3><span dir=\"auto\" style=\"vertical-align: inherit\"><span dir=\"auto\" style=\"vertical-align: inherit\">Departaments amb doc\u00e8ncia a la Facultat de Belles Arts d&#8217;Altea<\/span><\/span><\/h3>\n<ul>\n<li><a href=\"http:\/\/www.umh.es\/contenido\/Universidad\/:uor_4267\/datos_es.html\"><span dir=\"auto\" style=\"vertical-align: inherit\"><span dir=\"auto\" style=\"vertical-align: inherit\">Departament d&#8217;Art<\/span><\/span><\/a><\/li>\n<li><a href=\"http:\/\/www.umh.es\/contenido\/Universidad\/:uor_12\/datos_es.html\"><span dir=\"auto\" style=\"vertical-align: inherit\"><span dir=\"auto\" style=\"vertical-align: inherit\">Departament d&#8217;Estad\u00edstica, Matem\u00e0tiques i Inform\u00e0tica<\/span><\/span><\/a><\/li>\n<li><a href=\"http:\/\/www.umh.es\/contenido\/Universidad\/:uor_4268\/datos_es.html\"><span dir=\"auto\" style=\"vertical-align: inherit\"><span dir=\"auto\" style=\"vertical-align: inherit\">Departament de Ci\u00e8ncies Socials i Humanes<\/span><\/span><\/a><\/li>\n<\/ul>\n<p><\/p>","protected":false},"excerpt":{"rendered":"<p>Departaments amb doc\u00e8ncia a la Facultat de Belles Arts d&#8217;Altea<\/p>\n<p>Departament d&#8217;Art<br \/>\nDepartament d&#8217;Estad\u00edstica, Matem\u00e0tiques i Inform\u00e0tica<br \/>\nDepartament de Ci\u00e8ncies Socials i Humanes<\/p>\n","protected":false},"author":1,"featured_media":0,"parent":3,"menu_order":4,"comment_status":"closed","ping_status":"closed","template":"","meta":{"ngg_post_thumbnail":0,"_links_to":"","_links_to_target":""},"_links":{"self":[{"href":"https:\/\/bbaa.umh.es\/ca\/wp-json\/wp\/v2\/pages\/15"}],"collection":[{"href":"https:\/\/bbaa.umh.es\/ca\/wp-json\/wp\/v2\/pages"}],"about":[{"href":"https:\/\/bbaa.umh.es\/ca\/wp-json\/wp\/v2\/types\/page"}],"author":[{"embeddable":true,"href":"https:\/\/bbaa.umh.es\/ca\/wp-json\/wp\/v2\/users\/1"}],"replies":[{"embeddable":true,"href":"https:\/\/bbaa.umh.es\/ca\/wp-json\/wp\/v2\/comments?post=15"}],"version-history":[{"count":0,"href":"https:\/\/bbaa.umh.es\/ca\/wp-json\/wp\/v2\/pages\/15\/revisions"}],"up":[{"embeddable":true,"href":"https:\/\/bbaa.umh.es\/ca\/wp-json\/wp\/v2\/pages\/3"}],"wp:attachment":[{"href":"https:\/\/bbaa.umh.es\/ca\/wp-json\/wp\/v2\/media?parent=15"}],"curies":[{"name":"wp","href":"https:\/\/api.w.org\/{rel}","templated":true}]}}