{"id":1489,"date":"2015-10-07T15:03:59","date_gmt":"2015-10-07T13:03:59","guid":{"rendered":"http:\/\/bbaa.umh.es\/?page_id=1489"},"modified":"2026-02-19T09:33:53","modified_gmt":"2026-02-19T08:33:53","slug":"blogs-asignaturas-de-grado-en-bellas-artes","status":"publish","type":"page","link":"https:\/\/bbaa.umh.es\/ca\/grado\/estudios\/blogs-asignaturas-de-grado-en-bellas-artes\/","title":{"rendered":"P\u00e0gines web d&#8217;assignatures"},"content":{"rendered":"<p><span dir=\"auto\" style=\"vertical-align: inherit\"><span dir=\"auto\" style=\"vertical-align: inherit\">BLOCS DE LES ASSIGNATURES DEL GRAU EN BELLES ARTS:<\/span><\/span><\/p>\n<ul>\n<li><span dir=\"auto\" style=\"vertical-align: inherit\"><span dir=\"auto\" style=\"vertical-align: inherit\">PRIMER:<\/span><\/span>\n<ul>\n<li><a href=\"http:\/\/umh1029.edu.umh.es\" target=\"_blank\" rel=\"noopener noreferrer\"><span dir=\"auto\" style=\"vertical-align: inherit\"><span dir=\"auto\" style=\"vertical-align: inherit\">FONAMENTS DE LES T\u00c8CNIQUES ESCULT\u00d2RIQUES<\/span><\/span><\/a><\/li>\n<li><a href=\"http:\/\/umh1046.edu.umh.es\" target=\"_blank\" rel=\"noopener noreferrer\"><span dir=\"auto\" style=\"vertical-align: inherit\"><span dir=\"auto\" style=\"vertical-align: inherit\">VOLUM ESCULT\u00d2RIC<\/span><\/span><\/a><\/li>\n<li><a href=\"http:\/\/umh1058.edu.umh.es\" target=\"_blank\" rel=\"noopener noreferrer\"><span dir=\"auto\" style=\"vertical-align: inherit\"><span dir=\"auto\" style=\"vertical-align: inherit\">LLENGUATGES INFOGR\u00c0FICS<\/span><\/span><\/a><\/li>\n<\/ul>\n<\/li>\n<li><span dir=\"auto\" style=\"vertical-align: inherit\"><span dir=\"auto\" style=\"vertical-align: inherit\">SEGON<\/span><\/span>\n<ul>\n<li><a href=\"http:\/\/umh2108.edu.umh.es\" target=\"_blank\" rel=\"noopener noreferrer\"><span dir=\"auto\" style=\"vertical-align: inherit\"><span dir=\"auto\" style=\"vertical-align: inherit\">SISTEMES DE CONFIGURACI\u00d3 TRIDIMENSIONAL<\/span><\/span><\/a><\/li>\n<li><a href=\"http:\/\/umh2107.edu.umh.es\" target=\"_blank\" rel=\"noopener noreferrer\"><span dir=\"auto\" style=\"vertical-align: inherit\"><span dir=\"auto\" style=\"vertical-align: inherit\">SINTAXIS DE LA IMATGE PICT\u00d2RICA<\/span><\/span><\/a><\/li>\n<li><a href=\"http:\/\/umh2110.edu.umh.es\" target=\"_blank\" rel=\"noopener noreferrer\"><span dir=\"auto\" style=\"vertical-align: inherit\"><span dir=\"auto\" style=\"vertical-align: inherit\">T\u00c8CNIQUES DE COMPOSICI\u00d3 PICT\u00d2RICA<\/span><\/span><\/a><\/li>\n<li><a href=\"http:\/\/umh2105.edu.umh.es\" target=\"_blank\" rel=\"noopener noreferrer\"><span dir=\"auto\" style=\"vertical-align: inherit\"><span dir=\"auto\" style=\"vertical-align: inherit\">FONAMENTS DEL MULTIM\u00c8DIA<\/span><\/span><\/a><\/li>\n<li><a href=\"http:\/\/umh2111.edu.umh.es\" target=\"_blank\" rel=\"noopener noreferrer\"><span dir=\"auto\" style=\"vertical-align: inherit\"><span dir=\"auto\" style=\"vertical-align: inherit\">METODOLOGIA DEL LLENGUATGE ESCULT\u00d2RIC<\/span><\/span><\/a><\/li>\n<\/ul>\n<\/li>\n<li><span dir=\"auto\" style=\"vertical-align: inherit\"><span dir=\"auto\" style=\"vertical-align: inherit\">TERCER<\/span><\/span>\n<ul>\n<li><a href=\"http:\/\/umh2131.edu.umh.es\/\" target=\"_blank\" rel=\"noopener noreferrer\"><span dir=\"auto\" style=\"vertical-align: inherit\"><span dir=\"auto\" style=\"vertical-align: inherit\">DISSENY HIPERM\u00c8DIA<\/span><\/span><\/a><\/li>\n<li><a href=\"http:\/\/umh2100.edu.umh.es\" target=\"_blank\" rel=\"noopener noreferrer\"><span dir=\"auto\" style=\"vertical-align: inherit\"><span dir=\"auto\" style=\"vertical-align: inherit\">PROCEDIMENTS FOTOGR\u00c0FICS<\/span><\/span><\/a><\/li>\n<li><a href=\"http:\/\/umh2102.edu.umh.es\" target=\"_blank\" rel=\"noopener noreferrer\"><span dir=\"auto\" style=\"vertical-align: inherit\"><span dir=\"auto\" style=\"vertical-align: inherit\">ESTRAT\u00c8GIES CREATIVES DELS PROJECTES ART\u00cdSTICS<\/span><\/span><\/a><\/li>\n<li><a href=\"http:\/\/umh2119.edu.umh.es\" target=\"_blank\" rel=\"noopener noreferrer\"><span dir=\"auto\" style=\"vertical-align: inherit\"><span dir=\"auto\" style=\"vertical-align: inherit\">PROCEDIMENTS PICT\u00d2RICS<\/span><\/span><\/a><\/li>\n<li><a href=\"http:\/\/umh2118.edu.umh.es\" target=\"_blank\" rel=\"noopener noreferrer\"><span dir=\"auto\" style=\"vertical-align: inherit\"><span dir=\"auto\" style=\"vertical-align: inherit\">PINTURA I REPRESENTACI\u00d3<\/span><\/span><\/a><\/li>\n<li><a href=\"http:\/\/umh2133.edu.umh.es\" target=\"_blank\" rel=\"noopener noreferrer\"><span dir=\"auto\" style=\"vertical-align: inherit\"><span dir=\"auto\" style=\"vertical-align: inherit\">LLENGUATGES DEL MEDI AUDIOVISUAL<\/span><\/span><\/a><\/li>\n<li><a href=\"http:\/\/umh2126.edu.umh.es\" target=\"_blank\" rel=\"noopener noreferrer\"><span dir=\"auto\" style=\"vertical-align: inherit\"><span dir=\"auto\" style=\"vertical-align: inherit\">DISSENY D&#8217;IDENTITAT VISUAL<\/span><\/span><\/a><\/li>\n<\/ul>\n<\/li>\n<li><span dir=\"auto\" style=\"vertical-align: inherit\"><span dir=\"auto\" style=\"vertical-align: inherit\">QUART<\/span><\/span>\n<ul>\n<li><a href=\"http:\/\/umh2120.edu.umh.es\/\" target=\"_blank\" rel=\"noopener noreferrer\"><span dir=\"auto\" style=\"vertical-align: inherit\"><span dir=\"auto\" style=\"vertical-align: inherit\">PROJECTES INTERMEDIA<\/span><\/span><\/a><\/li>\n<li><a href=\"http:\/\/umh2138.edu.umh.es\/\" target=\"_blank\" rel=\"noopener noreferrer\"><span dir=\"auto\" style=\"vertical-align: inherit\"><span dir=\"auto\" style=\"vertical-align: inherit\">PROJECTES TRANSM\u00c8DIA<\/span><\/span><\/a><\/li>\n<li><a href=\"http:\/\/umh2121.edu.umh.es\" target=\"_blank\" rel=\"noopener noreferrer\"><span dir=\"auto\" style=\"vertical-align: inherit\"><span dir=\"auto\" style=\"vertical-align: inherit\">PROJECTES ESCULT\u00d2RICS<\/span><\/span><\/a><\/li>\n<li><a href=\"http:\/\/umh2116.edu.umh.es\" target=\"_blank\" rel=\"noopener noreferrer\"><span dir=\"auto\" style=\"vertical-align: inherit\"><span dir=\"auto\" style=\"vertical-align: inherit\">GESTI\u00d3 DEL PROJECTE ART\u00cdSTIC<\/span><\/span><\/a><\/li>\n<li><a href=\"http:\/\/umh2149.edu.umh.es\" target=\"_blank\" rel=\"noopener noreferrer\"><span dir=\"auto\" style=\"vertical-align: inherit\"><span dir=\"auto\" style=\"vertical-align: inherit\">PINTURA A L&#8217;\u00c0MBIT P\u00daBLIC<\/span><\/span><\/a><\/li>\n<li><a href=\"http:\/\/umh2148.edu.umh.es\" target=\"_blank\" rel=\"noopener noreferrer\"><span dir=\"auto\" style=\"vertical-align: inherit\"><span dir=\"auto\" style=\"vertical-align: inherit\">PINTURA I LITERATURA<\/span><\/span><\/a><\/li>\n<li><a href=\"http:\/\/umh2135.edu.umh.es\" target=\"_blank\" rel=\"noopener noreferrer\"><span dir=\"auto\" style=\"vertical-align: inherit\"><span dir=\"auto\" style=\"vertical-align: inherit\">METODOLOGIA DE CREACI\u00d3 I TREBALL EN EQUIP<\/span><\/span><\/a><\/li>\n<li><a href=\"http:\/\/umh2151.edu.umh.es\" target=\"_blank\" rel=\"noopener noreferrer\"><span dir=\"auto\" style=\"vertical-align: inherit\"><span dir=\"auto\" style=\"vertical-align: inherit\">VISUALITZACI\u00d3 I PRESENTACI\u00d3 DE PROJECTES<\/span><\/span><\/a><\/li>\n<li><a href=\"http:\/\/umh2139.edu.umh.es\" target=\"_blank\" rel=\"noopener noreferrer\"><span dir=\"auto\" style=\"vertical-align: inherit\"><span dir=\"auto\" style=\"vertical-align: inherit\">PROJECTES AUDIOVISUALS<\/span><\/span><\/a><\/li>\n<li><a href=\"http:\/\/umh2159.edu.umh.es\" target=\"_blank\" rel=\"noopener noreferrer\"><span dir=\"auto\" style=\"vertical-align: inherit\"><span dir=\"auto\" style=\"vertical-align: inherit\">TREBALL FINAL DE GRAU<\/span><\/span><\/a><\/li>\n<\/ul>\n<\/li>\n<\/ul>\n<p><\/p>","protected":false},"excerpt":{"rendered":"<p>BLOCS DE LES ASSIGNATURES DEL GRAU EN BELLES ARTS:<\/p>\n<p>PRIMER:<\/p>\n<p>FONAMENTS DE LES T\u00c8CNIQUES ESCULT\u00d2RIQUES<br \/>\nVOLUM ESCULT\u00d2RIC<br \/>\nLLENGUATGES INFOGR\u00c0FICS<\/p>\n<p>SEGON<\/p>\n<p>SISTEMES DE CONFIGURACI\u00d3 TRIDIMENSIONAL<br \/>\nSINTAXIS DE LA IMATGE PICT\u00d2RICA<br \/>\nT\u00c8CNIQUES DE COMPOSICI\u00d3 PICT\u00d2RICA<br \/>\nFONAMENTS DEL MULTIM\u00c8DIA<br \/>\nMETODOLOGIA DEL LLENGUATGE ESCULT\u00d2RIC<\/p>\n<p>TERCER<\/p>\n<p>DISSENY HIPERM\u00c8DIA<br \/>\nPROCEDIMENTS FOTOGR\u00c0FICS<br \/>\nESTRAT\u00c8GIES CREATIVES DELS PROJECTES ART\u00cdSTICS<br \/>\nPROCEDIMENTS PICT\u00d2RICS<br \/>\nPINTURA I REPRESENTACI\u00d3<br \/>\nLLENGUATGES DEL MEDI AUDIOVISUAL<br \/>\nDISSENY D&#8217;IDENTITAT VISUAL<\/p>\n<p>QUART<\/p>\n<p>PROJECTES INTERMEDIA<br \/>\nPROJECTES TRANSM\u00c8DIA<br \/>\nPROJECTES ESCULT\u00d2RICS<br \/>\nGESTI\u00d3 DEL PROJECTE ART\u00cdSTIC<br \/>\nPINTURA A L&#8217;\u00c0MBIT P\u00daBLIC<br \/>\nPINTURA I LITERATURA<br \/>\nMETODOLOGIA [&#8230;]<\/p>\n","protected":false},"author":3285,"featured_media":0,"parent":1539,"menu_order":5,"comment_status":"closed","ping_status":"open","template":"","meta":{"ngg_post_thumbnail":0,"_links_to":"","_links_to_target":""},"_links":{"self":[{"href":"https:\/\/bbaa.umh.es\/ca\/wp-json\/wp\/v2\/pages\/1489"}],"collection":[{"href":"https:\/\/bbaa.umh.es\/ca\/wp-json\/wp\/v2\/pages"}],"about":[{"href":"https:\/\/bbaa.umh.es\/ca\/wp-json\/wp\/v2\/types\/page"}],"author":[{"embeddable":true,"href":"https:\/\/bbaa.umh.es\/ca\/wp-json\/wp\/v2\/users\/3285"}],"replies":[{"embeddable":true,"href":"https:\/\/bbaa.umh.es\/ca\/wp-json\/wp\/v2\/comments?post=1489"}],"version-history":[{"count":0,"href":"https:\/\/bbaa.umh.es\/ca\/wp-json\/wp\/v2\/pages\/1489\/revisions"}],"up":[{"embeddable":true,"href":"https:\/\/bbaa.umh.es\/ca\/wp-json\/wp\/v2\/pages\/1539"}],"wp:attachment":[{"href":"https:\/\/bbaa.umh.es\/ca\/wp-json\/wp\/v2\/media?parent=1489"}],"curies":[{"name":"wp","href":"https:\/\/api.w.org\/{rel}","templated":true}]}}