{"id":1426,"date":"2019-09-13T10:36:00","date_gmt":"2019-09-13T08:36:00","guid":{"rendered":"http:\/\/bbaa.umh.es\/?page_id=1426"},"modified":"2026-02-19T10:00:34","modified_gmt":"2026-02-19T09:00:34","slug":"master","status":"publish","type":"page","link":"https:\/\/bbaa.umh.es\/ca\/master\/","title":{"rendered":"M\u00e0sters"},"content":{"rendered":"<p><\/p>\n<h3><span dir=\"auto\" style=\"vertical-align: inherit\"><span dir=\"auto\" style=\"vertical-align: inherit\">MUPIA &#8211; M\u00e0ster en Projecte i Investigaci\u00f3 en Art&nbsp;<\/span><\/span><\/h3>\n<ul>\n<li><a href=\"https:\/\/mupia-masterbellasartes.umh.es\/\" target=\"_blank\" rel=\"noopener\"><span dir=\"auto\" style=\"vertical-align: inherit\"><span dir=\"auto\" style=\"vertical-align: inherit\">Blog del M\u00e0ster<\/span><\/span><\/a><\/li>\n<li><a href=\"http:\/\/www.umh.es\/contenido\/Estudios\/:tit_m_232\/datos_es.html\" target=\"_blank\" rel=\"noopener\"><span dir=\"auto\" style=\"vertical-align: inherit\"><span dir=\"auto\" style=\"vertical-align: inherit\">Informaci\u00f3 acad\u00e8mica<\/span><\/span><\/a><\/li>\n<li><a href=\"https:\/\/estudios.umh.es\/acceso\/masters\/preinscripcion\/\" target=\"_blank\" rel=\"noopener\"><span dir=\"auto\" style=\"vertical-align: inherit\"><span dir=\"auto\" style=\"vertical-align: inherit\">Proc\u00e9s de preinscripci\u00f3<\/span><\/span><\/a><\/li>\n<li><a href=\"https:\/\/masterbellasartes.umh.es\/horarios\/\" target=\"_blank\" rel=\"noopener\"><span dir=\"auto\" style=\"vertical-align: inherit\"><span dir=\"auto\" style=\"vertical-align: inherit\">Horaris i dates proposades per als ex\u00e0mens<\/span><\/span><\/a>&nbsp;<\/li>\n<li><a href=\"https:\/\/www.facebook.com\/pages\/Master-Universitario-en-Proyecto-e-Investigaci%C3%B3n-en-Arte-UMH-Altea\/296283717245326?ref=tn_tnmn\" target=\"_blank\" rel=\"noopener\"><span dir=\"auto\" style=\"vertical-align: inherit\"><span dir=\"auto\" style=\"vertical-align: inherit\">Facebook MUPIA<\/span><\/span><\/a><span dir=\"auto\" style=\"vertical-align: inherit\"><span dir=\"auto\" style=\"vertical-align: inherit\"> , amb not\u00edcies i informaci\u00f3 en relaci\u00f3 amb el M\u00e0ster<\/span><\/span><\/li>\n<\/ul>\n<h3><span dir=\"auto\" style=\"vertical-align: inherit\"><span dir=\"auto\" style=\"vertical-align: inherit\">MUECA &#8211; M\u00e0ster Universitari en Estudis Culturals i Arts Visuals (perspectives feministes i Queer\/Cuir)&nbsp;<\/span><\/span><\/h3>\n<ul>\n<li><a href=\"http:\/\/mueca.edu.umh.es\/\"><span dir=\"auto\" style=\"vertical-align: inherit\"><span dir=\"auto\" style=\"vertical-align: inherit\">Blog del M\u00e0ster<\/span><\/span><\/a><\/li>\n<li><a href=\"https:\/\/www.umh.es\/contenido\/Estudios\/:tit_m_261\/datos_es.html\"><span dir=\"auto\" style=\"vertical-align: inherit\"><span dir=\"auto\" style=\"vertical-align: inherit\">Informaci\u00f3 acad\u00e8mica<\/span><\/span><\/a><\/li>\n<li><a href=\"https:\/\/estudios.umh.es\/acceso\/masters\/preinscripcion\/\"><span dir=\"auto\" style=\"vertical-align: inherit\"><span dir=\"auto\" style=\"vertical-align: inherit\">Proc\u00e9s de preinscripci\u00f3<\/span><\/span><\/a><\/li>\n<li><a href=\"http:\/\/mueca.edu.umh.es\/plan-de-estudios\/\"><span dir=\"auto\" style=\"vertical-align: inherit\"><span dir=\"auto\" style=\"vertical-align: inherit\">Pla d&#8217;estudis MUECA<\/span><\/span><\/a><\/li>\n<li><a href=\"http:\/\/mueca.edu.umh.es\/profesorado\/\"><span dir=\"auto\" style=\"vertical-align: inherit\"><span dir=\"auto\" style=\"vertical-align: inherit\">Professorat MUECA<\/span><\/span><\/a><\/li>\n<li><a href=\"https:\/\/www.facebook.com\/mueca.umh\/\"><span dir=\"auto\" style=\"vertical-align: inherit\"><span dir=\"auto\" style=\"vertical-align: inherit\">Facebook MUECA<\/span><\/span><\/a><\/li>\n<li><a href=\"https:\/\/mueca.umh.es\/tablon\/\" target=\"_blank\" rel=\"noopener\"><span dir=\"auto\" style=\"vertical-align: inherit\"><span dir=\"auto\" style=\"vertical-align: inherit\">Convocat\u00f2ria beques del MUECA<\/span><\/span><\/a><span dir=\"auto\" style=\"vertical-align: inherit\"><span dir=\"auto\" style=\"vertical-align: inherit\"> .<\/span><\/span><\/li>\n<\/ul>\n<p><\/p>","protected":false},"excerpt":{"rendered":"<p>MUPIA &#8211; M\u00e0ster en Projecte i Investigaci\u00f3 en Art&nbsp;<\/p>\n<p>Blog del M\u00e0ster<br \/>\nInformaci\u00f3 acad\u00e8mica<br \/>\nProc\u00e9s de preinscripci\u00f3<br \/>\nHoraris i dates proposades per als ex\u00e0mens&nbsp;<br \/>\nFacebook MUPIA , amb not\u00edcies i informaci\u00f3 en relaci\u00f3 amb el M\u00e0ster<\/p>\n<p>MUECA &#8211; M\u00e0ster Universitari en Estudis Culturals i Arts Visuals (perspectives feministes i Queer\/Cuir)&nbsp;<\/p>\n<p>Blog del M\u00e0ster<br \/>\nInformaci\u00f3 acad\u00e8mica<br \/>\nProc\u00e9s de preinscripci\u00f3<br \/>\nPla d&#8217;estudis MUECA<br \/>\nProfessorat MUECA<br \/>\nFacebook MUECA<br \/>\nConvocat\u00f2ria beques del [&#8230;]<\/p>\n","protected":false},"author":199,"featured_media":0,"parent":0,"menu_order":3,"comment_status":"closed","ping_status":"open","template":"","meta":{"ngg_post_thumbnail":0,"_links_to":"","_links_to_target":""},"_links":{"self":[{"href":"https:\/\/bbaa.umh.es\/ca\/wp-json\/wp\/v2\/pages\/1426"}],"collection":[{"href":"https:\/\/bbaa.umh.es\/ca\/wp-json\/wp\/v2\/pages"}],"about":[{"href":"https:\/\/bbaa.umh.es\/ca\/wp-json\/wp\/v2\/types\/page"}],"author":[{"embeddable":true,"href":"https:\/\/bbaa.umh.es\/ca\/wp-json\/wp\/v2\/users\/199"}],"replies":[{"embeddable":true,"href":"https:\/\/bbaa.umh.es\/ca\/wp-json\/wp\/v2\/comments?post=1426"}],"version-history":[{"count":0,"href":"https:\/\/bbaa.umh.es\/ca\/wp-json\/wp\/v2\/pages\/1426\/revisions"}],"wp:attachment":[{"href":"https:\/\/bbaa.umh.es\/ca\/wp-json\/wp\/v2\/media?parent=1426"}],"curies":[{"name":"wp","href":"https:\/\/api.w.org\/{rel}","templated":true}]}}