{"id":1412,"date":"2020-02-28T12:00:52","date_gmt":"2020-02-28T11:00:52","guid":{"rendered":"http:\/\/bbaa.umh.es\/?page_id=1412"},"modified":"2026-02-18T09:25:21","modified_gmt":"2026-02-18T08:25:21","slug":"normativas","status":"publish","type":"page","link":"https:\/\/bbaa.umh.es\/ca\/presentacion\/solicitudes-y-normativas\/normativas\/","title":{"rendered":"Normatives"},"content":{"rendered":"<p><\/p>\n<h3><span dir=\"auto\" style=\"vertical-align: inherit\"><span dir=\"auto\" style=\"vertical-align: inherit\">Infraestructures docents de la Facultat.<\/span><\/span><\/h3>\n<ul>\n<li><a href=\"https:\/\/bbaa.umh.es\/files\/2021\/05\/Reglamento-para-el-uso-de-las-infraestructuras-docentes-2020.pdf\"><span dir=\"auto\" style=\"vertical-align: inherit\"><span dir=\"auto\" style=\"vertical-align: inherit\">Reglament per a l&#8217;\u00fas de les infraestructures docents de la Facultat 2020 (pdf)&nbsp;<\/span><\/span><\/a><\/li>\n<li><a href=\"https:\/\/bbaa.umh.es\/files\/2021\/04\/Protocolo-de-acceso-y-uso-de-boxes-para-estudiantes-de-M\u00e1ster.pdf\" target=\"_blank\" rel=\"noopener noreferrer\"><span dir=\"auto\" style=\"vertical-align: inherit\"><span dir=\"auto\" style=\"vertical-align: inherit\">Protocol d&#8217;acc\u00e9s i \u00fas de boxes per a estudiants de m\u00e0ster <\/span><\/span><\/a><a href=\"https:\/\/bbaa.umh.es\/files\/2021\/04\/Protocolo-pr\u00e1cticas-pre-uso.pdf\"><span dir=\"auto\" style=\"vertical-align: inherit\"><span dir=\"auto\" style=\"vertical-align: inherit\">(.pdf)<\/span><\/span><\/a><\/li>\n<li><a href=\"https:\/\/bbaa.umh.es\/files\/2021\/04\/Protocolo-pr\u00e1cticas-pre-uso.pdf\" target=\"_blank\" rel=\"noopener noreferrer\"><span dir=\"auto\" style=\"vertical-align: inherit\"><span dir=\"auto\" style=\"vertical-align: inherit\">Protocol de pr\u00e0ctiques pre-\u00fas (.pdf)<\/span><\/span><\/a><\/li>\n<\/ul>\n<h3><span dir=\"auto\" style=\"vertical-align: inherit\"><span dir=\"auto\" style=\"vertical-align: inherit\">Logos\u00edmbol del Campus d&#8217;Altea.<\/span><\/span><\/h3>\n<p><a href=\"https:\/\/bbaa.umh.es\/files\/2018\/04\/UMH-Logosi\u0301mbolo-Campus-de-Altea-MANUAL-DE-USO-1.pdf\"><span dir=\"auto\" style=\"vertical-align: inherit\"><span dir=\"auto\" style=\"vertical-align: inherit\">Manual d&#8217;\u00fas (.pdf)<\/span><\/span><\/a><\/p>\n<p><a href=\"https:\/\/bbaa.umh.es\/files\/2018\/04\/Logo-ALTEA.jpg\"><img loading=\"lazy\" class=\" wp-image-4538 alignnone\" src=\"https:\/\/bbaa.umh.es\/files\/2018\/04\/Logo-ALTEA-1024x570.jpg\" alt=\"\" width=\"494\" height=\"275\" srcset=\"https:\/\/bbaa.umh.es\/files\/2018\/04\/Logo-ALTEA-1024x570.jpg 1024w, https:\/\/bbaa.umh.es\/files\/2018\/04\/Logo-ALTEA-300x167.jpg 300w, https:\/\/bbaa.umh.es\/files\/2018\/04\/Logo-ALTEA-768x427.jpg 768w\" sizes=\"(max-width: 494px) 100vw, 494px\" \/><\/a><\/p>\n<h3><span dir=\"auto\" style=\"vertical-align: inherit\"><span dir=\"auto\" style=\"vertical-align: inherit\">Documents de sol\u00b7licitud i pr\u00e9stec [general]<\/span><\/span><\/h3>\n<p><span dir=\"auto\" style=\"vertical-align: inherit\"><span dir=\"auto\" style=\"vertical-align: inherit\">Atenci\u00f3 setmanal a l&#8217;alumnat per al proc\u00e9s de signatura de permisos de sol\u00b7licitud de material i espais de la nostra Facultat, segons la informaci\u00f3 recollida des de les \u00e0rees de dibuix, pintura i escultura.<\/span><\/span><\/p>\n<p><a href=\"https:\/\/bbaa.umh.es\/files\/2020\/02\/TABLA-I.-Permisos-complementarios-para-solicitud-material-espacios-2019-2020.pdf\" target=\"_blank\" rel=\"noopener noreferrer\"><span dir=\"auto\" style=\"vertical-align: inherit\"><span dir=\"auto\" style=\"vertical-align: inherit\">TAULA I. Permisos complementaris per a sol\u00b7licitud material-espais (.pdf)<\/span><\/span><\/a><\/p>\n<p><a href=\"https:\/\/bbaa.umh.es\/files\/2020\/02\/TABLA-I.-Permisos-complementarios-para-solicitud-material-espacios-2019-2020.jpg\"><img loading=\"lazy\" class=\"alignnone size-medium wp-image-6666\" src=\"https:\/\/bbaa.umh.es\/files\/2020\/02\/TABLA-I.-Permisos-complementarios-para-solicitud-material-espacios-2019-2020-300x212.jpg\" alt=\"\" width=\"300\" height=\"212\" srcset=\"https:\/\/bbaa.umh.es\/files\/2020\/02\/TABLA-I.-Permisos-complementarios-para-solicitud-material-espacios-2019-2020-300x212.jpg 300w, https:\/\/bbaa.umh.es\/files\/2020\/02\/TABLA-I.-Permisos-complementarios-para-solicitud-material-espacios-2019-2020-768x543.jpg 768w, https:\/\/bbaa.umh.es\/files\/2020\/02\/TABLA-I.-Permisos-complementarios-para-solicitud-material-espacios-2019-2020-1024x724.jpg 1024w\" sizes=\"(max-width: 300px) 100vw, 300px\" \/><\/a><\/p>\n<p><span dir=\"auto\" style=\"vertical-align: inherit\"><span dir=\"auto\" style=\"vertical-align: inherit\">A la taula s&#8217;ha indicat que aquestes accions les ha de realitzar normalment cada professor o professora de grup durant l&#8217;horari docent de les assignatures, i que l&#8217;\u00fas de la mateixa nom\u00e9s s&#8217;ha de donar quan hi hagi casos en qu\u00e8 l&#8217;alumnat necessita aquests permisos en dies i horari diferents al de l&#8217;assignatura.<\/span><\/span><\/p>\n<ul>\n<li><a href=\"https:\/\/bbaa.umh.es\/files\/2015\/09\/DOCUMENTO-I-ESPACIOS.docx\"><span dir=\"auto\" style=\"vertical-align: inherit\"><span dir=\"auto\" style=\"vertical-align: inherit\">DOCUMENT I ESPAIS (.docx)<\/span><\/span><\/a><\/li>\n<li><a href=\"https:\/\/bbaa.umh.es\/files\/2015\/09\/DOCUMENTO-III.docx\"><span dir=\"auto\" style=\"vertical-align: inherit\"><span dir=\"auto\" style=\"vertical-align: inherit\">DOCUMENT III (.docx)<\/span><\/span><\/a><\/li>\n<li><a href=\"https:\/\/bbaa.umh.es\/files\/2018\/09\/DOCUMENTO-IV-PRA\u0301CTICAS-PRE-USO_2017.docx\"><span dir=\"auto\" style=\"vertical-align: inherit\"><span dir=\"auto\" style=\"vertical-align: inherit\">DOCUMENT IV PR\u00c0CTIQUES PRE-\u00daS (.docx)<\/span><\/span><\/a><\/li>\n<li><a href=\"https:\/\/bbaa.umh.es\/files\/2015\/09\/DOCUMENTO-V-SOLICITUD-PRE-USO.docx\"><span dir=\"auto\" style=\"vertical-align: inherit\"><span dir=\"auto\" style=\"vertical-align: inherit\">DOCUMENT V SOL\u00b7LICITUD PRE-\u00daS (.docx)<\/span><\/span><\/a><\/li>\n<li><a href=\"https:\/\/bbaa.umh.es\/files\/2015\/09\/DOCUMENTO-VI-FIRMAS.docx\"><span dir=\"auto\" style=\"vertical-align: inherit\"><span dir=\"auto\" style=\"vertical-align: inherit\">DOCUMENT VI SIGNATURES (docx.)<\/span><\/span><\/a><\/li>\n<li><a href=\"https:\/\/bbaa.umh.es\/files\/2015\/09\/DOCUMENTO-VII-ALUMNOS-MA\u0301STER.docx\"><span dir=\"auto\" style=\"vertical-align: inherit\"><span dir=\"auto\" style=\"vertical-align: inherit\">DOCUMENT VII ALUMNES M\u00c0STER (.docx)<\/span><\/span><\/a><\/li>\n<li><a href=\"https:\/\/bbaa.umh.es\/files\/2015\/09\/DOCUMENTO-VIII-OTROS-ALUMNOS.docx\"><span dir=\"auto\" style=\"vertical-align: inherit\"><span dir=\"auto\" style=\"vertical-align: inherit\">DOCUMENT VIII ALTRES ALUMNES (.docx)<\/span><\/span><\/a><\/li>\n<li><a href=\"https:\/\/bbaa.umh.es\/files\/2015\/09\/DOCUMENTO-IX-AUTORIZACIO\u0301N-ESPECIAL.docx\"><span dir=\"auto\" style=\"vertical-align: inherit\"><span dir=\"auto\" style=\"vertical-align: inherit\">DOCUMENT IX AUTORITZACI\u00d3 ESPECIAL (.docx)<\/span><\/span><\/a><\/li>\n<li><a href=\"https:\/\/bbaa.umh.es\/files\/2015\/09\/DOCUMENTO-X-FICHAS-PRE-USO.docx\"><span dir=\"auto\" style=\"vertical-align: inherit\"><span dir=\"auto\" style=\"vertical-align: inherit\">DOCUMENT X FITXES PRE-\u00daS (.docx)<\/span><\/span><\/a><\/li>\n<li><a href=\"https:\/\/bbaa.umh.es\/files\/2015\/09\/DOCUMENTO-XI-PERMISO-PDI.docx\"><span dir=\"auto\" style=\"vertical-align: inherit\"><span dir=\"auto\" style=\"vertical-align: inherit\">DOCUMENT XI PERM\u00cdS PDI (.docx)<\/span><\/span><\/a><\/li>\n<li><a href=\"https:\/\/bbaa.umh.es\/files\/2015\/09\/DOCUMENTO-XII-PERMISO-BECARIO.docx\"><span dir=\"auto\" style=\"vertical-align: inherit\"><span dir=\"auto\" style=\"vertical-align: inherit\">DOCUMENT XII PERM\u00cdS BECARI (.docx)<\/span><\/span><\/a><\/li>\n<li><a href=\"https:\/\/bbaa.umh.es\/files\/2015\/06\/DOCUMENTO-XIII-PRE\u0301STAMO-MATERIAL-2017.pdf\"><span dir=\"auto\" style=\"vertical-align: inherit\"><span dir=\"auto\" style=\"vertical-align: inherit\">DOCUMENT XIII PR\u00c9STEC MATERIAL (.pdf)<\/span><\/span><\/a><\/li>\n<li><a href=\"https:\/\/bbaa.umh.es\/files\/2015\/06\/DOCUMENTO-XIV-PLATO\u0301-2017-1.pdf\"><span dir=\"auto\" style=\"vertical-align: inherit\"><span dir=\"auto\" style=\"vertical-align: inherit\">DOCUMENT XIV PLAT\u00d3, \u00c0UDIO I FOTO (.pdf)<\/span><\/span><\/a><\/li>\n<li><a href=\"https:\/\/bbaa.umh.es\/files\/2015\/09\/DOCUMENTO-XV-AULA-INFORMA\u0301TICA.docx\"><span dir=\"auto\" style=\"vertical-align: inherit\"><span dir=\"auto\" style=\"vertical-align: inherit\">DOCUMENT XV AULA INFORM\u00c0TICA (.docx)<\/span><\/span><\/a><\/li>\n<li><a href=\"https:\/\/bbaa.umh.es\/files\/2015\/09\/DOCUMENTO-XVI-ALMACENES.docx\"><span dir=\"auto\" style=\"vertical-align: inherit\"><span dir=\"auto\" style=\"vertical-align: inherit\">DOCUMENT XVI MAGATZEMS (.docx)<\/span><\/span><\/a><\/li>\n<li><a href=\"https:\/\/bbaa.umh.es\/files\/2018\/05\/DOC-XVII-PRE\u0301STAMO-MATERIAL-actualizado-mayo-2018.pdf\"><span dir=\"auto\" style=\"vertical-align: inherit\"><span dir=\"auto\" style=\"vertical-align: inherit\">DOC-XVII-PR\u00c9STEC-MATERIAL (.pdf)<\/span><\/span><\/a><\/li>\n<li><a href=\"https:\/\/bbaa.umh.es\/files\/2015\/06\/ACUERDO-DE-EXONERACIO\u0301N-DE-RESPONSABILIDAD-POR-EL-MANEJO-DE-HERRAMIENTAS-1.pdf\"><span dir=\"auto\" style=\"vertical-align: inherit\"><span dir=\"auto\" style=\"vertical-align: inherit\">DOCUMENT D&#8217;EXONERACI\u00d3 PER MANEIG D&#8217;EINES (.pdf)<\/span><\/span><\/a><span dir=\"auto\" style=\"vertical-align: inherit\"><span dir=\"auto\" style=\"vertical-align: inherit\"> (alumnes de grau i m\u00e0ster d&#8217;altres centres \/ Erasmus, Destino i S\u00e8neca)<\/span><\/span><\/li>\n<li><a href=\"https:\/\/bbaa.umh.es\/files\/2015\/09\/PERMISOS_ESPECIALES_PDI1.docx\"><span dir=\"auto\" style=\"vertical-align: inherit\"><span dir=\"auto\" style=\"vertical-align: inherit\">PERMISOS_ESPECIALS_PDI (.docx)<\/span><\/span><\/a><\/li>\n<li><a href=\"https:\/\/bbaa.umh.es\/files\/2015\/09\/PERMISOS_ESPECIALES_PDI.docx\"><strong><span dir=\"auto\" style=\"vertical-align: inherit\"><span dir=\"auto\" style=\"vertical-align: inherit\">Sol\u00b7licitud permisos especials Personal Docent i Investigador (.docx)<\/span><\/span><\/strong><\/a><\/li>\n<li><strong><a href=\"https:\/\/bbaa.umh.es\/files\/2015\/09\/SOLICITUD_ACCESO_BECARIOS.docx\"><span dir=\"auto\" style=\"vertical-align: inherit\"><span dir=\"auto\" style=\"vertical-align: inherit\">Sol\u00b7licitud acc\u00e9s becaris i bec\u00e0ries (.docx)<\/span><\/span><\/a><\/strong><\/li>\n<li><strong><a href=\"https:\/\/bbaa.umh.es\/files\/2015\/09\/AUTORIZACION_ESPECIAL_HERRAMIENTAS.docx\"><span dir=\"auto\" style=\"vertical-align: inherit\"><span dir=\"auto\" style=\"vertical-align: inherit\">Autoritzaci\u00f3 especial \u00fas de ferramentes (.docx)<\/span><\/span><\/a><\/strong><\/li>\n<li><strong><a href=\"https:\/\/bbaa.umh.es\/files\/2015\/09\/sol-espaciosfac_pROV.doc\"><span dir=\"auto\" style=\"vertical-align: inherit\"><span dir=\"auto\" style=\"vertical-align: inherit\">Sol\u00b7licitud d&#8217;\u00fas d&#8217;espais fora d&#8217;horari de classe o taller (.doc)<\/span><\/span><\/a><\/strong><\/li>\n<\/ul>\n<p><\/p>","protected":false},"excerpt":{"rendered":"<p>Infraestructures docents de la Facultat.<\/p>\n<p>Reglament per a l&#8217;\u00fas de les infraestructures docents de la Facultat 2020 (pdf)&nbsp;<br \/>\nProtocol d&#8217;acc\u00e9s i \u00fas de boxes per a estudiants de m\u00e0ster (.pdf)<br \/>\nProtocol de pr\u00e0ctiques pre-\u00fas (.pdf)<\/p>\n<p>Logos\u00edmbol del Campus d&#8217;Altea.<br \/>\nManual d&#8217;\u00fas (.pdf)<\/p>\n<p>Documents de sol\u00b7licitud i pr\u00e9stec [general]<br \/>\nAtenci\u00f3 setmanal a l&#8217;alumnat per al proc\u00e9s de signatura de permisos de sol\u00b7licitud de [&#8230;]<\/p>\n","protected":false},"author":949,"featured_media":0,"parent":84,"menu_order":2,"comment_status":"closed","ping_status":"open","template":"","meta":{"ngg_post_thumbnail":0,"_links_to":"","_links_to_target":""},"_links":{"self":[{"href":"https:\/\/bbaa.umh.es\/ca\/wp-json\/wp\/v2\/pages\/1412"}],"collection":[{"href":"https:\/\/bbaa.umh.es\/ca\/wp-json\/wp\/v2\/pages"}],"about":[{"href":"https:\/\/bbaa.umh.es\/ca\/wp-json\/wp\/v2\/types\/page"}],"author":[{"embeddable":true,"href":"https:\/\/bbaa.umh.es\/ca\/wp-json\/wp\/v2\/users\/949"}],"replies":[{"embeddable":true,"href":"https:\/\/bbaa.umh.es\/ca\/wp-json\/wp\/v2\/comments?post=1412"}],"version-history":[{"count":0,"href":"https:\/\/bbaa.umh.es\/ca\/wp-json\/wp\/v2\/pages\/1412\/revisions"}],"up":[{"embeddable":true,"href":"https:\/\/bbaa.umh.es\/ca\/wp-json\/wp\/v2\/pages\/84"}],"wp:attachment":[{"href":"https:\/\/bbaa.umh.es\/ca\/wp-json\/wp\/v2\/media?parent=1412"}],"curies":[{"name":"wp","href":"https:\/\/api.w.org\/{rel}","templated":true}]}}