{"id":1336,"date":"2020-09-23T09:06:40","date_gmt":"2020-09-23T07:06:40","guid":{"rendered":"http:\/\/bbaa.umh.es\/?page_id=1336"},"modified":"2026-02-19T09:38:22","modified_gmt":"2026-02-19T08:38:22","slug":"grupos","status":"publish","type":"page","link":"https:\/\/bbaa.umh.es\/ca\/grado\/grupos\/","title":{"rendered":"Grups"},"content":{"rendered":"<p><strong><span dir=\"auto\" style=\"vertical-align: inherit\"><span dir=\"auto\" style=\"vertical-align: inherit\">Organitzaci\u00f3 dels diferents cursos per grups, en torn de mat\u00ed o tarda.<\/span><\/span><\/strong><\/p>\n<p><span dir=\"auto\" style=\"vertical-align: inherit\"><span dir=\"auto\" style=\"vertical-align: inherit\">Publicaci\u00f3 de grups: <\/span><\/span><a href=\"https:\/\/docs.google.com\/spreadsheets\/d\/1H_s20E4yO97LOZSrLtkIKgLkTrmxbCIsEr88QQ94Pq4\/edit?usp=sharing\" target=\"_blank\" rel=\"noopener\"><span dir=\"auto\" style=\"vertical-align: inherit\"><span dir=\"auto\" style=\"vertical-align: inherit\">Llistat de grups del curs 2025-26<\/span><\/span><\/a><span dir=\"auto\" style=\"vertical-align: inherit\"><span dir=\"auto\" style=\"vertical-align: inherit\"> .<\/span><\/span><\/p>\n<p><span dir=\"auto\" style=\"vertical-align: inherit\"><span dir=\"auto\" style=\"vertical-align: inherit\">Els qui no apareguin en cap grup ho han de sol\u00b7licitar enviant un correu electr\u00f2nic a la seg\u00fcent adre\u00e7a: <\/span><\/span><a href=\"mailto:facultad.bellasartes@umh.es\"><span dir=\"auto\" style=\"vertical-align: inherit\"><span dir=\"auto\" style=\"vertical-align: inherit\">facultad.bellasartes@umh.es<\/span><\/span><\/a><span dir=\"auto\" style=\"vertical-align: inherit\"><span dir=\"auto\" style=\"vertical-align: inherit\"> .<\/span><\/span><\/p>\n<p><strong><span dir=\"auto\" style=\"vertical-align: inherit\"><span dir=\"auto\" style=\"vertical-align: inherit\">Estudiantat de PRIMER CURS<\/span><\/span><\/strong><span dir=\"auto\" style=\"vertical-align: inherit\"><span dir=\"auto\" style=\"vertical-align: inherit\"> : per a l&#8217;assignaci\u00f3 dels grups s&#8217;han tingut en compte, en la mesura que sigui possible, les prefer\u00e8ncies indicades, per\u00f2 a causa de l&#8217;organitzaci\u00f3 de la doc\u00e8ncia la Facultat es pot veure obligada a assignar grups en horari diferent dels seleccionats.<\/span><\/span><\/p>\n<p><strong><span dir=\"auto\" style=\"vertical-align: inherit\"><span dir=\"auto\" style=\"vertical-align: inherit\">Estudiantat de SEGON, TERCER I QUART CURS<\/span><\/span><\/strong><span dir=\"auto\" style=\"vertical-align: inherit\"><span dir=\"auto\" style=\"vertical-align: inherit\"> : en la mesura de la possible es mantenen al mateix grup assignat el curs anterior. Aix\u00f2 no obstant, en funci\u00f3 de la demanda dels itineraris, del nombre d&#8217;estudiants i de qualsevol altra q\u00fcesti\u00f3 organitzativa la Facultat podr\u00e0 realitzar els canvis que cregui convenient.<\/span><\/span><\/p>\n<p><span dir=\"auto\" style=\"vertical-align: inherit\"><span dir=\"auto\" style=\"vertical-align: inherit\">Sobre aquesta Resoluci\u00f3 es podr\u00e0 sol\u00b7licitar <\/span><\/span><strong><span dir=\"auto\" style=\"vertical-align: inherit\"><span dir=\"auto\" style=\"vertical-align: inherit\">permuta de grup<\/span><\/span><\/strong><span dir=\"auto\" style=\"vertical-align: inherit\"><span dir=\"auto\" style=\"vertical-align: inherit\"> (dos estudiants que es posen d&#8217;acord per intercanviar els seus grups) fins <\/span><\/span><strong><span dir=\"auto\" style=\"vertical-align: inherit\"><span dir=\"auto\" style=\"vertical-align: inherit\">al 19 de setembre<\/span><\/span><\/strong><span dir=\"auto\" style=\"vertical-align: inherit\"><span dir=\"auto\" style=\"vertical-align: inherit\"> , enviant a l&#8217;adre\u00e7a de correu electr\u00f2nic <\/span><\/span><a href=\"mailto:facultad.bellasartes@umh.es\"><span dir=\"auto\" style=\"vertical-align: inherit\"><span dir=\"auto\" style=\"vertical-align: inherit\">facultad.bellasartes@umh.es<\/span><\/span><\/a><span dir=\"auto\" style=\"vertical-align: inherit\"><span dir=\"auto\" style=\"vertical-align: inherit\"> el seg\u00fcent formulari degudament emplenat i signat: <\/span><\/span><a href=\"https:\/\/bbaa.umh.es\/files\/2025\/07\/00-Solicitud-permuta-de-grupo-formulario.pdf\"><span dir=\"auto\" style=\"vertical-align: inherit\"><span dir=\"auto\" style=\"vertical-align: inherit\">Sol\u00b7licitud permuta de grup (.pdf)<\/span><\/span><\/a><span dir=\"auto\" style=\"vertical-align: inherit\"><span dir=\"auto\" style=\"vertical-align: inherit\"> .<\/span><\/span><\/p>\n<p><span dir=\"auto\" style=\"vertical-align: inherit\"><span dir=\"auto\" style=\"vertical-align: inherit\">L&#8217;estudiantat inscrit en diferents assignatures optatives ha de revisar l&#8217;horari per si necessiten fer reajustament de matr\u00edcula.<\/span><\/span><\/p>\n<p><span dir=\"auto\" style=\"vertical-align: inherit\"><span dir=\"auto\" style=\"vertical-align: inherit\">Els qui estiguin en diferents assignatures de diversos cursos estaran inscrits al curs m\u00e9s avan\u00e7at i hauran de sol\u00b7licitar al professorat de les assignatures de cursos inferiors la seva inclusi\u00f3 en el grup que acordin.<\/span><\/span><\/p>\n<p><strong><span dir=\"auto\" style=\"vertical-align: inherit\"><span dir=\"auto\" style=\"vertical-align: inherit\">Procediment de sol\u00b7licitud de canvi de grup<\/span><\/span><\/strong><\/p>\n<p><span dir=\"auto\" style=\"vertical-align: inherit\"><span dir=\"auto\" style=\"vertical-align: inherit\">Els qui per causes justificades hagin de sol\u00b7licitar canvi de grup ho hauran de realitzar fins <\/span><\/span><strong><span dir=\"auto\" style=\"vertical-align: inherit\"><span dir=\"auto\" style=\"vertical-align: inherit\">al 19 de setembre<\/span><\/span><\/strong><span dir=\"auto\" style=\"vertical-align: inherit\"><span dir=\"auto\" style=\"vertical-align: inherit\"> &nbsp;a trav\u00e9s de la Seu Electr\u00f2nica de la UMH, mitjan\u00e7ant una <\/span><\/span><u><span dir=\"auto\" style=\"vertical-align: inherit\"><span dir=\"auto\" style=\"vertical-align: inherit\">Inst\u00e0ncia General<\/span><\/span><\/u><span dir=\"auto\" style=\"vertical-align: inherit\"><span dir=\"auto\" style=\"vertical-align: inherit\"> , i hauran d&#8217;adjuntar tant l&#8217;impr\u00e8s <\/span><\/span><a href=\"https:\/\/bbaa.umh.es\/files\/2025\/07\/00-Solicitud-de-cambio-de-grupo-formulario.pdf\"><span dir=\"auto\" style=\"vertical-align: inherit\"><span dir=\"auto\" style=\"vertical-align: inherit\">Sol\u00b7licitud de canvi de grup (.pdf)<\/span><\/span><\/a><span dir=\"auto\" style=\"vertical-align: inherit\"><span dir=\"auto\" style=\"vertical-align: inherit\"> &nbsp;com la documentaci\u00f3 que justifiqui la sol\u00b7licitud:<\/span><\/span><\/p>\n<ul>\n<li><span dir=\"auto\" style=\"vertical-align: inherit\"><span dir=\"auto\" style=\"vertical-align: inherit\">En cas de motius laborals nom\u00e9s s&#8217;admetran si s&#8217;adjunta el contracte de treball.<\/span><\/span><\/li>\n<li><span dir=\"auto\" style=\"vertical-align: inherit\"><span dir=\"auto\" style=\"vertical-align: inherit\">En cas de motius familiars, depend\u00e8ncia, malaltia\u2026 s&#8217;adjuntar\u00e0 un document m\u00e8dic de la Seguretat Social.<\/span><\/span><\/li>\n<li><span dir=\"auto\" style=\"vertical-align: inherit\"><span dir=\"auto\" style=\"vertical-align: inherit\">Altres casos: es detallar\u00e0 en un document la situaci\u00f3, que ser\u00e0 valorada per la Comissi\u00f3 de grups.<\/span><\/span><\/li>\n<\/ul>\n<p><strong><span dir=\"auto\" style=\"vertical-align: inherit\"><span dir=\"auto\" style=\"vertical-align: inherit\">CRITERIS D&#8217;ATENCI\u00d3 DE LES SOL\u00b7LICITUDS<\/span><\/span><\/strong><\/p>\n<p><span dir=\"auto\" style=\"vertical-align: inherit\"><span dir=\"auto\" style=\"vertical-align: inherit\">Es procurar\u00e0 atendre totes les sol\u00b7licituds, encara que en previsi\u00f3 que no sigui possible, s&#8217;utilitzaran els criteris seg\u00fcents:<\/span><\/span><\/p>\n<ul>\n<li><span dir=\"auto\" style=\"vertical-align: inherit\"><span dir=\"auto\" style=\"vertical-align: inherit\">Presentaci\u00f3 dins del termini. No s&#8217;atendran sol\u00b7licituds presentades fora de termini.<\/span><\/span><\/li>\n<li><span dir=\"auto\" style=\"vertical-align: inherit\"><span dir=\"auto\" style=\"vertical-align: inherit\">Justificaci\u00f3 de la prefer\u00e8ncia. Motius laborals, familiars (cura de persones dependents, maternitat\u2026) o altres, degudament documentats.<\/span><\/span><\/li>\n<li><span dir=\"auto\" style=\"vertical-align: inherit\"><span dir=\"auto\" style=\"vertical-align: inherit\">Disponibilitat de places al grup sol\u00b7licitat.<\/span><\/span><\/li>\n<\/ul>\n<p><\/p>","protected":false},"excerpt":{"rendered":"<p>Organitzaci\u00f3 dels diferents cursos per grups, en torn de mat\u00ed o tarda.<br \/>\nPublicaci\u00f3 de grups: Llistat de grups del curs 2025-26 .<br \/>\nEls qui no apareguin en cap grup ho han de sol\u00b7licitar enviant un correu electr\u00f2nic a la seg\u00fcent adre\u00e7a: facultad.bellasartes@umh.es .<br \/>\nEstudiantat de PRIMER CURS : per a l&#8217;assignaci\u00f3 dels grups s&#8217;han tingut en compte, en [&#8230;]<\/p>\n","protected":false},"author":303,"featured_media":0,"parent":29,"menu_order":3,"comment_status":"closed","ping_status":"open","template":"","meta":{"ngg_post_thumbnail":0,"_links_to":"","_links_to_target":""},"_links":{"self":[{"href":"https:\/\/bbaa.umh.es\/ca\/wp-json\/wp\/v2\/pages\/1336"}],"collection":[{"href":"https:\/\/bbaa.umh.es\/ca\/wp-json\/wp\/v2\/pages"}],"about":[{"href":"https:\/\/bbaa.umh.es\/ca\/wp-json\/wp\/v2\/types\/page"}],"author":[{"embeddable":true,"href":"https:\/\/bbaa.umh.es\/ca\/wp-json\/wp\/v2\/users\/303"}],"replies":[{"embeddable":true,"href":"https:\/\/bbaa.umh.es\/ca\/wp-json\/wp\/v2\/comments?post=1336"}],"version-history":[{"count":0,"href":"https:\/\/bbaa.umh.es\/ca\/wp-json\/wp\/v2\/pages\/1336\/revisions"}],"up":[{"embeddable":true,"href":"https:\/\/bbaa.umh.es\/ca\/wp-json\/wp\/v2\/pages\/29"}],"wp:attachment":[{"href":"https:\/\/bbaa.umh.es\/ca\/wp-json\/wp\/v2\/media?parent=1336"}],"curies":[{"name":"wp","href":"https:\/\/api.w.org\/{rel}","templated":true}]}}