{"id":11028,"date":"2024-05-06T09:49:21","date_gmt":"2024-05-06T07:49:21","guid":{"rendered":"https:\/\/bbaa.umh.es\/?page_id=11028"},"modified":"2026-02-19T09:14:28","modified_gmt":"2026-02-19T08:14:28","slug":"programa-de-ayuda-a-la-compra-de-materiales","status":"publish","type":"page","link":"https:\/\/bbaa.umh.es\/ca\/grado\/programa-de-ayuda-a-la-compra-de-materiales\/","title":{"rendered":"Programa d&#8217;ajuda a la compra de materials"},"content":{"rendered":"<p><\/p>\n<h3><span dir=\"auto\" style=\"vertical-align: inherit\"><span dir=\"auto\" style=\"vertical-align: inherit\">Obrim les portes al m\u00f3n de l&#8217;art amb l&#8217;Altea Programa d&#8217;ajuda a la compra de materials (MAPA)!<\/span><\/span><\/h3>\n<p><span style=\"text-decoration: underline\"><span dir=\"auto\" style=\"vertical-align: inherit\"><span dir=\"auto\" style=\"vertical-align: inherit\">El Campus d&#8217;Altea es complau a presentar l&#8217;Altea Programa d&#8217;Ajuda a la Compra de Materials (MAPA), una iniciativa \u00fanica a Espanya i pionera als estudis de Belles Arts dissenyada per donar suport a l&#8217;estudiantat de nou ingr\u00e9s al cam\u00ed creatiu.<\/span><\/span><\/span><\/p>\n<div style=\"width: 1080px;\" class=\"wp-video\"><video class=\"wp-video-shortcode\" id=\"video-11028-2\" width=\"1080\" height=\"1080\" poster=\"https:\/\/bbaa.umh.es\/files\/2024\/05\/1.png\" preload=\"metadata\" controls=\"controls\"><source type=\"video\/mp4\" src=\"https:\/\/bbaa.umh.es\/files\/2024\/05\/M.A.P.A_Altea-Programa-Ayuda-a-la-compra-de-Materiales-CAMPUS-DE-ALTEA.mp4?_=2\" \/><a href=\"https:\/\/bbaa.umh.es\/files\/2024\/05\/M.A.P.A_Altea-Programa-Ayuda-a-la-compra-de-Materiales-CAMPUS-DE-ALTEA.mp4\">https:\/\/bbaa.umh.es\/files\/2024\/05\/M.A.P.A_Altea-Programa-Ayuda-a-la-compra-de-Materiales-CAMPUS-DE-ALTEA.mp4<\/a><\/video><\/div>\n<h4>&nbsp;<\/h4>\n<h4><span dir=\"auto\" style=\"vertical-align: inherit\"><span dir=\"auto\" style=\"vertical-align: inherit\">En qu\u00e8 consisteix el MAPA?<\/span><\/span><\/h4>\n<p><span dir=\"auto\" style=\"vertical-align: inherit\"><span dir=\"auto\" style=\"vertical-align: inherit\">El MAPA ofereix a tot l&#8217;estudiantat de primer curs del Grau en Belles Arts l&#8217;oportunitat d&#8217;accedir a una \u00e0mplia gamma de materials essencials per desenvolupar el seu talent art\u00edstic, sense cap cost! Sent un programa liderat pel Departament d&#8217;Art i la Facultat de Belles Arts d&#8217;Altea per al curs vinent, que reflecteix el comprom\u00eds de la Universitat Miguel Hern\u00e1ndez amb l&#8217;excel\u00b7l\u00e8ncia en la formaci\u00f3 universit\u00e0ria.<\/span><\/span><\/p>\n<h4><span dir=\"auto\" style=\"vertical-align: inherit\"><span dir=\"auto\" style=\"vertical-align: inherit\">Quins materials inclou el MAPA?<\/span><\/span><\/h4>\n<p><span dir=\"auto\" style=\"vertical-align: inherit\"><span dir=\"auto\" style=\"vertical-align: inherit\">El Campus d&#8217;Altea proporcionar\u00e0 d&#8217;aquesta manera una \u00e0mplia gamma de materials de primer nivell, incloent: ARGILA, FUSTA, ALABASTRE, ESCAIOLA, ALGINAT, CARRETS FOTOGR\u00c0FICS, PAPER DE REVELAT, PAPER CONTINU, BLOCS A3 D&#8217;ESBO\u00c7, CARTONS CONTRACOLATS, CARTONS CONTRACOLATS, DIFUMINS, FIXADORS, TINTA, BASTIDORS, TELES DE LLEN\u00c7, I molts altres materials! necessaris per realitzar les activitats d&#8217;aprenentatge requerides a les assignatures de primer curs.<\/span><\/span><\/p>\n<h4><span dir=\"auto\" style=\"vertical-align: inherit\"><span dir=\"auto\" style=\"vertical-align: inherit\">Quins beneficis aporta el MAPA?<\/span><\/span><\/h4>\n<p><span dir=\"auto\" style=\"vertical-align: inherit\"><span dir=\"auto\" style=\"vertical-align: inherit\">Des de la Facultat de Belles Arts d&#8217;Altea s&#8217;espera que l&#8217;Altea Programa d&#8217;Ajuda a la compra de Materials ofereixi nombrosos beneficis com:<\/span><\/span><\/p>\n<ul>\n<li><strong><span dir=\"auto\" style=\"vertical-align: inherit\"><span dir=\"auto\" style=\"vertical-align: inherit\">Acc\u00e9s a materials d&#8217;alta qualitat i marques de reconegut prestigi<\/span><\/span><\/strong><span dir=\"auto\" style=\"vertical-align: inherit\"><span dir=\"auto\" style=\"vertical-align: inherit\"> . El nostre estudiantat treballar\u00e0 amb les millors marques i materials, permetent desenvolupar les seves habilitats art\u00edstiques al m\u00e0xim nivell.<\/span><\/span><\/li>\n<li><strong><span dir=\"auto\" style=\"vertical-align: inherit\"><span dir=\"auto\" style=\"vertical-align: inherit\">Reducci\u00f3 de costos<\/span><\/span><\/strong><span dir=\"auto\" style=\"vertical-align: inherit\"><span dir=\"auto\" style=\"vertical-align: inherit\"> . Amb el MAPA s&#8217;alleugereix la c\u00e0rrega econ\u00f2mica de compra de materials \u201cextres\u201d que s\u00f3n propis dels estudis art\u00edstics, cosa que permet que el nostre estudiantat se centri \u00fanicament en el seu aprenentatge.<\/span><\/span><\/li>\n<li><strong><span dir=\"auto\" style=\"vertical-align: inherit\"><span dir=\"auto\" style=\"vertical-align: inherit\">Foment de la creativitat i l&#8217;experimentaci\u00f3<\/span><\/span><\/strong><span dir=\"auto\" style=\"vertical-align: inherit\"><span dir=\"auto\" style=\"vertical-align: inherit\"> . L&#8217;\u00e0mplia varietat de materials disponibles de forma permanent als tallers i laboratoris estimula l&#8217;experimentaci\u00f3 art\u00edstica, i convida els nostres estudiants a explorar fomentant la seva pr\u00f2pia creativitat.<\/span><\/span><\/li>\n<li><strong><span dir=\"auto\" style=\"vertical-align: inherit\"><span dir=\"auto\" style=\"vertical-align: inherit\">Igualtat d&#8217;oportunitats<\/span><\/span><\/strong><span dir=\"auto\" style=\"vertical-align: inherit\"><span dir=\"auto\" style=\"vertical-align: inherit\"> . Tot l&#8217;estudiantat de primer curs tindr\u00e0 les mateixes possibilitats de desenvolupar el potencial art\u00edstic, independentment de la seva situaci\u00f3 econ\u00f2mica.<\/span><\/span><\/li>\n<\/ul>\n<p><strong><span dir=\"auto\" style=\"vertical-align: inherit\"><span dir=\"auto\" style=\"vertical-align: inherit\">El MAPA no requerir\u00e0 cap concurr\u00e8ncia i s&#8217;inclour\u00e0 en formalitzar la matr\u00edcula de nou ingr\u00e9s al Grau en Belles Arts de la Facultat de Belles Arts d&#8217;Altea.&nbsp;<\/span><\/span><\/strong><\/p>\n<p><span dir=\"auto\" style=\"vertical-align: inherit\"><span dir=\"auto\" style=\"vertical-align: inherit\">Per a m\u00e9s informaci\u00f3:<\/span><\/span><\/p>\n<ul>\n<li><strong><span dir=\"auto\" style=\"vertical-align: inherit\"><span dir=\"auto\" style=\"vertical-align: inherit\">Facultat de Belles Arts&nbsp;<\/span><\/span><\/strong><span dir=\"auto\" style=\"vertical-align: inherit\"><span dir=\"auto\" style=\"vertical-align: inherit\"> (Tel. 96 685 9123,&nbsp; <\/span><\/span><a href=\"mailto:facultad.bellasartes@umh.es\"><span dir=\"auto\" style=\"vertical-align: inherit\"><span dir=\"auto\" style=\"vertical-align: inherit\">facultad.bellasartes@umh.es<\/span><\/span><\/a><span dir=\"auto\" style=\"vertical-align: inherit\"><span dir=\"auto\" style=\"vertical-align: inherit\"> )&nbsp;<\/span><\/span><\/li>\n<li><strong><span dir=\"auto\" style=\"vertical-align: inherit\"><span dir=\"auto\" style=\"vertical-align: inherit\">Departament d&#8217;Art&nbsp;<\/span><\/span><\/strong><span dir=\"auto\" style=\"vertical-align: inherit\"><span dir=\"auto\" style=\"vertical-align: inherit\"> (Tel. 96 685 9118,&nbsp; <\/span><\/span><a href=\"mailto:dpto.arte@umh.es\"><span dir=\"auto\" style=\"vertical-align: inherit\"><span dir=\"auto\" style=\"vertical-align: inherit\">dpto.arte@umh.es<\/span><\/span><\/a><span dir=\"auto\" style=\"vertical-align: inherit\"><span dir=\"auto\" style=\"vertical-align: inherit\"> )&nbsp;<\/span><\/span><\/li>\n<li><strong><span dir=\"auto\" style=\"vertical-align: inherit\"><span dir=\"auto\" style=\"vertical-align: inherit\">Centre de Gesti\u00f3 del Campus d&#8217;Altea&nbsp;<\/span><\/span><\/strong><span dir=\"auto\" style=\"vertical-align: inherit\"><span dir=\"auto\" style=\"vertical-align: inherit\"> (Tel. 96 685 9131,&nbsp; <\/span><\/span><a href=\"mailto:cgc.altea@umh.es\"><span dir=\"auto\" style=\"vertical-align: inherit\"><span dir=\"auto\" style=\"vertical-align: inherit\">cgc.altea@umh.es<\/span><\/span><\/a><span dir=\"auto\" style=\"vertical-align: inherit\"><span dir=\"auto\" style=\"vertical-align: inherit\"> ).<\/span><\/span><\/li>\n<\/ul>\n<h4><a href=\"https:\/\/bbaa.umh.es\/files\/2024\/05\/M.A.P.A.-Cartel-reducido-1-scaled.jpg\" target=\"_blank\" rel=\"noopener\"><img loading=\"lazy\" class=\"aligncenter wp-image-11035 size-large\" src=\"https:\/\/bbaa.umh.es\/files\/2024\/05\/M.A.P.A.-Cartel-reducido-1-1024x562.jpg\" alt=\"\" width=\"1024\" height=\"562\" srcset=\"https:\/\/bbaa.umh.es\/files\/2024\/05\/M.A.P.A.-Cartel-reducido-1-1024x562.jpg 1024w, https:\/\/bbaa.umh.es\/files\/2024\/05\/M.A.P.A.-Cartel-reducido-1-300x165.jpg 300w, https:\/\/bbaa.umh.es\/files\/2024\/05\/M.A.P.A.-Cartel-reducido-1-768x422.jpg 768w, https:\/\/bbaa.umh.es\/files\/2024\/05\/M.A.P.A.-Cartel-reducido-1-1536x843.jpg 1536w, https:\/\/bbaa.umh.es\/files\/2024\/05\/M.A.P.A.-Cartel-reducido-1-2048x1124.jpg 2048w\" sizes=\"(max-width: 1024px) 100vw, 1024px\" \/><\/a><\/h4>\n<p><\/p>","protected":false},"excerpt":{"rendered":"<p>Obrim les portes al m\u00f3n de l&#8217;art amb l&#8217;Altea Programa d&#8217;ajuda a la compra de materials (MAPA)!<br \/>\nEl Campus d&#8217;Altea es complau a presentar l&#8217;Altea Programa d&#8217;Ajuda a la Compra de Materials (MAPA), una iniciativa \u00fanica a Espanya i pionera als estudis de Belles Arts dissenyada per donar suport a l&#8217;estudiantat de nou ingr\u00e9s al cam\u00ed [&#8230;]<\/p>\n","protected":false},"author":5222,"featured_media":0,"parent":29,"menu_order":0,"comment_status":"closed","ping_status":"closed","template":"","meta":{"ngg_post_thumbnail":0,"_links_to":"","_links_to_target":""},"_links":{"self":[{"href":"https:\/\/bbaa.umh.es\/ca\/wp-json\/wp\/v2\/pages\/11028"}],"collection":[{"href":"https:\/\/bbaa.umh.es\/ca\/wp-json\/wp\/v2\/pages"}],"about":[{"href":"https:\/\/bbaa.umh.es\/ca\/wp-json\/wp\/v2\/types\/page"}],"author":[{"embeddable":true,"href":"https:\/\/bbaa.umh.es\/ca\/wp-json\/wp\/v2\/users\/5222"}],"replies":[{"embeddable":true,"href":"https:\/\/bbaa.umh.es\/ca\/wp-json\/wp\/v2\/comments?post=11028"}],"version-history":[{"count":0,"href":"https:\/\/bbaa.umh.es\/ca\/wp-json\/wp\/v2\/pages\/11028\/revisions"}],"up":[{"embeddable":true,"href":"https:\/\/bbaa.umh.es\/ca\/wp-json\/wp\/v2\/pages\/29"}],"wp:attachment":[{"href":"https:\/\/bbaa.umh.es\/ca\/wp-json\/wp\/v2\/media?parent=11028"}],"curies":[{"name":"wp","href":"https:\/\/api.w.org\/{rel}","templated":true}]}}