{"id":108,"date":"2011-12-04T22:23:03","date_gmt":"2011-12-04T22:23:03","guid":{"rendered":"http:\/\/bbaa.umh.es\/movilidad\/programa-destino\/"},"modified":"2026-02-19T10:36:44","modified_gmt":"2026-02-19T09:36:44","slug":"programa-destino","status":"publish","type":"page","link":"https:\/\/bbaa.umh.es\/ca\/movilidad\/programa-destino\/","title":{"rendered":"Programa DESTINACI\u00d3"},"content":{"rendered":"<p><span dir=\"auto\" style=\"vertical-align: inherit\"><span dir=\"auto\" style=\"vertical-align: inherit\">Programa de mobilitat propi de la UMH adre\u00e7at a l&#8217;alumnat de Grau, per fer un per\u00edode dels seus estudis en universitats s\u00f2cies fora de la UE.&nbsp;<\/span><\/span><\/p>\n<p><span dir=\"auto\" style=\"vertical-align: inherit\"><span dir=\"auto\" style=\"vertical-align: inherit\">M\u00e9s informaci\u00f3 al bloc del Serveis de Relacions Internacionals:&nbsp; <\/span><\/span><a href=\"https:\/\/internacional.umh.es\/\"><span dir=\"auto\" style=\"vertical-align: inherit\"><span dir=\"auto\" style=\"vertical-align: inherit\">https:\/\/internacional.umh.es\/<\/span><\/span><\/a><\/p>","protected":false},"excerpt":{"rendered":"<p>Programa de mobilitat propi de la UMH adre\u00e7at a l&#8217;alumnat de Grau, per fer un per\u00edode dels seus estudis en universitats s\u00f2cies fora de la UE.&nbsp;<br \/>\nM\u00e9s informaci\u00f3 al bloc del Serveis de Relacions Internacionals:&nbsp; https:\/\/internacional.umh.es\/<\/p>\n","protected":false},"author":201,"featured_media":0,"parent":38,"menu_order":3,"comment_status":"closed","ping_status":"open","template":"","meta":{"ngg_post_thumbnail":0,"_links_to":"","_links_to_target":""},"_links":{"self":[{"href":"https:\/\/bbaa.umh.es\/ca\/wp-json\/wp\/v2\/pages\/108"}],"collection":[{"href":"https:\/\/bbaa.umh.es\/ca\/wp-json\/wp\/v2\/pages"}],"about":[{"href":"https:\/\/bbaa.umh.es\/ca\/wp-json\/wp\/v2\/types\/page"}],"author":[{"embeddable":true,"href":"https:\/\/bbaa.umh.es\/ca\/wp-json\/wp\/v2\/users\/201"}],"replies":[{"embeddable":true,"href":"https:\/\/bbaa.umh.es\/ca\/wp-json\/wp\/v2\/comments?post=108"}],"version-history":[{"count":0,"href":"https:\/\/bbaa.umh.es\/ca\/wp-json\/wp\/v2\/pages\/108\/revisions"}],"up":[{"embeddable":true,"href":"https:\/\/bbaa.umh.es\/ca\/wp-json\/wp\/v2\/pages\/38"}],"wp:attachment":[{"href":"https:\/\/bbaa.umh.es\/ca\/wp-json\/wp\/v2\/media?parent=108"}],"curies":[{"name":"wp","href":"https:\/\/api.w.org\/{rel}","templated":true}]}}