{"id":107,"date":"2011-12-04T22:14:45","date_gmt":"2011-12-04T22:14:45","guid":{"rendered":"http:\/\/bbaa.umh.es\/movilidad\/sicue\/"},"modified":"2026-02-19T10:29:49","modified_gmt":"2026-02-19T09:29:49","slug":"sicue","status":"publish","type":"page","link":"https:\/\/bbaa.umh.es\/ca\/movilidad\/sicue\/","title":{"rendered":"SICUE"},"content":{"rendered":"<p><span dir=\"auto\" style=\"vertical-align: inherit\"><span dir=\"auto\" style=\"vertical-align: inherit\">El programa SICUE (Sistema d&#8217;Intercanvi entre Centres Universitaris Espanyols) permet a l&#8217;estudiant de les universitats espanyoles poder fer una part dels estudis en una altra universitat diferent de la seva, amb garanties de reconeixement acad\u00e8mic i d&#8217;aprofitament, aix\u00ed com d&#8217;adequaci\u00f3 al perfil curricular. Aquest sistema dintercanvi t\u00e9 en compte el valor formatiu de lintercanvi, en fer possible que lestudiant experimenti sistemes docents diferents, inclosos el r\u00e8gim de pr\u00e0ctiques, aix\u00ed com els diferents aspectes socials i culturals daltres Autonomies i ciutats aut\u00f2nomes.<\/span><\/span><\/p>\n<p><span dir=\"auto\" style=\"vertical-align: inherit\"><span dir=\"auto\" style=\"vertical-align: inherit\">Per a m\u00e9s informaci\u00f3:&nbsp; <\/span><\/span><a href=\"https:\/\/internacional.umh.es\/\"><span dir=\"auto\" style=\"vertical-align: inherit\"><span dir=\"auto\" style=\"vertical-align: inherit\">https:\/\/internacional.umh.es\/<\/span><\/span><\/a><\/p>","protected":false},"excerpt":{"rendered":"<p>El programa SICUE (Sistema d&#8217;Intercanvi entre Centres Universitaris Espanyols) permet a l&#8217;estudiant de les universitats espanyoles poder fer una part dels estudis en una altra universitat diferent de la seva, amb garanties de reconeixement acad\u00e8mic i d&#8217;aprofitament, aix\u00ed com d&#8217;adequaci\u00f3 al perfil curricular. Aquest sistema dintercanvi t\u00e9 en compte el valor formatiu de lintercanvi, en [&#8230;]<\/p>\n","protected":false},"author":201,"featured_media":0,"parent":38,"menu_order":2,"comment_status":"closed","ping_status":"open","template":"","meta":{"ngg_post_thumbnail":0,"_links_to":"","_links_to_target":""},"_links":{"self":[{"href":"https:\/\/bbaa.umh.es\/ca\/wp-json\/wp\/v2\/pages\/107"}],"collection":[{"href":"https:\/\/bbaa.umh.es\/ca\/wp-json\/wp\/v2\/pages"}],"about":[{"href":"https:\/\/bbaa.umh.es\/ca\/wp-json\/wp\/v2\/types\/page"}],"author":[{"embeddable":true,"href":"https:\/\/bbaa.umh.es\/ca\/wp-json\/wp\/v2\/users\/201"}],"replies":[{"embeddable":true,"href":"https:\/\/bbaa.umh.es\/ca\/wp-json\/wp\/v2\/comments?post=107"}],"version-history":[{"count":0,"href":"https:\/\/bbaa.umh.es\/ca\/wp-json\/wp\/v2\/pages\/107\/revisions"}],"up":[{"embeddable":true,"href":"https:\/\/bbaa.umh.es\/ca\/wp-json\/wp\/v2\/pages\/38"}],"wp:attachment":[{"href":"https:\/\/bbaa.umh.es\/ca\/wp-json\/wp\/v2\/media?parent=107"}],"curies":[{"name":"wp","href":"https:\/\/api.w.org\/{rel}","templated":true}]}}