{"id":106,"date":"2020-06-04T22:02:58","date_gmt":"2020-06-04T20:02:58","guid":{"rendered":"http:\/\/bbaa.umh.es\/movilidad\/erasmus\/"},"modified":"2026-02-19T10:27:08","modified_gmt":"2026-02-19T09:27:08","slug":"erasmus","status":"publish","type":"page","link":"https:\/\/bbaa.umh.es\/ca\/movilidad\/erasmus\/","title":{"rendered":"ERASMUS"},"content":{"rendered":"<p><span dir=\"auto\" style=\"vertical-align: inherit\"><span dir=\"auto\" style=\"vertical-align: inherit\">El&nbsp; <\/span><\/span><strong><span dir=\"auto\" style=\"vertical-align: inherit\"><span dir=\"auto\" style=\"vertical-align: inherit\">Programa LLP\/ERASMUS<\/span><\/span><\/strong><span dir=\"auto\" style=\"vertical-align: inherit\"><span dir=\"auto\" style=\"vertical-align: inherit\"> possibilita la realitzaci\u00f3 d\u201fun per\u00edode d\u201festudis, de 3 a 9 mesos de durada, en una altra universitat europea, amb el reconeixement autom\u00e0tic de les qualificacions i estudis realitzats. Per fer-ho, l&#8217;estudiant haur\u00e0 d&#8217;emplenar un contracte acad\u00e8mic en qu\u00e8 detallar\u00e0 les assignatures a cursar en destinaci\u00f3 i que l&#8217;ha d&#8217;acceptar la instituci\u00f3 d&#8217;origen i de destinaci\u00f3, abans que l&#8217;estudiant faci l&#8217;estada. Accedeix al llistat: <\/span><\/span><a href=\"https:\/\/internacional.umh.es\/conocenos\/coordinadores-de-movilidad\/\"><span dir=\"auto\" style=\"vertical-align: inherit\"><span dir=\"auto\" style=\"vertical-align: inherit\">coordinadors de mobilitat de la UMH<\/span><\/span><\/a><span dir=\"auto\" style=\"vertical-align: inherit\"><span dir=\"auto\" style=\"vertical-align: inherit\"> .<\/span><\/span><\/p>\n<p><span dir=\"auto\" style=\"vertical-align: inherit\"><span dir=\"auto\" style=\"vertical-align: inherit\">Un cop us trobeu a la universitat estrangera, l&#8217;estudiant pot sol\u00b7licitar el canvi d&#8217;aquest contracte acad\u00e8mic en el cas que tingueu problemes amb les assignatures, els horaris, les dates d&#8217;impartici\u00f3, etc.<\/span><\/span><\/p>\n<p><span dir=\"auto\" style=\"vertical-align: inherit\"><span dir=\"auto\" style=\"vertical-align: inherit\">Al final de l&#8217;estada a l&#8217;estranger, la instituci\u00f3 d&#8217;acollida ha de remetre a l&#8217;estudiant Erasmus ia la instituci\u00f3 d&#8217;origen un certificat que ha completat el programa acordat i un informe dels resultats, aix\u00ed com un certificat d&#8217;estada amb les dates d&#8217;incorporaci\u00f3 i de partida de la instituci\u00f3 d&#8217;acollida.<\/span><\/span><\/p>\n<p><span dir=\"auto\" style=\"vertical-align: inherit\"><span dir=\"auto\" style=\"vertical-align: inherit\">A m\u00e9s d&#8217;aquesta modalitat, tamb\u00e9 \u00e9s possible la realitzaci\u00f3 de pr\u00e0ctiques a empreses estrangeres per un per\u00edode de 3 a 6 mesos.&nbsp;<\/span><\/span><\/p>\n<p><span dir=\"auto\" style=\"vertical-align: inherit\"><span dir=\"auto\" style=\"vertical-align: inherit\">Per a m\u00e9s informaci\u00f3: <\/span><\/span><a href=\"https:\/\/internacional.umh.es\/\"><span dir=\"auto\" style=\"vertical-align: inherit\"><span dir=\"auto\" style=\"vertical-align: inherit\">https:\/\/internacional.umh.es\/<\/span><\/span><\/a><\/p>","protected":false},"excerpt":{"rendered":"<p>El&nbsp; Programa LLP\/ERASMUS possibilita la realitzaci\u00f3 d\u201fun per\u00edode d\u201festudis, de 3 a 9 mesos de durada, en una altra universitat europea, amb el reconeixement autom\u00e0tic de les qualificacions i estudis realitzats. Per fer-ho, l&#8217;estudiant haur\u00e0 d&#8217;emplenar un contracte acad\u00e8mic en qu\u00e8 detallar\u00e0 les assignatures a cursar en destinaci\u00f3 i que l&#8217;ha d&#8217;acceptar la instituci\u00f3 d&#8217;origen [&#8230;]<\/p>\n","protected":false},"author":201,"featured_media":0,"parent":38,"menu_order":1,"comment_status":"closed","ping_status":"open","template":"","meta":{"ngg_post_thumbnail":0,"_links_to":"","_links_to_target":""},"_links":{"self":[{"href":"https:\/\/bbaa.umh.es\/ca\/wp-json\/wp\/v2\/pages\/106"}],"collection":[{"href":"https:\/\/bbaa.umh.es\/ca\/wp-json\/wp\/v2\/pages"}],"about":[{"href":"https:\/\/bbaa.umh.es\/ca\/wp-json\/wp\/v2\/types\/page"}],"author":[{"embeddable":true,"href":"https:\/\/bbaa.umh.es\/ca\/wp-json\/wp\/v2\/users\/201"}],"replies":[{"embeddable":true,"href":"https:\/\/bbaa.umh.es\/ca\/wp-json\/wp\/v2\/comments?post=106"}],"version-history":[{"count":0,"href":"https:\/\/bbaa.umh.es\/ca\/wp-json\/wp\/v2\/pages\/106\/revisions"}],"up":[{"embeddable":true,"href":"https:\/\/bbaa.umh.es\/ca\/wp-json\/wp\/v2\/pages\/38"}],"wp:attachment":[{"href":"https:\/\/bbaa.umh.es\/ca\/wp-json\/wp\/v2\/media?parent=106"}],"curies":[{"name":"wp","href":"https:\/\/api.w.org\/{rel}","templated":true}]}}